{"id":18293,"date":"2019-12-12T12:20:02","date_gmt":"2019-12-12T11:20:02","guid":{"rendered":"http:\/\/montreux-vieux.net\/?page_id=18293"},"modified":"2025-12-13T09:19:54","modified_gmt":"2025-12-13T08:19:54","slug":"capitaine-rein-joseph","status":"publish","type":"page","link":"https:\/\/montreux-vieux.net\/?page_id=18293","title":{"rendered":"Capitaine Rein Joseph"},"content":{"rendered":"\n<h3 class=\"wp-block-heading has-text-align-center\">Capitaine Rein Joseph<\/h3>\n\n\n<div class=\"wp-block-image is-resized\">\n<figure class=\"aligncenter size-large\"><img loading=\"lazy\" decoding=\"async\" width=\"1024\" height=\"701\" src=\"http:\/\/montreux-vieux.net\/montreux-vieux.net\/wp-content\/uploads\/2015\/06\/Num\u00e9riser00031-1024x701.jpg\" alt=\"\" class=\"wp-image-5998\" srcset=\"https:\/\/montreux-vieux.net\/montreux-vieux.net\/wp-content\/uploads\/2015\/06\/Num\u00e9riser00031-1024x701.jpg 1024w, https:\/\/montreux-vieux.net\/montreux-vieux.net\/wp-content\/uploads\/2015\/06\/Num\u00e9riser00031-300x206.jpg 300w, https:\/\/montreux-vieux.net\/montreux-vieux.net\/wp-content\/uploads\/2015\/06\/Num\u00e9riser00031-600x411.jpg 600w, https:\/\/montreux-vieux.net\/montreux-vieux.net\/wp-content\/uploads\/2015\/06\/Num\u00e9riser00031.jpg 1181w\" sizes=\"auto, (max-width: 1024px) 100vw, 1024px\" \/><figcaption class=\"wp-element-caption\">Le Capitaine Joseph Rein<\/figcaption><\/figure>\n<\/div>\n\n\n<h3 class=\"wp-block-heading\">Apr\u00e8s Th\u00e9ophile Huggenberger qui a \u00e9t\u00e9 durant 34 ans chef du Corps des sapeurs-pompiers de Montreux-Vieux c\u2019est Joseph Rein qui a repris le commandement. Il est  n\u00e9 \u00e0 Hagenbach le 15 mars 1928, il passe un C.A.P de m\u00e9canicien en 1948. Il a en premier lieu \u00e9t\u00e9 employ\u00e9 au Garage Mettey \u00e0 Belfort puis aux Ets Helminger  \u00e0 Montreux-Vieux en 1968 jusqu\u2019en 1988 ou il a pris sa retraite en qualit\u00e9 de responsable d\u2019atelier.<\/h3>\n\n\n\n<h3 class=\"wp-block-heading\">Il a d\u00e9but\u00e9 sa carri\u00e8re de sapeurs-pompiers  \u00e0 Hagenbach en 1942. A l\u2019\u00e9poque l\u2019occupant impose la constitution d\u2019un corps de sapeurs-pompiers \u00e0 Hagenbach. Comme les gar\u00e7ons de son \u00e2ge il est convoqu\u00e9 en mairie pour entrer \u00e0 la \u00ab Feuerwehr \u00bb. Il y resta jusqu\u2019en 1959. Il est nomm\u00e9 sergent le 1 er avril 1954 et le 20 janvier 1956 adjudant avec la fonction d\u2019adjoint au chef de corps.<\/h3>\n\n\n\n<h3 class=\"wp-block-heading\">Comme partout \u00e0 Hagenbach \u00e0 l\u2019\u00e9poque il y avait peu de moyens, quelques tuyaux et une pompe \u00e0 bras qu\u2019il fallait alimenter avec des seaux de main en main. Les exercices se faisaient \u00e0 l\u2019appel du clairon. Il fallait r\u00e9veiller les membres \u00e0 5 heures du matin m\u00eame en plein hiver pour appeler les hommes \u00e0 la manoeuvre. D\u00e9sign\u00e9 la veille, Joseph Rein avait appris la tonalit\u00e9 r\u00e9glementaire signifiant le rassemblement.<\/h3>\n\n\n\n<h3 class=\"wp-block-heading\">Il vient s\u2019installer \u00e0 Montreux-Vieux et entre au centre de secours le 29 mai 1964. Le 30 mars 1965 il prend le commandement du Corps. Apr\u00e8s avoir suivi plusieurs stages \u00e0 Bourtzwiller et \u00e0 Paris il a \u00e9t\u00e9 nomm\u00e9 lieutenant le 21 novembre 1966.<\/h3>\n\n\n\n<h3 class=\"wp-block-heading\">Il a connu toutes les \u00e9poques celle ou il fallait d\u2019abord trouver des points d\u2019eau dans les villages lors des sinistres  jusqu\u2019en 1970 sauf pour Montreux-Vieux et Chavannes-Sur-L\u2019Etang qui avaient un r\u00e9seau d\u2019eau potable. Ils devaient par exemple  \u00e9riger des barrages sur les rivi\u00e8res pour pomper l\u2019eau, ou alors aller  pomper l\u2019eau dans le \u00e9tangs etc. mais aussi la p\u00e9riode ou il n\u2019y avait qu\u2019un hangar pour ranger le mat\u00e9riel, puis le d\u00e9p\u00f4t d\u2019incendie et enfin la caserne. De la pompe \u00e0 bras il a pass\u00e9 \u00e0 la moto-pompe et au Fourgon Pompe Tonne.<\/h3>\n\n\n\n<h3 class=\"wp-block-heading\">Apr\u00e8s un total de 46 ans de bons et loyaux services Joseph Rein passe le commandement \u00e0 Daniel Bouchonnet le 4 septembre 1988, il est nomm\u00e9 capitaine honoraire. Il est d\u00e9c\u00e9d\u00e9 \u00e0 l\u2019\u00e2ge de 85 ans le 13 d\u00e9cembre 2013 la m\u00eame ann\u00e9e que son rempla\u00e7ant Daniel Bouchonnet d\u00e9c\u00e9d\u00e9 le 28 janvier 2013.<\/h3>\n\n\n\n<p><a href=\"https:\/\/www.facebook.com\/photo.php?fbid=3818002378274531&amp;set=gm.2773053726051357&amp;type=3&amp;eid=ARBXEwRBRqySjMhGzEpynETYay8xandk7pjnSNLLgksGOTljWfXmYph6L9Ap-0iCrBipiF4LWH0QuZIL&amp;ifg=1\"><\/a><\/p>\n\n\n\n<p><\/p>\n","protected":false},"excerpt":{"rendered":"<p>Capitaine Rein Joseph Apr\u00e8s Th\u00e9ophile Huggenberger qui a \u00e9t\u00e9 durant 34 ans chef du Corps des sapeurs-pompiers de Montreux-Vieux c\u2019est Joseph Rein qui a repris le commandement. Il est n\u00e9 \u00e0 Hagenbach le 15 mars 1928, il passe un C.A.P &hellip; <a href=\"https:\/\/montreux-vieux.net\/?page_id=18293\">Continuer la lecture <span class=\"meta-nav\">&rarr;<\/span><\/a><\/p>\n","protected":false},"author":1,"featured_media":0,"parent":4091,"menu_order":100,"comment_status":"closed","ping_status":"open","template":"","meta":{"footnotes":""},"class_list":["post-18293","page","type-page","status-publish","hentry"],"_links":{"self":[{"href":"https:\/\/montreux-vieux.net\/index.php?rest_route=\/wp\/v2\/pages\/18293","targetHints":{"allow":["GET"]}}],"collection":[{"href":"https:\/\/montreux-vieux.net\/index.php?rest_route=\/wp\/v2\/pages"}],"about":[{"href":"https:\/\/montreux-vieux.net\/index.php?rest_route=\/wp\/v2\/types\/page"}],"author":[{"embeddable":true,"href":"https:\/\/montreux-vieux.net\/index.php?rest_route=\/wp\/v2\/users\/1"}],"replies":[{"embeddable":true,"href":"https:\/\/montreux-vieux.net\/index.php?rest_route=%2Fwp%2Fv2%2Fcomments&post=18293"}],"version-history":[{"count":4,"href":"https:\/\/montreux-vieux.net\/index.php?rest_route=\/wp\/v2\/pages\/18293\/revisions"}],"predecessor-version":[{"id":28435,"href":"https:\/\/montreux-vieux.net\/index.php?rest_route=\/wp\/v2\/pages\/18293\/revisions\/28435"}],"up":[{"embeddable":true,"href":"https:\/\/montreux-vieux.net\/index.php?rest_route=\/wp\/v2\/pages\/4091"}],"wp:attachment":[{"href":"https:\/\/montreux-vieux.net\/index.php?rest_route=%2Fwp%2Fv2%2Fmedia&parent=18293"}],"curies":[{"name":"wp","href":"https:\/\/api.w.org\/{rel}","templated":true}]}}