{"id":18745,"date":"2020-01-25T10:44:31","date_gmt":"2020-01-25T09:44:31","guid":{"rendered":"http:\/\/montreux-vieux.net\/?page_id=18745"},"modified":"2020-01-25T10:44:31","modified_gmt":"2020-01-25T09:44:31","slug":"un-poeme-en-lhonneur-de-marlyse-zinck-ecrit-par-pia-en-janvier-2012","status":"publish","type":"page","link":"https:\/\/montreux-vieux.net\/?page_id=18745","title":{"rendered":"Un po\u00e8me en l\u2019honneur de Marlyse ZINCK, \u00e9crit par Pia en janvier 2012."},"content":{"rendered":"\n<div class=\"wp-block-image\"><figure class=\"aligncenter\"><img decoding=\"async\" src=\"http:\/\/montreux-vieux.net\/montreux-vieux.net\/wp-content\/uploads\/2019\/01\/ScreenShot1497.jpg\" alt=\"L\u2019attribut alt de cette image est vide, son nom de fichier est ScreenShot1497.jpg.\"\/><figcaption> Marlyse Zinck <\/figcaption><\/figure><\/div>\n\n\n\n<p> Avant la fin de l&rsquo;ann\u00e9e<br>Tu t&rsquo;en es all\u00e9e,<br>Discr\u00e8te comme \u00e0 ton habitude,<br>Digne et courageuse<br>Dans cette \u00e9preuve rude,<br>Madame Marlyse<br>Est-ce qu&rsquo;au ciel l\u00e0 haut<br>Tu vas fleurir les \u00e9glises<br>Du Seigneur vers qui vont tes pri\u00e8res ?<br>Je crois que tu vas faire d&rsquo;abord plein de bises<br>A ton mari Pierre. <\/p>\n\n\n\n<p> Pia <\/p>\n","protected":false},"excerpt":{"rendered":"<p>Avant la fin de l&rsquo;ann\u00e9eTu t&rsquo;en es all\u00e9e,Discr\u00e8te comme \u00e0 ton habitude,Digne et courageuseDans cette \u00e9preuve rude,Madame MarlyseEst-ce qu&rsquo;au ciel l\u00e0 hautTu vas fleurir les \u00e9glisesDu Seigneur vers qui vont tes pri\u00e8res ?Je crois que tu vas faire d&rsquo;abord plein &hellip; <a href=\"https:\/\/montreux-vieux.net\/?page_id=18745\">Continuer la lecture <span class=\"meta-nav\">&rarr;<\/span><\/a><\/p>\n","protected":false},"author":1,"featured_media":0,"parent":1467,"menu_order":15,"comment_status":"closed","ping_status":"open","template":"","meta":{"footnotes":""},"class_list":["post-18745","page","type-page","status-publish","hentry"],"_links":{"self":[{"href":"https:\/\/montreux-vieux.net\/index.php?rest_route=\/wp\/v2\/pages\/18745","targetHints":{"allow":["GET"]}}],"collection":[{"href":"https:\/\/montreux-vieux.net\/index.php?rest_route=\/wp\/v2\/pages"}],"about":[{"href":"https:\/\/montreux-vieux.net\/index.php?rest_route=\/wp\/v2\/types\/page"}],"author":[{"embeddable":true,"href":"https:\/\/montreux-vieux.net\/index.php?rest_route=\/wp\/v2\/users\/1"}],"replies":[{"embeddable":true,"href":"https:\/\/montreux-vieux.net\/index.php?rest_route=%2Fwp%2Fv2%2Fcomments&post=18745"}],"version-history":[{"count":1,"href":"https:\/\/montreux-vieux.net\/index.php?rest_route=\/wp\/v2\/pages\/18745\/revisions"}],"predecessor-version":[{"id":18746,"href":"https:\/\/montreux-vieux.net\/index.php?rest_route=\/wp\/v2\/pages\/18745\/revisions\/18746"}],"up":[{"embeddable":true,"href":"https:\/\/montreux-vieux.net\/index.php?rest_route=\/wp\/v2\/pages\/1467"}],"wp:attachment":[{"href":"https:\/\/montreux-vieux.net\/index.php?rest_route=%2Fwp%2Fv2%2Fmedia&parent=18745"}],"curies":[{"name":"wp","href":"https:\/\/api.w.org\/{rel}","templated":true}]}}