{"id":18751,"date":"2020-01-25T14:14:32","date_gmt":"2020-01-25T13:14:32","guid":{"rendered":"http:\/\/montreux-vieux.net\/?page_id=18751"},"modified":"2020-01-25T14:17:08","modified_gmt":"2020-01-25T13:17:08","slug":"les-impots-calcules-selon-la-grandeur-des-ouvertures-portes-et-fenetres","status":"publish","type":"page","link":"https:\/\/montreux-vieux.net\/?page_id=18751","title":{"rendered":"Les imp\u00f4ts calcul\u00e9s selon la grandeur des ouvertures, portes et fen\u00eatres"},"content":{"rendered":"\n<div class=\"wp-block-image\"><figure class=\"aligncenter\"><img decoding=\"async\" src=\"http:\/\/montreux-vieux.net\/montreux-vieux.net\/wp-content\/uploads\/2016\/02\/ScreenShot154.jpg\" alt=\"vieux b\u00e2timents de Montreux-Vieux\"\/><\/figure><\/div>\n\n\n\n<p>En 1826, l\u2019Alsace est fran\u00e7aise. L\u2019empire napol\u00e9onien a chut\u00e9 depuis 11 ans et Napol\u00e9on 1er est mort depuis 5 ans \u00e0 Sainte-H\u00e9l\u00e8ne. Charles X, fr\u00e8re de Louis XVIII et de Louis XVI, est roi depuis 1an.<\/p>\n\n\n\n<p>En ce temps-l\u00e0, les habitants payaient des contributions directes qui sont un ensemble de 4 imp\u00f4ts, dites les 4 vieilles, \u00e9tablies sous la R\u00e9volution :<\/p>\n\n\n\n<p>\u2013 contribution fonci\u00e8re, contribution personnelle et mobiliaire, portes et fen\u00eatres* et droit de patente**.<\/p>\n\n\n\n<p>*Portes et fen\u00eatres : cet imp\u00f4t \u00e9tait \u00e9tabli sur le nombre et la taille des portes et des fen\u00eatres et ne touchait que les propri\u00e9taires. Ceux-ci ne construisaient donc que des logements avec de tr\u00e8s petites ouvertures. Cet imp\u00f4t a perdur\u00e9 jusqu\u2019en 1917.<\/p>\n\n\n\n<p>**Droit de patente : la patente autorisait l\u2019exercice de certaines professions. Elle donnait \u00e0 la personne \u00e0 qui est elle accord\u00e9e, la facult\u00e9 d\u2019exercer, pendant le temps pour lequel elle a \u00e9t\u00e9 d\u00e9livr\u00e9e.<\/p>\n","protected":false},"excerpt":{"rendered":"<p>En 1826, l\u2019Alsace est fran\u00e7aise. L\u2019empire napol\u00e9onien a chut\u00e9 depuis 11 ans et Napol\u00e9on 1er est mort depuis 5 ans \u00e0 Sainte-H\u00e9l\u00e8ne. Charles X, fr\u00e8re de Louis XVIII et de Louis XVI, est roi depuis 1an. En ce temps-l\u00e0, les &hellip; <a href=\"https:\/\/montreux-vieux.net\/?page_id=18751\">Continuer la lecture <span class=\"meta-nav\">&rarr;<\/span><\/a><\/p>\n","protected":false},"author":1,"featured_media":0,"parent":13095,"menu_order":65,"comment_status":"closed","ping_status":"open","template":"","meta":{"footnotes":""},"class_list":["post-18751","page","type-page","status-publish","hentry"],"_links":{"self":[{"href":"https:\/\/montreux-vieux.net\/index.php?rest_route=\/wp\/v2\/pages\/18751","targetHints":{"allow":["GET"]}}],"collection":[{"href":"https:\/\/montreux-vieux.net\/index.php?rest_route=\/wp\/v2\/pages"}],"about":[{"href":"https:\/\/montreux-vieux.net\/index.php?rest_route=\/wp\/v2\/types\/page"}],"author":[{"embeddable":true,"href":"https:\/\/montreux-vieux.net\/index.php?rest_route=\/wp\/v2\/users\/1"}],"replies":[{"embeddable":true,"href":"https:\/\/montreux-vieux.net\/index.php?rest_route=%2Fwp%2Fv2%2Fcomments&post=18751"}],"version-history":[{"count":1,"href":"https:\/\/montreux-vieux.net\/index.php?rest_route=\/wp\/v2\/pages\/18751\/revisions"}],"predecessor-version":[{"id":18753,"href":"https:\/\/montreux-vieux.net\/index.php?rest_route=\/wp\/v2\/pages\/18751\/revisions\/18753"}],"up":[{"embeddable":true,"href":"https:\/\/montreux-vieux.net\/index.php?rest_route=\/wp\/v2\/pages\/13095"}],"wp:attachment":[{"href":"https:\/\/montreux-vieux.net\/index.php?rest_route=%2Fwp%2Fv2%2Fmedia&parent=18751"}],"curies":[{"name":"wp","href":"https:\/\/api.w.org\/{rel}","templated":true}]}}