{"id":19477,"date":"2020-05-23T16:21:29","date_gmt":"2020-05-23T15:21:29","guid":{"rendered":"http:\/\/montreux-vieux.net\/?page_id=19477"},"modified":"2020-05-23T16:22:40","modified_gmt":"2020-05-23T15:22:40","slug":"une-belle-photo-de-classe","status":"publish","type":"page","link":"https:\/\/montreux-vieux.net\/?page_id=19477","title":{"rendered":"Une belle photo de classe"},"content":{"rendered":"\n<figure class=\"wp-block-image\"><img decoding=\"async\" src=\"http:\/\/montreux-vieux.net\/montreux-vieux.net\/wp-content\/uploads\/2019\/05\/60795816_10157365183300956_1071097670333890560_n.jpg\" alt=\"L\u2019attribut alt de cette image est vide, son nom de fichier est 60795816_10157365183300956_1071097670333890560_n.jpg.\"\/><figcaption>classe de Cm1 Cm2 au temple \u00e9l\u00e8ves de 74-75<br>De gauche \u00e0 droite\u00a0<br>1er rang :Estelle Pequinot, Fran\u00e7ois Delhera, B\u00e9r\u00e9nice Legroux, St\u00e9phane Philipppe, M\u00e9lanie Schlaterer ?, Frank Mertzweiller\u00a0<br>2\u00e8me rang :Barbara Trabold, David Conduan, Cathy Korr, Nicolas Beck, Andr\u00e9e Clar, Gislaine Dorget ?, Fr\u00e9d\u00e9ric Marucci<br>3\u00e8me rang :Luc Beauseigneur, S\u00e9bastien Liote, Joan Mertzweiller, Abdelak Messiad, Nadia Kassama<br>4\u00e8me rang :\u00a0Linda Messiad, R\u00e9mi Bischoff, Riad Boulaya, Emmanuelle Racine, Olivier Hessmann ?<\/figcaption><\/figure>\n","protected":false},"excerpt":{"rendered":"","protected":false},"author":1,"featured_media":0,"parent":14472,"menu_order":40,"comment_status":"closed","ping_status":"open","template":"","meta":{"footnotes":""},"class_list":["post-19477","page","type-page","status-publish","hentry"],"_links":{"self":[{"href":"https:\/\/montreux-vieux.net\/index.php?rest_route=\/wp\/v2\/pages\/19477","targetHints":{"allow":["GET"]}}],"collection":[{"href":"https:\/\/montreux-vieux.net\/index.php?rest_route=\/wp\/v2\/pages"}],"about":[{"href":"https:\/\/montreux-vieux.net\/index.php?rest_route=\/wp\/v2\/types\/page"}],"author":[{"embeddable":true,"href":"https:\/\/montreux-vieux.net\/index.php?rest_route=\/wp\/v2\/users\/1"}],"replies":[{"embeddable":true,"href":"https:\/\/montreux-vieux.net\/index.php?rest_route=%2Fwp%2Fv2%2Fcomments&post=19477"}],"version-history":[{"count":2,"href":"https:\/\/montreux-vieux.net\/index.php?rest_route=\/wp\/v2\/pages\/19477\/revisions"}],"predecessor-version":[{"id":19479,"href":"https:\/\/montreux-vieux.net\/index.php?rest_route=\/wp\/v2\/pages\/19477\/revisions\/19479"}],"up":[{"embeddable":true,"href":"https:\/\/montreux-vieux.net\/index.php?rest_route=\/wp\/v2\/pages\/14472"}],"wp:attachment":[{"href":"https:\/\/montreux-vieux.net\/index.php?rest_route=%2Fwp%2Fv2%2Fmedia&parent=19477"}],"curies":[{"name":"wp","href":"https:\/\/api.w.org\/{rel}","templated":true}]}}