{"id":19577,"date":"2020-06-08T11:15:02","date_gmt":"2020-06-08T10:15:02","guid":{"rendered":"http:\/\/montreux-vieux.net\/?page_id=19577"},"modified":"2020-06-08T11:15:02","modified_gmt":"2020-06-08T10:15:02","slug":"les-rats-musques","status":"publish","type":"page","link":"https:\/\/montreux-vieux.net\/?page_id=19577","title":{"rendered":"LES RATS MUSQU\u00c9S"},"content":{"rendered":"\n<p>Les jours derniers, au village de Lutran, un champ entier de betteraves avait \u00e9t\u00e9 ravag\u00e9. Suivant la l\u00e9gislation le propri\u00e9taire du champ voulut faire payer les d\u00e9g\u00e2ts \u00e0 l\u2019adjudicataire de la chasse M&nbsp;; Munch de Montreux-Vieux donnant comme pr\u00e9texte que les li\u00e8vres ou les lapins lui avaient d\u00e9vor\u00e9s ses betteraves. &nbsp;<\/p>\n\n\n\n<p>H\u00e9las&nbsp;! c\u2019\u00e9taient les rats musqu\u00e9s, refusant de payer le montant des dommagesM. Munch renvoya le propri\u00e9taire devant l\u2019administration des Eaux et For\u00eats.<\/p>\n\n\n\n<h5 class=\"wp-block-heading\">&nbsp;Sources&nbsp;: Le R\u00e9publicain de Belfort&nbsp; 14 octobre 1933.<\/h5>\n\n\n\n<p><\/p>\n","protected":false},"excerpt":{"rendered":"<p>Les jours derniers, au village de Lutran, un champ entier de betteraves avait \u00e9t\u00e9 ravag\u00e9. Suivant la l\u00e9gislation le propri\u00e9taire du champ voulut faire payer les d\u00e9g\u00e2ts \u00e0 l\u2019adjudicataire de la chasse M&nbsp;; Munch de Montreux-Vieux donnant comme pr\u00e9texte que &hellip; <a href=\"https:\/\/montreux-vieux.net\/?page_id=19577\">Continuer la lecture <span class=\"meta-nav\">&rarr;<\/span><\/a><\/p>\n","protected":false},"author":1,"featured_media":0,"parent":13044,"menu_order":120,"comment_status":"closed","ping_status":"open","template":"","meta":{"footnotes":""},"class_list":["post-19577","page","type-page","status-publish","hentry"],"_links":{"self":[{"href":"https:\/\/montreux-vieux.net\/index.php?rest_route=\/wp\/v2\/pages\/19577","targetHints":{"allow":["GET"]}}],"collection":[{"href":"https:\/\/montreux-vieux.net\/index.php?rest_route=\/wp\/v2\/pages"}],"about":[{"href":"https:\/\/montreux-vieux.net\/index.php?rest_route=\/wp\/v2\/types\/page"}],"author":[{"embeddable":true,"href":"https:\/\/montreux-vieux.net\/index.php?rest_route=\/wp\/v2\/users\/1"}],"replies":[{"embeddable":true,"href":"https:\/\/montreux-vieux.net\/index.php?rest_route=%2Fwp%2Fv2%2Fcomments&post=19577"}],"version-history":[{"count":1,"href":"https:\/\/montreux-vieux.net\/index.php?rest_route=\/wp\/v2\/pages\/19577\/revisions"}],"predecessor-version":[{"id":19578,"href":"https:\/\/montreux-vieux.net\/index.php?rest_route=\/wp\/v2\/pages\/19577\/revisions\/19578"}],"up":[{"embeddable":true,"href":"https:\/\/montreux-vieux.net\/index.php?rest_route=\/wp\/v2\/pages\/13044"}],"wp:attachment":[{"href":"https:\/\/montreux-vieux.net\/index.php?rest_route=%2Fwp%2Fv2%2Fmedia&parent=19577"}],"curies":[{"name":"wp","href":"https:\/\/api.w.org\/{rel}","templated":true}]}}