{"id":19581,"date":"2020-06-08T12:55:27","date_gmt":"2020-06-08T11:55:27","guid":{"rendered":"http:\/\/montreux-vieux.net\/?page_id=19581"},"modified":"2020-06-08T12:55:27","modified_gmt":"2020-06-08T11:55:27","slug":"bagarre","status":"publish","type":"page","link":"https:\/\/montreux-vieux.net\/?page_id=19581","title":{"rendered":"Bagarre"},"content":{"rendered":"\n<p>MONTREUX-VIEUX.<\/p>\n\n\n\n<p>Pentina Antoine et Munch Emile, tons deux employ\u00e9s a la gare de Montreux Vieux. lie sont pas tr\u00e8s camarades, la 17 courant, le. premier qui avait f\u00eat\u00e9 Bacchus. a frapp\u00e9 le second avec une pompe de bicyclette. M\u00e9content Munch a port\u00e9 plainte<\/p>\n\n\n\n<h4 class=\"wp-block-heading\">Sources: L&rsquo;Express de Mulhouse  25 septembre 1922<\/h4>\n","protected":false},"excerpt":{"rendered":"<p>MONTREUX-VIEUX. Pentina Antoine et Munch Emile, tons deux employ\u00e9s a la gare de Montreux Vieux. lie sont pas tr\u00e8s camarades, la 17 courant, le. premier qui avait f\u00eat\u00e9 Bacchus. a frapp\u00e9 le second avec une pompe de bicyclette. M\u00e9content Munch &hellip; <a href=\"https:\/\/montreux-vieux.net\/?page_id=19581\">Continuer la lecture <span class=\"meta-nav\">&rarr;<\/span><\/a><\/p>\n","protected":false},"author":1,"featured_media":0,"parent":13044,"menu_order":125,"comment_status":"closed","ping_status":"open","template":"","meta":{"footnotes":""},"class_list":["post-19581","page","type-page","status-publish","hentry"],"_links":{"self":[{"href":"https:\/\/montreux-vieux.net\/index.php?rest_route=\/wp\/v2\/pages\/19581","targetHints":{"allow":["GET"]}}],"collection":[{"href":"https:\/\/montreux-vieux.net\/index.php?rest_route=\/wp\/v2\/pages"}],"about":[{"href":"https:\/\/montreux-vieux.net\/index.php?rest_route=\/wp\/v2\/types\/page"}],"author":[{"embeddable":true,"href":"https:\/\/montreux-vieux.net\/index.php?rest_route=\/wp\/v2\/users\/1"}],"replies":[{"embeddable":true,"href":"https:\/\/montreux-vieux.net\/index.php?rest_route=%2Fwp%2Fv2%2Fcomments&post=19581"}],"version-history":[{"count":1,"href":"https:\/\/montreux-vieux.net\/index.php?rest_route=\/wp\/v2\/pages\/19581\/revisions"}],"predecessor-version":[{"id":19582,"href":"https:\/\/montreux-vieux.net\/index.php?rest_route=\/wp\/v2\/pages\/19581\/revisions\/19582"}],"up":[{"embeddable":true,"href":"https:\/\/montreux-vieux.net\/index.php?rest_route=\/wp\/v2\/pages\/13044"}],"wp:attachment":[{"href":"https:\/\/montreux-vieux.net\/index.php?rest_route=%2Fwp%2Fv2%2Fmedia&parent=19581"}],"curies":[{"name":"wp","href":"https:\/\/api.w.org\/{rel}","templated":true}]}}