{"id":19583,"date":"2020-06-08T14:21:23","date_gmt":"2020-06-08T13:21:23","guid":{"rendered":"http:\/\/montreux-vieux.net\/?page_id=19583"},"modified":"2020-06-08T14:21:23","modified_gmt":"2020-06-08T13:21:23","slug":"un-cadavre-pres-de-la-frontiere-en-1896","status":"publish","type":"page","link":"https:\/\/montreux-vieux.net\/?page_id=19583","title":{"rendered":"Un cadavre pr\u00e8s de la fronti\u00e8re en 1896"},"content":{"rendered":"\n<p>Le saviez-vous&nbsp;? Un cadavre trouv\u00e9 pr\u00e8s de la fronti\u00e8re en&nbsp; 1896<\/p>\n\n\n\n<p>Belfort, 11 novembre 1896. L\u2019identit\u00e9 du cadavre trouv\u00e9 pr\u00e8s de la fronti\u00e8re \u00e0 pu \u00eatre enfin \u00e9tablie.<\/p>\n\n\n\n<p>Une personne attendue est arriv\u00e9e dans la matin\u00e9e &nbsp;de Paris et a formellement reconnu dans le cadavre celui de son fr\u00e8re, un jeune homme du nom d\u2019Adolphe Hulmann, appartenant \u00e0 une famille originaire d\u2019Ornans, dans le Doubs.<\/p>\n\n\n\n<p>Apr\u00e8s la mort du p\u00e8re, Mme Hulmann se retira A Gen\u00e8ve, sa situation de fortune \u00e9tait peu brillante. Les enfants furent \u00e9lev\u00e9s par les fr\u00e8res et s\u0153urs de Mme et de M Hulmann<\/p>\n\n\n\n<p>Adolphe Hulmann habitait avec sa tante \u00e0 Viney, dans l\u2019Is\u00e8re; son oncle, un nomm\u00e9 Bourguin, de Romagny (Alsace), lui avait \u00e9crit ces temps derniers pour lui dire de le rejoindre<\/p>\n\n\n\n<p>Il voulait lui faire apprendre le m\u00e9tier de menuisier. Adolphe Hulmann s\u2019\u00e9tait mis en route la semaine derni\u00e8re.<\/p>\n\n\n\n<p>Arriv\u00e9 \u00e0 Belfort &nbsp;vendredi matin, il &nbsp;avait pris un billet pour Montreux-Vieux, premi\u00e8re gare alsacienne.<\/p>\n\n\n\n<p>De Montreux-Vieux, on perd ses traces, mais &nbsp;il y a tout lieu de supposer que le jeune Hulmann devant faire trajet de Montreux-Vieux \u00e0 Romagny \u00e0 pied a \u00e9t\u00e9 assassin\u00e9 sur la roule et que son cadavre a \u00e9t\u00e9 port\u00e9 par le meurtrier sur le territoire &nbsp;fran\u00e7ais pour d\u00e9pister les soup\u00e7ons.<\/p>\n\n\n\n<p>Par le fait, la justice fran\u00e7aise sera probablement dessaisie de cette affaire.<\/p>\n\n\n\n<p>Sources&nbsp;: L\u2019Estafette 13 novembre 1896<\/p>\n","protected":false},"excerpt":{"rendered":"<p>Le saviez-vous&nbsp;? Un cadavre trouv\u00e9 pr\u00e8s de la fronti\u00e8re en&nbsp; 1896 Belfort, 11 novembre 1896. L\u2019identit\u00e9 du cadavre trouv\u00e9 pr\u00e8s de la fronti\u00e8re \u00e0 pu \u00eatre enfin \u00e9tablie. Une personne attendue est arriv\u00e9e dans la matin\u00e9e &nbsp;de Paris et a &hellip; <a href=\"https:\/\/montreux-vieux.net\/?page_id=19583\">Continuer la lecture <span class=\"meta-nav\">&rarr;<\/span><\/a><\/p>\n","protected":false},"author":1,"featured_media":0,"parent":13044,"menu_order":130,"comment_status":"closed","ping_status":"open","template":"","meta":{"footnotes":""},"class_list":["post-19583","page","type-page","status-publish","hentry"],"_links":{"self":[{"href":"https:\/\/montreux-vieux.net\/index.php?rest_route=\/wp\/v2\/pages\/19583","targetHints":{"allow":["GET"]}}],"collection":[{"href":"https:\/\/montreux-vieux.net\/index.php?rest_route=\/wp\/v2\/pages"}],"about":[{"href":"https:\/\/montreux-vieux.net\/index.php?rest_route=\/wp\/v2\/types\/page"}],"author":[{"embeddable":true,"href":"https:\/\/montreux-vieux.net\/index.php?rest_route=\/wp\/v2\/users\/1"}],"replies":[{"embeddable":true,"href":"https:\/\/montreux-vieux.net\/index.php?rest_route=%2Fwp%2Fv2%2Fcomments&post=19583"}],"version-history":[{"count":1,"href":"https:\/\/montreux-vieux.net\/index.php?rest_route=\/wp\/v2\/pages\/19583\/revisions"}],"predecessor-version":[{"id":19584,"href":"https:\/\/montreux-vieux.net\/index.php?rest_route=\/wp\/v2\/pages\/19583\/revisions\/19584"}],"up":[{"embeddable":true,"href":"https:\/\/montreux-vieux.net\/index.php?rest_route=\/wp\/v2\/pages\/13044"}],"wp:attachment":[{"href":"https:\/\/montreux-vieux.net\/index.php?rest_route=%2Fwp%2Fv2%2Fmedia&parent=19583"}],"curies":[{"name":"wp","href":"https:\/\/api.w.org\/{rel}","templated":true}]}}