{"id":19591,"date":"2020-06-08T14:42:32","date_gmt":"2020-06-08T13:42:32","guid":{"rendered":"http:\/\/montreux-vieux.net\/?page_id=19591"},"modified":"2020-06-08T14:42:32","modified_gmt":"2020-06-08T13:42:32","slug":"le-tronc-de-leglise-fracture-en-1888","status":"publish","type":"page","link":"https:\/\/montreux-vieux.net\/?page_id=19591","title":{"rendered":"Le tronc de l&rsquo;\u00e9glise fractur\u00e9 en 1888"},"content":{"rendered":"\n<p>Alt &#8211; M\u00fcnsterol (Montreux &#8211; Vieux), 21 juin.1888 \u2014 Ou nous \u00e9crit: Le tronc de l&rsquo;\u00e9glise de Montreux-Vieux vient d\u2019\u00eatre fractur\u00e9. L auteur de ce crime, un jeune homme do 19 ans a imm\u00e9diatement \u00e9t\u00e9 d\u00e9couvert et arr\u00eat\u00e9. On a retrouv\u00e9 sur lui 9 fausses clefs, 2 pinces et des ciseaux \u00e0 froid. La somme vole n\u2019est pas importante parce que le tronc avait \u00e9t\u00e9 vid\u00e9 la veille par le cur\u00e9. On parle de 25 pf. Le malfaiteur a essay\u00e9 de fracturer une armoire dans laquelle se trouvaient les objets du culte. La serrure de cette porte a r\u00e9sist\u00e9. Le jeune homme n\u2019en est pas \u00e0 son coup d\u2019essai, car une fois d\u00e9j\u00e0, il a de cela 3 ans, il avait fractur\u00e9 le tronc de l\u2019\u00e9glise de Montreux-Vieux. On l\u2019avait envoy\u00e9 pour 9 mois dans une maison de correction.<\/p>\n\n\n\n<p>Sources&nbsp;: Express 29 juin 1888<\/p>\n","protected":false},"excerpt":{"rendered":"<p>Alt &#8211; M\u00fcnsterol (Montreux &#8211; Vieux), 21 juin.1888 \u2014 Ou nous \u00e9crit: Le tronc de l&rsquo;\u00e9glise de Montreux-Vieux vient d\u2019\u00eatre fractur\u00e9. L auteur de ce crime, un jeune homme do 19 ans a imm\u00e9diatement \u00e9t\u00e9 d\u00e9couvert et arr\u00eat\u00e9. On a &hellip; <a href=\"https:\/\/montreux-vieux.net\/?page_id=19591\">Continuer la lecture <span class=\"meta-nav\">&rarr;<\/span><\/a><\/p>\n","protected":false},"author":1,"featured_media":0,"parent":13044,"menu_order":145,"comment_status":"closed","ping_status":"open","template":"","meta":{"footnotes":""},"class_list":["post-19591","page","type-page","status-publish","hentry"],"_links":{"self":[{"href":"https:\/\/montreux-vieux.net\/index.php?rest_route=\/wp\/v2\/pages\/19591","targetHints":{"allow":["GET"]}}],"collection":[{"href":"https:\/\/montreux-vieux.net\/index.php?rest_route=\/wp\/v2\/pages"}],"about":[{"href":"https:\/\/montreux-vieux.net\/index.php?rest_route=\/wp\/v2\/types\/page"}],"author":[{"embeddable":true,"href":"https:\/\/montreux-vieux.net\/index.php?rest_route=\/wp\/v2\/users\/1"}],"replies":[{"embeddable":true,"href":"https:\/\/montreux-vieux.net\/index.php?rest_route=%2Fwp%2Fv2%2Fcomments&post=19591"}],"version-history":[{"count":1,"href":"https:\/\/montreux-vieux.net\/index.php?rest_route=\/wp\/v2\/pages\/19591\/revisions"}],"predecessor-version":[{"id":19592,"href":"https:\/\/montreux-vieux.net\/index.php?rest_route=\/wp\/v2\/pages\/19591\/revisions\/19592"}],"up":[{"embeddable":true,"href":"https:\/\/montreux-vieux.net\/index.php?rest_route=\/wp\/v2\/pages\/13044"}],"wp:attachment":[{"href":"https:\/\/montreux-vieux.net\/index.php?rest_route=%2Fwp%2Fv2%2Fmedia&parent=19591"}],"curies":[{"name":"wp","href":"https:\/\/api.w.org\/{rel}","templated":true}]}}