{"id":19597,"date":"2020-06-08T15:30:05","date_gmt":"2020-06-08T14:30:05","guid":{"rendered":"http:\/\/montreux-vieux.net\/?page_id=19597"},"modified":"2020-06-08T15:30:05","modified_gmt":"2020-06-08T14:30:05","slug":"accident-entre-deux-cyclistes-a-montreux-vieux","status":"publish","type":"page","link":"https:\/\/montreux-vieux.net\/?page_id=19597","title":{"rendered":"Accident entre deux cyclistes \u00e0 Montreux-Vieux"},"content":{"rendered":"\n<p>MONTREUX-VIEUX, 14 ao\u00fbt.1909 &nbsp;<\/p>\n\n\n\n<p>Un grave accident est arriv\u00e9 avant-hier dans l\u2019obscurit\u00e9 \u00e0 un tournant de la route. Deux cyclistes venant on sens contraire \u00e0 grande allure se sont heurt\u00e9s avec une violence telle que les deux sont gri\u00e8vement bless\u00e9s. L\u2019un d\u2019eux a un \u00e9panchement au cerveau et a d\u00fb \u00eatre admis \u00e0 l&rsquo;h\u00f4pital de Dannemarie.<\/p>\n\n\n\n<p>Sources&nbsp;: L\u2019Express 15 ao\u00fbt 1909<\/p>\n","protected":false},"excerpt":{"rendered":"<p>MONTREUX-VIEUX, 14 ao\u00fbt.1909 &nbsp; Un grave accident est arriv\u00e9 avant-hier dans l\u2019obscurit\u00e9 \u00e0 un tournant de la route. Deux cyclistes venant on sens contraire \u00e0 grande allure se sont heurt\u00e9s avec une violence telle que les deux sont gri\u00e8vement bless\u00e9s. &hellip; <a href=\"https:\/\/montreux-vieux.net\/?page_id=19597\">Continuer la lecture <span class=\"meta-nav\">&rarr;<\/span><\/a><\/p>\n","protected":false},"author":1,"featured_media":0,"parent":13044,"menu_order":150,"comment_status":"closed","ping_status":"open","template":"","meta":{"footnotes":""},"class_list":["post-19597","page","type-page","status-publish","hentry"],"_links":{"self":[{"href":"https:\/\/montreux-vieux.net\/index.php?rest_route=\/wp\/v2\/pages\/19597","targetHints":{"allow":["GET"]}}],"collection":[{"href":"https:\/\/montreux-vieux.net\/index.php?rest_route=\/wp\/v2\/pages"}],"about":[{"href":"https:\/\/montreux-vieux.net\/index.php?rest_route=\/wp\/v2\/types\/page"}],"author":[{"embeddable":true,"href":"https:\/\/montreux-vieux.net\/index.php?rest_route=\/wp\/v2\/users\/1"}],"replies":[{"embeddable":true,"href":"https:\/\/montreux-vieux.net\/index.php?rest_route=%2Fwp%2Fv2%2Fcomments&post=19597"}],"version-history":[{"count":1,"href":"https:\/\/montreux-vieux.net\/index.php?rest_route=\/wp\/v2\/pages\/19597\/revisions"}],"predecessor-version":[{"id":19598,"href":"https:\/\/montreux-vieux.net\/index.php?rest_route=\/wp\/v2\/pages\/19597\/revisions\/19598"}],"up":[{"embeddable":true,"href":"https:\/\/montreux-vieux.net\/index.php?rest_route=\/wp\/v2\/pages\/13044"}],"wp:attachment":[{"href":"https:\/\/montreux-vieux.net\/index.php?rest_route=%2Fwp%2Fv2%2Fmedia&parent=19597"}],"curies":[{"name":"wp","href":"https:\/\/api.w.org\/{rel}","templated":true}]}}