{"id":19599,"date":"2020-06-08T15:31:55","date_gmt":"2020-06-08T14:31:55","guid":{"rendered":"http:\/\/montreux-vieux.net\/?page_id=19599"},"modified":"2020-06-08T15:31:55","modified_gmt":"2020-06-08T14:31:55","slug":"arrestation-dun-deserteur-a-montreux-vieux","status":"publish","type":"page","link":"https:\/\/montreux-vieux.net\/?page_id=19599","title":{"rendered":"Arrestation d&rsquo;un d\u00e9serteur \u00e0 Montreux-Vieux"},"content":{"rendered":"\n<p>MONTREUX-VIEUX, 14 ao\u00fbt. 1909<\/p>\n\n\n\n<p>&nbsp;La gendarmerie a arr\u00eat\u00e9 ici un homme de 49 ans, qui se rendait \u00e0 Mulhouse pour aller voir des parents. Cet homme avait d\u00e9sert\u00e9 son r\u00e9giment, en garnison \u00e0 Neuf-Brisach, en 1881. 11 y a donc 28 ans qu&rsquo;il a commis ce d\u00e9lit. Mais la justice militaire ne conna\u00eet pas la prescription qui, dans la vie civile, couvre les plus grands crimes. Ne serait il pas temps d humaniser un peu mette justice militaire<\/p>\n\n\n\n<p>Sources&nbsp;: L\u2019Express 15 ao\u00fbt 1909<\/p>\n","protected":false},"excerpt":{"rendered":"<p>MONTREUX-VIEUX, 14 ao\u00fbt. 1909 &nbsp;La gendarmerie a arr\u00eat\u00e9 ici un homme de 49 ans, qui se rendait \u00e0 Mulhouse pour aller voir des parents. Cet homme avait d\u00e9sert\u00e9 son r\u00e9giment, en garnison \u00e0 Neuf-Brisach, en 1881. 11 y a donc &hellip; <a href=\"https:\/\/montreux-vieux.net\/?page_id=19599\">Continuer la lecture <span class=\"meta-nav\">&rarr;<\/span><\/a><\/p>\n","protected":false},"author":1,"featured_media":0,"parent":13044,"menu_order":155,"comment_status":"closed","ping_status":"open","template":"","meta":{"footnotes":""},"class_list":["post-19599","page","type-page","status-publish","hentry"],"_links":{"self":[{"href":"https:\/\/montreux-vieux.net\/index.php?rest_route=\/wp\/v2\/pages\/19599","targetHints":{"allow":["GET"]}}],"collection":[{"href":"https:\/\/montreux-vieux.net\/index.php?rest_route=\/wp\/v2\/pages"}],"about":[{"href":"https:\/\/montreux-vieux.net\/index.php?rest_route=\/wp\/v2\/types\/page"}],"author":[{"embeddable":true,"href":"https:\/\/montreux-vieux.net\/index.php?rest_route=\/wp\/v2\/users\/1"}],"replies":[{"embeddable":true,"href":"https:\/\/montreux-vieux.net\/index.php?rest_route=%2Fwp%2Fv2%2Fcomments&post=19599"}],"version-history":[{"count":1,"href":"https:\/\/montreux-vieux.net\/index.php?rest_route=\/wp\/v2\/pages\/19599\/revisions"}],"predecessor-version":[{"id":19600,"href":"https:\/\/montreux-vieux.net\/index.php?rest_route=\/wp\/v2\/pages\/19599\/revisions\/19600"}],"up":[{"embeddable":true,"href":"https:\/\/montreux-vieux.net\/index.php?rest_route=\/wp\/v2\/pages\/13044"}],"wp:attachment":[{"href":"https:\/\/montreux-vieux.net\/index.php?rest_route=%2Fwp%2Fv2%2Fmedia&parent=19599"}],"curies":[{"name":"wp","href":"https:\/\/api.w.org\/{rel}","templated":true}]}}