{"id":19668,"date":"2020-06-11T08:53:42","date_gmt":"2020-06-11T07:53:42","guid":{"rendered":"http:\/\/montreux-vieux.net\/?page_id=19668"},"modified":"2020-06-11T08:53:42","modified_gmt":"2020-06-11T07:53:42","slug":"tragique-suicide","status":"publish","type":"page","link":"https:\/\/montreux-vieux.net\/?page_id=19668","title":{"rendered":"Tragique suicide."},"content":{"rendered":"\n<p>On a d\u00e9couvert sur la voie entre Montreux-Vieux et Montreux-Ch\u00e2teau le corps d\u2019un homme sectionn\u00e9 en deux par le train.En\u00a0 proc\u00e9dant \u00e0 l&rsquo;identification du corps les enqu\u00eateurs trouv\u00e8rent un billet dans une des poches du mort un nomm\u00e9 Charles \u0152uvray, originaire de C\u0153uve pr\u00e8s de Porrentruy.,\u00a0 et dans lequel il annonce qu\u2019il mettait fin \u00e0 ses jours volontairement.<\/p>\n\n\n\n<p>Sources\u00a0: La R\u00e9publique de Belfort du 1<sup>er<\/sup> avril 1933<\/p>\n","protected":false},"excerpt":{"rendered":"<p>On a d\u00e9couvert sur la voie entre Montreux-Vieux et Montreux-Ch\u00e2teau le corps d\u2019un homme sectionn\u00e9 en deux par le train.En\u00a0 proc\u00e9dant \u00e0 l&rsquo;identification du corps les enqu\u00eateurs trouv\u00e8rent un billet dans une des poches du mort un nomm\u00e9 Charles \u0152uvray, &hellip; <a href=\"https:\/\/montreux-vieux.net\/?page_id=19668\">Continuer la lecture <span class=\"meta-nav\">&rarr;<\/span><\/a><\/p>\n","protected":false},"author":1,"featured_media":0,"parent":13044,"menu_order":165,"comment_status":"closed","ping_status":"open","template":"","meta":{"footnotes":""},"class_list":["post-19668","page","type-page","status-publish","hentry"],"_links":{"self":[{"href":"https:\/\/montreux-vieux.net\/index.php?rest_route=\/wp\/v2\/pages\/19668","targetHints":{"allow":["GET"]}}],"collection":[{"href":"https:\/\/montreux-vieux.net\/index.php?rest_route=\/wp\/v2\/pages"}],"about":[{"href":"https:\/\/montreux-vieux.net\/index.php?rest_route=\/wp\/v2\/types\/page"}],"author":[{"embeddable":true,"href":"https:\/\/montreux-vieux.net\/index.php?rest_route=\/wp\/v2\/users\/1"}],"replies":[{"embeddable":true,"href":"https:\/\/montreux-vieux.net\/index.php?rest_route=%2Fwp%2Fv2%2Fcomments&post=19668"}],"version-history":[{"count":1,"href":"https:\/\/montreux-vieux.net\/index.php?rest_route=\/wp\/v2\/pages\/19668\/revisions"}],"predecessor-version":[{"id":19669,"href":"https:\/\/montreux-vieux.net\/index.php?rest_route=\/wp\/v2\/pages\/19668\/revisions\/19669"}],"up":[{"embeddable":true,"href":"https:\/\/montreux-vieux.net\/index.php?rest_route=\/wp\/v2\/pages\/13044"}],"wp:attachment":[{"href":"https:\/\/montreux-vieux.net\/index.php?rest_route=%2Fwp%2Fv2%2Fmedia&parent=19668"}],"curies":[{"name":"wp","href":"https:\/\/api.w.org\/{rel}","templated":true}]}}