{"id":19678,"date":"2020-06-11T14:58:04","date_gmt":"2020-06-11T13:58:04","guid":{"rendered":"http:\/\/montreux-vieux.net\/?page_id=19678"},"modified":"2020-06-11T14:58:04","modified_gmt":"2020-06-11T13:58:04","slug":"grand-match-international-de-foot-bali-montreux-sports-bat-f-fribourg-par-5-buts-a-2","status":"publish","type":"page","link":"https:\/\/montreux-vieux.net\/?page_id=19678","title":{"rendered":"GRAND MATCH INTERNATIONAL DE FOOT-BALI. : MONTREUX-SPORTS BAT F. FRIBOURG PAR 5 BUTS \u00e0 2."},"content":{"rendered":"\n<p>G<strong>RAND MATCH INTERNATIONAL DE FOOT-BALI. : MONTREUX-SPORTS BAT F. FRIBOURG PAR 5 BUTS \u00e0 2.<\/strong><\/p>\n\n\n\n<p>C\u2019est dimanche dernier 16 avril , que se d\u00e9roul\u00e9 \u00e0 Montreux-Vieux ce match tant attendu par les sportifs de toute la r\u00e9gion. Apr\u00e8s les \u00e9changes de fanions les \u00e9quipes se pr\u00e9parent dans la formation suivante\u00a0:<\/p>\n\n\n\n<p>Fribourg : G\u00eent, arri\u00e8res Hoger et Spobr : demis, Galio, Metzger et Steinsbrunner ; avants, IGermn. Roth. Schillinger. Knapp et Huenz.<\/p>\n\n\n\n<p>Montreux-Sports : Barbier Ernest ; arri\u00e8res :Schuliz et M\u00e9n\u00e9tr\u00e9 Paut ; demis : Daller A\u201e Hastatt et M\u00e9n\u00e9tr\u00e9 Joseph ; avants : Barbier Marcel. Schott Grosjean Marcel, Scherrer L. (cap.) et Schott Fran\u00e7ois.<\/p>\n\n\n\n<p>L\u2019arbitre siffle le coup d\u2019envoi \u00e0 2 h. 30 qui est donn\u00e9 par Fribourg. Le jeu est tr\u00e8s vite et on assist\u00e2t, pendant tout le match \u00e0 des belles phases. Fribourg descend et l\u2019ailier droit botte au but, mais le gardien arr\u00eate et se fait applaudir. C\u2019est au tour de Montreux de se &nbsp;montrer dangereux et sur passe de l\u2019aile droite Barbier, Scherrer marquera le premier but. Ceci encourage les joueurs et Fribourg est oblig\u00e9 \u00e0 donner deux corners. Sur l\u2019un d\u2019eux l\u2019inter droit, Schott marque le deuxi\u00e8me but. Fribourg est maintenant domin\u00e9, mais la d\u00e9fense se montre \u00e0 la hauteur de sa t\u00e2che. Les visiteurs remontent le terrain perdu, mais ne parviennent pas \u00e0 tromper la d\u00e9fense de Montreux-Vieux. Bien au contraire, un nouveau corner contre Fribourg permet \u00e0 l\u2019inter gauche de marquer un troisi\u00e8me but. Peu avant la mi-temps ce m\u00eame joueur marquera un quatri\u00e8me but. A la mi-temps : Montreux-Sports 4, F. C. Fribourg 0.<\/p>\n\n\n\n<p>Apr\u00e8s la reprise, Holbein remplace Schott G. Fribourg joue maintenant beaucoup mieux, ceci peut-\u00eatre par l\u2019avantage du vent. Sur une passe splendide de l\u2019avant centre, l\u2019extr\u00eame droit Gallo ouvre le score pour Fribourg. Mais \u00e0 peine le centre est fait que toute la ligne de Montreux-Vieux descend et l\u2019inter gauche monte le score \u00e0 5-1. Quelques minutes avant la fin. l\u2019extr\u00eame droit de Fribourg s\u2019\u00e9chappe et inscrit un nouveau but. Finalement l\u2019arbitre siffle la fin sur le score de 5-2 en faveur de Montreux-Vieux.<\/p>\n\n\n\n<p>L\u2019arbitre fut \u00e0 la hauteur de sa t\u00e2che, bien qu\u2019il ne siffla pas toutes les petites | fautes, que quelques spectateurs crurent bien faire en l&rsquo;interpellant. Francis.<\/p>\n\n\n\n<p>Sources&nbsp;: Le R\u00e9publicain de Belfort 22 avril 1933<\/p>\n","protected":false},"excerpt":{"rendered":"<p>GRAND MATCH INTERNATIONAL DE FOOT-BALI. : MONTREUX-SPORTS BAT F. FRIBOURG PAR 5 BUTS \u00e0 2. C\u2019est dimanche dernier 16 avril , que se d\u00e9roul\u00e9 \u00e0 Montreux-Vieux ce match tant attendu par les sportifs de toute la r\u00e9gion. Apr\u00e8s les \u00e9changes &hellip; <a href=\"https:\/\/montreux-vieux.net\/?page_id=19678\">Continuer la lecture <span class=\"meta-nav\">&rarr;<\/span><\/a><\/p>\n","protected":false},"author":1,"featured_media":0,"parent":4608,"menu_order":6,"comment_status":"closed","ping_status":"open","template":"","meta":{"footnotes":""},"class_list":["post-19678","page","type-page","status-publish","hentry"],"_links":{"self":[{"href":"https:\/\/montreux-vieux.net\/index.php?rest_route=\/wp\/v2\/pages\/19678","targetHints":{"allow":["GET"]}}],"collection":[{"href":"https:\/\/montreux-vieux.net\/index.php?rest_route=\/wp\/v2\/pages"}],"about":[{"href":"https:\/\/montreux-vieux.net\/index.php?rest_route=\/wp\/v2\/types\/page"}],"author":[{"embeddable":true,"href":"https:\/\/montreux-vieux.net\/index.php?rest_route=\/wp\/v2\/users\/1"}],"replies":[{"embeddable":true,"href":"https:\/\/montreux-vieux.net\/index.php?rest_route=%2Fwp%2Fv2%2Fcomments&post=19678"}],"version-history":[{"count":1,"href":"https:\/\/montreux-vieux.net\/index.php?rest_route=\/wp\/v2\/pages\/19678\/revisions"}],"predecessor-version":[{"id":19679,"href":"https:\/\/montreux-vieux.net\/index.php?rest_route=\/wp\/v2\/pages\/19678\/revisions\/19679"}],"up":[{"embeddable":true,"href":"https:\/\/montreux-vieux.net\/index.php?rest_route=\/wp\/v2\/pages\/4608"}],"wp:attachment":[{"href":"https:\/\/montreux-vieux.net\/index.php?rest_route=%2Fwp%2Fv2%2Fmedia&parent=19678"}],"curies":[{"name":"wp","href":"https:\/\/api.w.org\/{rel}","templated":true}]}}