{"id":19686,"date":"2020-06-13T10:14:04","date_gmt":"2020-06-13T09:14:04","guid":{"rendered":"http:\/\/montreux-vieux.net\/?page_id=19686"},"modified":"2020-06-13T10:14:04","modified_gmt":"2020-06-13T09:14:04","slug":"le-nouveau-pont-sur-le-canal-nouveau-bras","status":"publish","type":"page","link":"https:\/\/montreux-vieux.net\/?page_id=19686","title":{"rendered":"Le nouveau pont sur le canal (nouveau bras)"},"content":{"rendered":"\n<p>MONTREUX-VIEUX Le nouveau pont sur le canal. \u2014 On sait qu\u2019un pont doit relier prochainement les deux rives du canal, \u00e0 la sortie nord de Montreux-Vieux et faciliter ainsi les communications entre deux r\u00e9gions jusqu\u2019alors s\u00e9par\u00e9 par une barri\u00e8re qu\u2019on ne pouvait franchir qu\u2019au prix d\u2019un important d\u00e9tour.<\/p>\n\n\n\n<p>Les travaux de constructions sont commenc\u00e9s et d\u00e9j\u00e0 des deux c\u00f4t\u00e9s des piliers d\u00e9j\u00e0 dress\u00e9s dans le canal, s\u2019\u00e9l\u00e8vent des \u00e9chafaudages qui marquent la silhouette approximative de la nouvelle construction. Souhaitons que celle-ci soit achev\u00e9e le plus vite possible<\/p>\n\n\n\n<p>Sources&nbsp;: L\u2019Express de Mulhouse 28 octobre 1936<\/p>\n","protected":false},"excerpt":{"rendered":"<p>MONTREUX-VIEUX Le nouveau pont sur le canal. \u2014 On sait qu\u2019un pont doit relier prochainement les deux rives du canal, \u00e0 la sortie nord de Montreux-Vieux et faciliter ainsi les communications entre deux r\u00e9gions jusqu\u2019alors s\u00e9par\u00e9 par une barri\u00e8re qu\u2019on &hellip; <a href=\"https:\/\/montreux-vieux.net\/?page_id=19686\">Continuer la lecture <span class=\"meta-nav\">&rarr;<\/span><\/a><\/p>\n","protected":false},"author":1,"featured_media":0,"parent":13099,"menu_order":15,"comment_status":"closed","ping_status":"open","template":"","meta":{"footnotes":""},"class_list":["post-19686","page","type-page","status-publish","hentry"],"_links":{"self":[{"href":"https:\/\/montreux-vieux.net\/index.php?rest_route=\/wp\/v2\/pages\/19686","targetHints":{"allow":["GET"]}}],"collection":[{"href":"https:\/\/montreux-vieux.net\/index.php?rest_route=\/wp\/v2\/pages"}],"about":[{"href":"https:\/\/montreux-vieux.net\/index.php?rest_route=\/wp\/v2\/types\/page"}],"author":[{"embeddable":true,"href":"https:\/\/montreux-vieux.net\/index.php?rest_route=\/wp\/v2\/users\/1"}],"replies":[{"embeddable":true,"href":"https:\/\/montreux-vieux.net\/index.php?rest_route=%2Fwp%2Fv2%2Fcomments&post=19686"}],"version-history":[{"count":1,"href":"https:\/\/montreux-vieux.net\/index.php?rest_route=\/wp\/v2\/pages\/19686\/revisions"}],"predecessor-version":[{"id":19687,"href":"https:\/\/montreux-vieux.net\/index.php?rest_route=\/wp\/v2\/pages\/19686\/revisions\/19687"}],"up":[{"embeddable":true,"href":"https:\/\/montreux-vieux.net\/index.php?rest_route=\/wp\/v2\/pages\/13099"}],"wp:attachment":[{"href":"https:\/\/montreux-vieux.net\/index.php?rest_route=%2Fwp%2Fv2%2Fmedia&parent=19686"}],"curies":[{"name":"wp","href":"https:\/\/api.w.org\/{rel}","templated":true}]}}