{"id":19719,"date":"2020-06-17T10:56:59","date_gmt":"2020-06-17T09:56:59","guid":{"rendered":"http:\/\/montreux-vieux.net\/?page_id=19719"},"modified":"2020-06-17T10:56:59","modified_gmt":"2020-06-17T09:56:59","slug":"les-lignes-strategiques-en-alsace-belfort-22-fevrier-1890","status":"publish","type":"page","link":"https:\/\/montreux-vieux.net\/?page_id=19719","title":{"rendered":"Les lignes strat\u00e9giques en Alsace Belfort, 22 f\u00e9vrier 1890."},"content":{"rendered":"\n<p>Les lignes strat\u00e9giques en Alsace Belfort, 22 f\u00e9vrier 1890.<\/p>\n\n\n\n<p>&nbsp;Il est fortement question, depuis quelque temps, de la construction d\u2019une nouvelle ligne de chemin de fer partant de Bollviller &nbsp;pour aboutir \u00e0 Montreux-Vieux, en passant par Cernay. .Cette ligne aurait une tr\u00e8s grande importance au point de vue strat\u00e9gique. Elle s&#8217;embrancherait \u00e0 Bolllwiller qui trouve sur la ligne de Strasbourg a B\u00e2le, prendrait la direction du Sud-Ouest, traverserait la grande plaine de l\u2019Ochsenfeld, passerait \u00e0 Cernay, o\u00f9 elle emprunterait la ligne de Cernay \u00e0 Masevaux, jusqu\u2019\u00e0 Burnhaupt. la quitterait au-del\u00e0 de cette derni\u00e8re station pour se diriger sur Montreux-Vieux o\u00f9 elle se raccorderait \u00e0 la ligne Muihouse-Belfort-Paris. . Il y aurait environ 12 kilom\u00e8tres de voie \u00e0 construirr dont les d\u00e9penses seraient tr\u00e8s restreintes, la r\u00e9gion \u00e0 traverser \u00e9tant toute en plaine. Il est \u00e0 remarquer que de cette fa\u00e7on les&nbsp; Allemands poss\u00e9deront une deuxi\u00e8me ligne de concentration en avant et presque sous les murs de Belfort ; Montreux-Vieux, o\u00f9 aboutirait la nouvelle ligne, se trouvant \u00e0 une petite port\u00e9e de canon des forts avanc\u00e9s de la place de Belfort. , Les trains venant du grand-duch\u00e9&nbsp;; de B\u00e2le par Kell et Fribourg pourraient prendre la voie de Slrasbourg-Colmar-Bollwiller-Cernay et Montreux-Vieux. Comme les trains de Mulheim-Mulhouse aboutissent d\u00e9j\u00e0 \u00e0 Montreux-Vieux par la ligne de Mulhouse-Montreux-Vieux-Belfort, et qu&rsquo;il est aussi question de raccorder UIm par Saint-Louis \u00e0 Alkirch qui se trouve aussi sur la ligne Mulhouse-Belfort-Paris, il y aurait donc prochainement trois lignes se concentrant sur Belfort.<\/p>\n\n\n\n<p>Sources&nbsp;: La France(Paris) 23 f\u00e9vrier 1890<\/p>\n","protected":false},"excerpt":{"rendered":"<p>Les lignes strat\u00e9giques en Alsace Belfort, 22 f\u00e9vrier 1890. &nbsp;Il est fortement question, depuis quelque temps, de la construction d\u2019une nouvelle ligne de chemin de fer partant de Bollviller &nbsp;pour aboutir \u00e0 Montreux-Vieux, en passant par Cernay. .Cette ligne aurait &hellip; <a href=\"https:\/\/montreux-vieux.net\/?page_id=19719\">Continuer la lecture <span class=\"meta-nav\">&rarr;<\/span><\/a><\/p>\n","protected":false},"author":1,"featured_media":0,"parent":13013,"menu_order":60,"comment_status":"closed","ping_status":"open","template":"","meta":{"footnotes":""},"class_list":["post-19719","page","type-page","status-publish","hentry"],"_links":{"self":[{"href":"https:\/\/montreux-vieux.net\/index.php?rest_route=\/wp\/v2\/pages\/19719","targetHints":{"allow":["GET"]}}],"collection":[{"href":"https:\/\/montreux-vieux.net\/index.php?rest_route=\/wp\/v2\/pages"}],"about":[{"href":"https:\/\/montreux-vieux.net\/index.php?rest_route=\/wp\/v2\/types\/page"}],"author":[{"embeddable":true,"href":"https:\/\/montreux-vieux.net\/index.php?rest_route=\/wp\/v2\/users\/1"}],"replies":[{"embeddable":true,"href":"https:\/\/montreux-vieux.net\/index.php?rest_route=%2Fwp%2Fv2%2Fcomments&post=19719"}],"version-history":[{"count":1,"href":"https:\/\/montreux-vieux.net\/index.php?rest_route=\/wp\/v2\/pages\/19719\/revisions"}],"predecessor-version":[{"id":19720,"href":"https:\/\/montreux-vieux.net\/index.php?rest_route=\/wp\/v2\/pages\/19719\/revisions\/19720"}],"up":[{"embeddable":true,"href":"https:\/\/montreux-vieux.net\/index.php?rest_route=\/wp\/v2\/pages\/13013"}],"wp:attachment":[{"href":"https:\/\/montreux-vieux.net\/index.php?rest_route=%2Fwp%2Fv2%2Fmedia&parent=19719"}],"curies":[{"name":"wp","href":"https:\/\/api.w.org\/{rel}","templated":true}]}}