{"id":19723,"date":"2020-06-17T13:15:52","date_gmt":"2020-06-17T12:15:52","guid":{"rendered":"http:\/\/montreux-vieux.net\/?page_id=19723"},"modified":"2020-06-17T13:15:52","modified_gmt":"2020-06-17T12:15:52","slug":"arrestations-en-juin-1888","status":"publish","type":"page","link":"https:\/\/montreux-vieux.net\/?page_id=19723","title":{"rendered":"Arrestations. en juin 1888"},"content":{"rendered":"\n<p>Arrestations. en juin 1888\u2014 Un ouvrier auquel une nuit n\u2019avait pas suffi pour dissiper l\u2019ivresse de la veille, prenait place ce matin dans un train d\u2019ouvriers allant dans la direction de Montreux-Vieux. Il criait, chantait, hurl\u00e2t \u00e0 gorge d\u00e9ploy\u00e9e. On voulut lui imposer silence, mais haut, plus on le mena\u00e7ait plus il enflait la voix. Fatigu\u00e9e de cette musique, la police l\u2019arr\u00eata.<\/p>\n\n\n\n<p>Sources : Express 13 juin 1888<\/p>\n","protected":false},"excerpt":{"rendered":"<p>Arrestations. en juin 1888\u2014 Un ouvrier auquel une nuit n\u2019avait pas suffi pour dissiper l\u2019ivresse de la veille, prenait place ce matin dans un train d\u2019ouvriers allant dans la direction de Montreux-Vieux. Il criait, chantait, hurl\u00e2t \u00e0 gorge d\u00e9ploy\u00e9e. On &hellip; <a href=\"https:\/\/montreux-vieux.net\/?page_id=19723\">Continuer la lecture <span class=\"meta-nav\">&rarr;<\/span><\/a><\/p>\n","protected":false},"author":1,"featured_media":0,"parent":13095,"menu_order":90,"comment_status":"closed","ping_status":"open","template":"","meta":{"footnotes":""},"class_list":["post-19723","page","type-page","status-publish","hentry"],"_links":{"self":[{"href":"https:\/\/montreux-vieux.net\/index.php?rest_route=\/wp\/v2\/pages\/19723","targetHints":{"allow":["GET"]}}],"collection":[{"href":"https:\/\/montreux-vieux.net\/index.php?rest_route=\/wp\/v2\/pages"}],"about":[{"href":"https:\/\/montreux-vieux.net\/index.php?rest_route=\/wp\/v2\/types\/page"}],"author":[{"embeddable":true,"href":"https:\/\/montreux-vieux.net\/index.php?rest_route=\/wp\/v2\/users\/1"}],"replies":[{"embeddable":true,"href":"https:\/\/montreux-vieux.net\/index.php?rest_route=%2Fwp%2Fv2%2Fcomments&post=19723"}],"version-history":[{"count":1,"href":"https:\/\/montreux-vieux.net\/index.php?rest_route=\/wp\/v2\/pages\/19723\/revisions"}],"predecessor-version":[{"id":19724,"href":"https:\/\/montreux-vieux.net\/index.php?rest_route=\/wp\/v2\/pages\/19723\/revisions\/19724"}],"up":[{"embeddable":true,"href":"https:\/\/montreux-vieux.net\/index.php?rest_route=\/wp\/v2\/pages\/13095"}],"wp:attachment":[{"href":"https:\/\/montreux-vieux.net\/index.php?rest_route=%2Fwp%2Fv2%2Fmedia&parent=19723"}],"curies":[{"name":"wp","href":"https:\/\/api.w.org\/{rel}","templated":true}]}}