{"id":19728,"date":"2020-06-17T15:35:16","date_gmt":"2020-06-17T14:35:16","guid":{"rendered":"http:\/\/montreux-vieux.net\/?page_id=19728"},"modified":"2020-06-17T15:35:16","modified_gmt":"2020-06-17T14:35:16","slug":"match-dassociation-en-1913","status":"publish","type":"page","link":"https:\/\/montreux-vieux.net\/?page_id=19728","title":{"rendered":"Match d&rsquo;association en 1913"},"content":{"rendered":"\n<p>LES SPORTS. \u2014 Lundi, \u00e0 Montreux-Vieux, la premi\u00e8re \u00e9quipe&nbsp; du Football-Club du Lyc\u00e9e de Belfort rendit visite au Football-Club de Montreux-Vieux. Un match d\u2019association, fort disput\u00e9, se termin\u00e9&nbsp; sans r\u00e9sultat : 3 buts \u00e0 3.<\/p>\n\n\n\n<p>Sources&nbsp;: Express 15 mai 1913<\/p>\n","protected":false},"excerpt":{"rendered":"<p>LES SPORTS. \u2014 Lundi, \u00e0 Montreux-Vieux, la premi\u00e8re \u00e9quipe&nbsp; du Football-Club du Lyc\u00e9e de Belfort rendit visite au Football-Club de Montreux-Vieux. Un match d\u2019association, fort disput\u00e9, se termin\u00e9&nbsp; sans r\u00e9sultat : 3 buts \u00e0 3. Sources&nbsp;: Express 15 mai 1913<\/p>\n","protected":false},"author":1,"featured_media":0,"parent":4608,"menu_order":10,"comment_status":"closed","ping_status":"open","template":"","meta":{"footnotes":""},"class_list":["post-19728","page","type-page","status-publish","hentry"],"_links":{"self":[{"href":"https:\/\/montreux-vieux.net\/index.php?rest_route=\/wp\/v2\/pages\/19728","targetHints":{"allow":["GET"]}}],"collection":[{"href":"https:\/\/montreux-vieux.net\/index.php?rest_route=\/wp\/v2\/pages"}],"about":[{"href":"https:\/\/montreux-vieux.net\/index.php?rest_route=\/wp\/v2\/types\/page"}],"author":[{"embeddable":true,"href":"https:\/\/montreux-vieux.net\/index.php?rest_route=\/wp\/v2\/users\/1"}],"replies":[{"embeddable":true,"href":"https:\/\/montreux-vieux.net\/index.php?rest_route=%2Fwp%2Fv2%2Fcomments&post=19728"}],"version-history":[{"count":1,"href":"https:\/\/montreux-vieux.net\/index.php?rest_route=\/wp\/v2\/pages\/19728\/revisions"}],"predecessor-version":[{"id":19729,"href":"https:\/\/montreux-vieux.net\/index.php?rest_route=\/wp\/v2\/pages\/19728\/revisions\/19729"}],"up":[{"embeddable":true,"href":"https:\/\/montreux-vieux.net\/index.php?rest_route=\/wp\/v2\/pages\/4608"}],"wp:attachment":[{"href":"https:\/\/montreux-vieux.net\/index.php?rest_route=%2Fwp%2Fv2%2Fmedia&parent=19728"}],"curies":[{"name":"wp","href":"https:\/\/api.w.org\/{rel}","templated":true}]}}