{"id":19735,"date":"2020-06-18T09:59:54","date_gmt":"2020-06-18T08:59:54","guid":{"rendered":"http:\/\/montreux-vieux.net\/?page_id=19735"},"modified":"2020-06-18T09:59:54","modified_gmt":"2020-06-18T08:59:54","slug":"un-enfant-tombe-dans-une-cuve-deau-bouillante","status":"publish","type":"page","link":"https:\/\/montreux-vieux.net\/?page_id=19735","title":{"rendered":"Un enfant tombe dans une cuve d\u2019eau bouillante"},"content":{"rendered":"\n<p>MONTREUX-VIEUX. \u2014 Un enfant tombe dans une cuve d\u2019eau bouillante. \u2014 Derni\u00e8rement un gar\u00e7onnet de la famille Klipfel, le petit Albert, tomba dans urne bassine d\u2019eau bouillante alors qu\u2019il jouait dans La cuisine. Gravement br\u00fbl\u00e9 aux jambes et \u00e0 l\u2019abdomen, le pauvre enfant fut remis par ses parents d\u00e9sol\u00e9s en traitement \u00e0 la \u00ab Croix rouge \u00bb. Gr\u00e2ce aux bons soins qui lui furent donn\u00e9s, le petit Albert revient peu \u00e0 peu \u00e0 la vie<\/p>\n\n\n\n<p>Sources&nbsp;: Express de Mulhouse 2 septembre 1927<\/p>\n","protected":false},"excerpt":{"rendered":"<p>MONTREUX-VIEUX. \u2014 Un enfant tombe dans une cuve d\u2019eau bouillante. \u2014 Derni\u00e8rement un gar\u00e7onnet de la famille Klipfel, le petit Albert, tomba dans urne bassine d\u2019eau bouillante alors qu\u2019il jouait dans La cuisine. Gravement br\u00fbl\u00e9 aux jambes et \u00e0 l\u2019abdomen, &hellip; <a href=\"https:\/\/montreux-vieux.net\/?page_id=19735\">Continuer la lecture <span class=\"meta-nav\">&rarr;<\/span><\/a><\/p>\n","protected":false},"author":1,"featured_media":0,"parent":13044,"menu_order":180,"comment_status":"closed","ping_status":"open","template":"","meta":{"footnotes":""},"class_list":["post-19735","page","type-page","status-publish","hentry"],"_links":{"self":[{"href":"https:\/\/montreux-vieux.net\/index.php?rest_route=\/wp\/v2\/pages\/19735","targetHints":{"allow":["GET"]}}],"collection":[{"href":"https:\/\/montreux-vieux.net\/index.php?rest_route=\/wp\/v2\/pages"}],"about":[{"href":"https:\/\/montreux-vieux.net\/index.php?rest_route=\/wp\/v2\/types\/page"}],"author":[{"embeddable":true,"href":"https:\/\/montreux-vieux.net\/index.php?rest_route=\/wp\/v2\/users\/1"}],"replies":[{"embeddable":true,"href":"https:\/\/montreux-vieux.net\/index.php?rest_route=%2Fwp%2Fv2%2Fcomments&post=19735"}],"version-history":[{"count":1,"href":"https:\/\/montreux-vieux.net\/index.php?rest_route=\/wp\/v2\/pages\/19735\/revisions"}],"predecessor-version":[{"id":19736,"href":"https:\/\/montreux-vieux.net\/index.php?rest_route=\/wp\/v2\/pages\/19735\/revisions\/19736"}],"up":[{"embeddable":true,"href":"https:\/\/montreux-vieux.net\/index.php?rest_route=\/wp\/v2\/pages\/13044"}],"wp:attachment":[{"href":"https:\/\/montreux-vieux.net\/index.php?rest_route=%2Fwp%2Fv2%2Fmedia&parent=19735"}],"curies":[{"name":"wp","href":"https:\/\/api.w.org\/{rel}","templated":true}]}}