{"id":19738,"date":"2020-06-18T10:17:44","date_gmt":"2020-06-18T09:17:44","guid":{"rendered":"http:\/\/montreux-vieux.net\/?page_id=19738"},"modified":"2020-07-10T13:11:23","modified_gmt":"2020-07-10T12:11:23","slug":"une-locomotive-a-deraille","status":"publish","type":"page","link":"https:\/\/montreux-vieux.net\/?page_id=19738","title":{"rendered":"Une locomotive a d\u00e9raill\u00e9 en 1887"},"content":{"rendered":"\n<p>Montreux-Vieux. \u2014 On noue \u00e9crit le 28 ao\u00fbt :<\/p>\n\n\n\n<p>Ce matin \u00e0 11 heures, une locomotive a d\u00e9raill\u00e9 pendant une manoeuvre. Un train de marchandises a eu, de ce fait, un retard de 2 heures, la locomotive d\u00e9raill\u00e9 lui bouchant le passage.<\/p>\n\n\n\n<p>A 2 heures, tout \u00e9tait rentr\u00e9 dans l\u2019ordre Il n*y a pas eu d&rsquo;accident de personne \u00e0 d\u00e9plorer.<\/p>\n\n\n\n<p>Sources Express 29 ao\u00fbt 1887<\/p>\n","protected":false},"excerpt":{"rendered":"<p>Montreux-Vieux. \u2014 On noue \u00e9crit le 28 ao\u00fbt : Ce matin \u00e0 11 heures, une locomotive a d\u00e9raill\u00e9 pendant une manoeuvre. Un train de marchandises a eu, de ce fait, un retard de 2 heures, la locomotive d\u00e9raill\u00e9 lui bouchant &hellip; <a href=\"https:\/\/montreux-vieux.net\/?page_id=19738\">Continuer la lecture <span class=\"meta-nav\">&rarr;<\/span><\/a><\/p>\n","protected":false},"author":1,"featured_media":0,"parent":13009,"menu_order":25,"comment_status":"closed","ping_status":"open","template":"","meta":{"footnotes":""},"class_list":["post-19738","page","type-page","status-publish","hentry"],"_links":{"self":[{"href":"https:\/\/montreux-vieux.net\/index.php?rest_route=\/wp\/v2\/pages\/19738","targetHints":{"allow":["GET"]}}],"collection":[{"href":"https:\/\/montreux-vieux.net\/index.php?rest_route=\/wp\/v2\/pages"}],"about":[{"href":"https:\/\/montreux-vieux.net\/index.php?rest_route=\/wp\/v2\/types\/page"}],"author":[{"embeddable":true,"href":"https:\/\/montreux-vieux.net\/index.php?rest_route=\/wp\/v2\/users\/1"}],"replies":[{"embeddable":true,"href":"https:\/\/montreux-vieux.net\/index.php?rest_route=%2Fwp%2Fv2%2Fcomments&post=19738"}],"version-history":[{"count":2,"href":"https:\/\/montreux-vieux.net\/index.php?rest_route=\/wp\/v2\/pages\/19738\/revisions"}],"predecessor-version":[{"id":20013,"href":"https:\/\/montreux-vieux.net\/index.php?rest_route=\/wp\/v2\/pages\/19738\/revisions\/20013"}],"up":[{"embeddable":true,"href":"https:\/\/montreux-vieux.net\/index.php?rest_route=\/wp\/v2\/pages\/13009"}],"wp:attachment":[{"href":"https:\/\/montreux-vieux.net\/index.php?rest_route=%2Fwp%2Fv2%2Fmedia&parent=19738"}],"curies":[{"name":"wp","href":"https:\/\/api.w.org\/{rel}","templated":true}]}}