{"id":19742,"date":"2020-06-18T13:30:17","date_gmt":"2020-06-18T12:30:17","guid":{"rendered":"http:\/\/montreux-vieux.net\/?page_id=19742"},"modified":"2020-06-18T13:30:17","modified_gmt":"2020-06-18T12:30:17","slug":"reproches-a-un-aspirant-a-la-premiere-magistrature-de-la-localite","status":"publish","type":"page","link":"https:\/\/montreux-vieux.net\/?page_id=19742","title":{"rendered":"Reproches \u00e0 un aspirant \u00e0 la premi\u00e8re magistrature de la localit\u00e9"},"content":{"rendered":"\n<p>On nous \u00e9crit de Montreux-Vieux : Des plumes plus autoris\u00e9es que la n\u00f4tre, ont donn\u00e9 un compte rendu de l\u2019inauguration du Monument du 235e R\u00e9giment d\u2019infanterie, \u00e0 Montreux-Jeune, et ce n\u2019est pas dans le but de rappeler cette inoubliable journ\u00e9e, que nous demandons une petite place dans les colonnes de cet estimable journal. Nous tenons seulement \u00e0 faire ressortir le geste parfait de nos pr\u00e9sidents de soci\u00e9t\u00e9. M. Catt\u00e9. toujours sur la br\u00e8che. M. Buchta, chef de gare, pr\u00e9sident de la soci\u00e9t\u00e9 des brancardiers de la Croix-rouge, assist\u00e9 de notre excellent ami Ernest Barbier, chef de section de cette soci\u00e9t\u00e9, firent tr\u00e8s belle figure dans le cort\u00e8ge et aussi ces messieurs des soci\u00e9t\u00e9s d\u2019anciens combattants, engag\u00e9s volontaires, l\u00e9gion \u00e9trang\u00e8re et tous enfin. En voyant tous les drapeaux flotter, nous e\u00fbmes le frisson des grands jours.<\/p>\n\n\n\n<div class=\"wp-block-image\"><figure class=\"aligncenter size-large\"><img loading=\"lazy\" decoding=\"async\" width=\"520\" height=\"408\" src=\"http:\/\/montreux-vieux.net\/montreux-vieux.net\/wp-content\/uploads\/2020\/06\/Screen-Shot-06-18-20-at-02.23-PM-1.png\" alt=\"\" class=\"wp-image-19744\" srcset=\"https:\/\/montreux-vieux.net\/montreux-vieux.net\/wp-content\/uploads\/2020\/06\/Screen-Shot-06-18-20-at-02.23-PM-1.png 520w, https:\/\/montreux-vieux.net\/montreux-vieux.net\/wp-content\/uploads\/2020\/06\/Screen-Shot-06-18-20-at-02.23-PM-1-300x235.png 300w\" sizes=\"auto, (max-width: 520px) 100vw, 520px\" \/><\/figure><\/div>\n\n\n\n<p>Toutes nos f\u00e9licitations \u00e0 notre d\u00e9vou\u00e9 instituteur M. Bilher qui. avec un art parfait, fit ex\u00e9cuter \u00e0 ses bambins un chant patriotique des mieux r\u00e9ussis.<\/p>\n\n\n\n<p>Mais, \u00e0 cot\u00e9 des \u00e9loges, il faut faire place aux reproches.<\/p>\n\n\n\n<p>Un aspirant \u00e0 la premi\u00e8re magistrature de la localit\u00e9, autonomiste notoire, quoique portant sur son bras un tatouage repr\u00e9sentant un casque de la garde imp\u00e9riale boche avec en exergue \u00ab gott mit uns \u00bb, n\u2019a rien trouv\u00e9 de mieux, au lieu d&rsquo;aller saluer le monument des Fran\u00e7ais \u00e0 qui il doit tout, de partir ostensiblement \u00e0 la chasse \u00e0 8 heures du matin avec son chien. Il est vrai que tous les ans lors des f\u00eates de l\u2019armistice cet individu fait tout ce qu&rsquo;il peut pour d\u00e9sorganiser les assembl\u00e9es patriotiques.<\/p>\n\n\n\n<p>Nous excusons le chien, mais au bonhomme nous ne cacherons pas le d\u00e9go\u00fbt qu\u2019il nous inspire.<\/p>\n\n\n\n<p>Sources le R\u00e9publicain de Belfort 12 novembre 1927<\/p>\n","protected":false},"excerpt":{"rendered":"<p>On nous \u00e9crit de Montreux-Vieux : Des plumes plus autoris\u00e9es que la n\u00f4tre, ont donn\u00e9 un compte rendu de l\u2019inauguration du Monument du 235e R\u00e9giment d\u2019infanterie, \u00e0 Montreux-Jeune, et ce n\u2019est pas dans le but de rappeler cette inoubliable journ\u00e9e, &hellip; <a href=\"https:\/\/montreux-vieux.net\/?page_id=19742\">Continuer la lecture <span class=\"meta-nav\">&rarr;<\/span><\/a><\/p>\n","protected":false},"author":1,"featured_media":0,"parent":13095,"menu_order":100,"comment_status":"closed","ping_status":"open","template":"","meta":{"footnotes":""},"class_list":["post-19742","page","type-page","status-publish","hentry"],"_links":{"self":[{"href":"https:\/\/montreux-vieux.net\/index.php?rest_route=\/wp\/v2\/pages\/19742","targetHints":{"allow":["GET"]}}],"collection":[{"href":"https:\/\/montreux-vieux.net\/index.php?rest_route=\/wp\/v2\/pages"}],"about":[{"href":"https:\/\/montreux-vieux.net\/index.php?rest_route=\/wp\/v2\/types\/page"}],"author":[{"embeddable":true,"href":"https:\/\/montreux-vieux.net\/index.php?rest_route=\/wp\/v2\/users\/1"}],"replies":[{"embeddable":true,"href":"https:\/\/montreux-vieux.net\/index.php?rest_route=%2Fwp%2Fv2%2Fcomments&post=19742"}],"version-history":[{"count":1,"href":"https:\/\/montreux-vieux.net\/index.php?rest_route=\/wp\/v2\/pages\/19742\/revisions"}],"predecessor-version":[{"id":19745,"href":"https:\/\/montreux-vieux.net\/index.php?rest_route=\/wp\/v2\/pages\/19742\/revisions\/19745"}],"up":[{"embeddable":true,"href":"https:\/\/montreux-vieux.net\/index.php?rest_route=\/wp\/v2\/pages\/13095"}],"wp:attachment":[{"href":"https:\/\/montreux-vieux.net\/index.php?rest_route=%2Fwp%2Fv2%2Fmedia&parent=19742"}],"curies":[{"name":"wp","href":"https:\/\/api.w.org\/{rel}","templated":true}]}}