{"id":19752,"date":"2020-06-18T13:50:30","date_gmt":"2020-06-18T12:50:30","guid":{"rendered":"http:\/\/montreux-vieux.net\/?page_id=19752"},"modified":"2020-06-18T13:50:30","modified_gmt":"2020-06-18T12:50:30","slug":"coup-de-pompe","status":"publish","type":"page","link":"https:\/\/montreux-vieux.net\/?page_id=19752","title":{"rendered":"Coup de pompe"},"content":{"rendered":"\n<p>Penlina Antoine, et Munch Emile, tous deux employ\u00e9s a la gare de Montreux Vieux ne sont pas tr\u00e8s camarades. Le17 courant, le premier qui avait f\u00eat\u00e9 Bacchus. a frapp\u00e9 le\u00a0 second avec une pompe de bicyclette. M\u00e9content Munch a port\u00e9 plainte.<\/p>\n\n\n\n<p> Sources\u00a0: L\u2019Express de Mulhouse 25 septembre 1922<\/p>\n","protected":false},"excerpt":{"rendered":"<p>Penlina Antoine, et Munch Emile, tous deux employ\u00e9s a la gare de Montreux Vieux ne sont pas tr\u00e8s camarades. Le17 courant, le premier qui avait f\u00eat\u00e9 Bacchus. a frapp\u00e9 le\u00a0 second avec une pompe de bicyclette. M\u00e9content Munch a port\u00e9 &hellip; <a href=\"https:\/\/montreux-vieux.net\/?page_id=19752\">Continuer la lecture <span class=\"meta-nav\">&rarr;<\/span><\/a><\/p>\n","protected":false},"author":1,"featured_media":0,"parent":13095,"menu_order":110,"comment_status":"closed","ping_status":"open","template":"","meta":{"footnotes":""},"class_list":["post-19752","page","type-page","status-publish","hentry"],"_links":{"self":[{"href":"https:\/\/montreux-vieux.net\/index.php?rest_route=\/wp\/v2\/pages\/19752","targetHints":{"allow":["GET"]}}],"collection":[{"href":"https:\/\/montreux-vieux.net\/index.php?rest_route=\/wp\/v2\/pages"}],"about":[{"href":"https:\/\/montreux-vieux.net\/index.php?rest_route=\/wp\/v2\/types\/page"}],"author":[{"embeddable":true,"href":"https:\/\/montreux-vieux.net\/index.php?rest_route=\/wp\/v2\/users\/1"}],"replies":[{"embeddable":true,"href":"https:\/\/montreux-vieux.net\/index.php?rest_route=%2Fwp%2Fv2%2Fcomments&post=19752"}],"version-history":[{"count":1,"href":"https:\/\/montreux-vieux.net\/index.php?rest_route=\/wp\/v2\/pages\/19752\/revisions"}],"predecessor-version":[{"id":19753,"href":"https:\/\/montreux-vieux.net\/index.php?rest_route=\/wp\/v2\/pages\/19752\/revisions\/19753"}],"up":[{"embeddable":true,"href":"https:\/\/montreux-vieux.net\/index.php?rest_route=\/wp\/v2\/pages\/13095"}],"wp:attachment":[{"href":"https:\/\/montreux-vieux.net\/index.php?rest_route=%2Fwp%2Fv2%2Fmedia&parent=19752"}],"curies":[{"name":"wp","href":"https:\/\/api.w.org\/{rel}","templated":true}]}}