{"id":19756,"date":"2020-06-19T14:15:32","date_gmt":"2020-06-19T13:15:32","guid":{"rendered":"http:\/\/montreux-vieux.net\/?page_id=19756"},"modified":"2020-06-26T13:22:40","modified_gmt":"2020-06-26T12:22:40","slug":"braconnage-dans-le-bois","status":"publish","type":"page","link":"https:\/\/montreux-vieux.net\/?page_id=19756","title":{"rendered":"Braconnage dans le bois"},"content":{"rendered":"\n<p>MONTREUX-VIEUX, 27 octobre 1909. \u2014 Nous avons racont\u00e9 qu&rsquo;un garde a tir\u00e9 l\u2019autre jour sur un homme qu&rsquo;il a surpris en flagrant d\u00e9lit de braconnage dans le bois de Willern. La &lt; Landeszeitung &gt; rapporte que le bless\u00e9 ne s\u2019\u00e9tait nullement rendu coupable de braconnage et que le garde a tir\u00e9 sur lui \u00e0 une distance de 20 m\u00e8tres, ob\u00e9issant \u00e0 l\u2019injonction d&rsquo;un fils du fermier de la chasse, La victime de&nbsp; cet acte d\u2019arbitraire a re\u00e7u 11 plombs au-dessous du genou. On craint que l&rsquo;amputation ne soit n\u00e9cessaire.<\/p>\n\n\n\n<p>Sources\u00a0: Express du 28 octobre 1909<\/p>\n\n\n\n<p>Chronique judiciaire COUR D\u2019ASSISES : Audience du 18 mars Le garde forestier Jacques-Jules Resz, de Chavannes-sur-l\u2019 Etang, est accus\u00e9 d avoir le 21 octobre 1909, dans l\u2019exercice; de ses \u00a0fonctions, maltrait\u00e9 volontairement le sieur Charles Lucien Arnoux et d\u2019avoir par ses faits provoqu\u00e9 sa mort.<\/p>\n\n\n\n<p>Pendant une battue que M. W. Laible, exp\u00e9diteur de Montreux-Vieux, avait organis\u00e9e dimanche le 27 octobre dans la for\u00eat do Willern, un des truqueurs rencontra un individu couch\u00e9 sur un sac rempli d herbes s\u00e8ches. M. Laible averti, vint voir l individu et l\u2019interrogea sur sa pr\u00e9sence dans la for\u00eat. L\u2019 individu fit des r\u00e9ponses \u00e9vasives. Il avait dans sa poche un livret militaire fran\u00e7ais au non de Charles-Lucien Arnoux, de Rosi\u00e8res (Doubs), mais M. I.aibl e avait compris qu\u2019il se disait \u00eatre Russe. Comme le tsar avait pass\u00e9 la veille A Montreux Vieux et que le train imp\u00e9rial devait revenir &nbsp;par la m\u00eame voie le lendemain, M. W. Laible con\u00e7ut des soup\u00e7ons et vit dans Arnoux un anarchiste projetant un attentat contre le souverain russe.Il appela le garde forestier Resz et lui donna l\u2019ordre de conduire l\u2019\u00e9tranger A la station de gendarmerie do Montreux\u00bb. Resz accepta la mission et d\u00e9clara A Arnoux en fran\u00e7ais<\/p>\n\n\n\n<p>Qu\u2019il l\u2019arr\u00eatait au nom de la loi lui: signifiant qu\u2019il tirerait sur lui \u00e0 la moindre tentative de fuite. Arnoux suivit d\u2019abord le garde sur la route de Magny, mais bient\u00f4t&nbsp; fit un crochet pour s\u2019enfoncer dans la for\u00eat, malgr\u00e9 les efforts de Resz.&nbsp; Ce dernier pr\u00e9tend qu\u2019\u00e0 ce moment Arnoux l\u2019a assailli en le frappant avec une bouteille \u00e0 moiti\u00e9 pleine et que de cette fa\u00e7on le prisonnier est parvenu \u00e0 fuir. Comme il ne s&rsquo;\u00e9tait pas arr\u00eat\u00e9 aux trois sommations du garde, celui-ci a tir\u00e9 et la charge de plombs a atteint \u00e0 la cuisse Arnoux qui a succomb\u00e9 deux jours plus tard A l\u2019h\u00f4pital do Mulhouse. La blessure avait provoqu\u00e9 une inflammation &nbsp;aigu\u00eb des tissus cellulaires et une infection g\u00e9n\u00e9rale. Resz all\u00e8gue que, charg\u00e9 \u00e0 &nbsp;la surveillance de la voie \u00e0 l\u2019occasion du voyage du tsar, il avait mission d\u2019arr\u00eater les individus suspects et de les conduire \u00e0 la gendarmerie. Le &nbsp;jury r\u00e9pond affirmativement \u00e0 la &nbsp;question de coups et blessures ayant occasionn\u00e9 la mort et \u00e0 celle des circonstances att\u00e9nuantes. Resz est condamn\u00e9 \u00e0 4 mois de prison.<\/p>\n\n\n\n<p>Sources&nbsp;: Express 19 mars 1910<\/p>\n","protected":false},"excerpt":{"rendered":"<p>MONTREUX-VIEUX, 27 octobre 1909. \u2014 Nous avons racont\u00e9 qu&rsquo;un garde a tir\u00e9 l\u2019autre jour sur un homme qu&rsquo;il a surpris en flagrant d\u00e9lit de braconnage dans le bois de Willern. La &lt; Landeszeitung &gt; rapporte que le bless\u00e9 ne s\u2019\u00e9tait &hellip; <a href=\"https:\/\/montreux-vieux.net\/?page_id=19756\">Continuer la lecture <span class=\"meta-nav\">&rarr;<\/span><\/a><\/p>\n","protected":false},"author":1,"featured_media":0,"parent":13044,"menu_order":185,"comment_status":"closed","ping_status":"open","template":"","meta":{"footnotes":""},"class_list":["post-19756","page","type-page","status-publish","hentry"],"_links":{"self":[{"href":"https:\/\/montreux-vieux.net\/index.php?rest_route=\/wp\/v2\/pages\/19756","targetHints":{"allow":["GET"]}}],"collection":[{"href":"https:\/\/montreux-vieux.net\/index.php?rest_route=\/wp\/v2\/pages"}],"about":[{"href":"https:\/\/montreux-vieux.net\/index.php?rest_route=\/wp\/v2\/types\/page"}],"author":[{"embeddable":true,"href":"https:\/\/montreux-vieux.net\/index.php?rest_route=\/wp\/v2\/users\/1"}],"replies":[{"embeddable":true,"href":"https:\/\/montreux-vieux.net\/index.php?rest_route=%2Fwp%2Fv2%2Fcomments&post=19756"}],"version-history":[{"count":2,"href":"https:\/\/montreux-vieux.net\/index.php?rest_route=\/wp\/v2\/pages\/19756\/revisions"}],"predecessor-version":[{"id":19854,"href":"https:\/\/montreux-vieux.net\/index.php?rest_route=\/wp\/v2\/pages\/19756\/revisions\/19854"}],"up":[{"embeddable":true,"href":"https:\/\/montreux-vieux.net\/index.php?rest_route=\/wp\/v2\/pages\/13044"}],"wp:attachment":[{"href":"https:\/\/montreux-vieux.net\/index.php?rest_route=%2Fwp%2Fv2%2Fmedia&parent=19756"}],"curies":[{"name":"wp","href":"https:\/\/api.w.org\/{rel}","templated":true}]}}