{"id":19763,"date":"2020-06-19T14:30:32","date_gmt":"2020-06-19T13:30:32","guid":{"rendered":"http:\/\/montreux-vieux.net\/?page_id=19763"},"modified":"2020-06-19T14:30:32","modified_gmt":"2020-06-19T13:30:32","slug":"frais-de-lincendie-de-la-maison-rossat","status":"publish","type":"page","link":"https:\/\/montreux-vieux.net\/?page_id=19763","title":{"rendered":"Frais de l&rsquo;incendie de la maison Rossat"},"content":{"rendered":"\n<p>Le conseil municipal de Montreux-Ch\u00e2teau statuant sur la demande de la commune de Montreux-Vieux, qui r\u00e9clame 505 francs pour prix de la de son corps de sapeurs-pompiers a l&rsquo;extinction de l\u2019 incendie de la maison Rossat estime que celte demande para\u00eet exag\u00e9r\u00e9e et offre la somme de 100 fr.<\/p>\n\n\n\n<p>Sources&nbsp;: Le R\u00e9publicain de Belfort&nbsp; 19 mars 1932<\/p>\n","protected":false},"excerpt":{"rendered":"<p>Le conseil municipal de Montreux-Ch\u00e2teau statuant sur la demande de la commune de Montreux-Vieux, qui r\u00e9clame 505 francs pour prix de la de son corps de sapeurs-pompiers a l&rsquo;extinction de l\u2019 incendie de la maison Rossat estime que celte demande &hellip; <a href=\"https:\/\/montreux-vieux.net\/?page_id=19763\">Continuer la lecture <span class=\"meta-nav\">&rarr;<\/span><\/a><\/p>\n","protected":false},"author":1,"featured_media":0,"parent":4107,"menu_order":30,"comment_status":"closed","ping_status":"open","template":"","meta":{"footnotes":""},"class_list":["post-19763","page","type-page","status-publish","hentry"],"_links":{"self":[{"href":"https:\/\/montreux-vieux.net\/index.php?rest_route=\/wp\/v2\/pages\/19763","targetHints":{"allow":["GET"]}}],"collection":[{"href":"https:\/\/montreux-vieux.net\/index.php?rest_route=\/wp\/v2\/pages"}],"about":[{"href":"https:\/\/montreux-vieux.net\/index.php?rest_route=\/wp\/v2\/types\/page"}],"author":[{"embeddable":true,"href":"https:\/\/montreux-vieux.net\/index.php?rest_route=\/wp\/v2\/users\/1"}],"replies":[{"embeddable":true,"href":"https:\/\/montreux-vieux.net\/index.php?rest_route=%2Fwp%2Fv2%2Fcomments&post=19763"}],"version-history":[{"count":1,"href":"https:\/\/montreux-vieux.net\/index.php?rest_route=\/wp\/v2\/pages\/19763\/revisions"}],"predecessor-version":[{"id":19764,"href":"https:\/\/montreux-vieux.net\/index.php?rest_route=\/wp\/v2\/pages\/19763\/revisions\/19764"}],"up":[{"embeddable":true,"href":"https:\/\/montreux-vieux.net\/index.php?rest_route=\/wp\/v2\/pages\/4107"}],"wp:attachment":[{"href":"https:\/\/montreux-vieux.net\/index.php?rest_route=%2Fwp%2Fv2%2Fmedia&parent=19763"}],"curies":[{"name":"wp","href":"https:\/\/api.w.org\/{rel}","templated":true}]}}