{"id":19766,"date":"2020-06-20T09:53:28","date_gmt":"2020-06-20T08:53:28","guid":{"rendered":"http:\/\/montreux-vieux.net\/?page_id=19766"},"modified":"2020-06-20T09:53:28","modified_gmt":"2020-06-20T08:53:28","slug":"le-train-nattend-pas","status":"publish","type":"page","link":"https:\/\/montreux-vieux.net\/?page_id=19766","title":{"rendered":"Le train n&rsquo;attend pas."},"content":{"rendered":"\n<p>Chemin de fer. \u2014 Les voyageurs venant de France par le train qui passe \u00e0 midi \u00e0 Montreux-Vieux ont \u00e9t\u00e9 fort d\u00e9sagr\u00e9ablement surpris hier en s\u2019apercevant que le train d&rsquo;Alsace n\u2019avait pas daign\u00e9 les attendre, ce qui les a oblig\u00e9s \u00e0 prendre patience en visitant, quatre heures durant, les monuments et \u00e9difices de Montreux-Vieux. Il faut dire que le train de France avait quelque retard, mais, cela n&#8217;emp\u00eache, les voyageurs l\u2019ont trouv\u00e9 mauvaise.<\/p>\n\n\n\n<p>Sources&nbsp;: Express 26 avril 1888<\/p>\n","protected":false},"excerpt":{"rendered":"<p>Chemin de fer. \u2014 Les voyageurs venant de France par le train qui passe \u00e0 midi \u00e0 Montreux-Vieux ont \u00e9t\u00e9 fort d\u00e9sagr\u00e9ablement surpris hier en s\u2019apercevant que le train d&rsquo;Alsace n\u2019avait pas daign\u00e9 les attendre, ce qui les a oblig\u00e9s &hellip; <a href=\"https:\/\/montreux-vieux.net\/?page_id=19766\">Continuer la lecture <span class=\"meta-nav\">&rarr;<\/span><\/a><\/p>\n","protected":false},"author":1,"featured_media":0,"parent":13013,"menu_order":65,"comment_status":"closed","ping_status":"open","template":"","meta":{"footnotes":""},"class_list":["post-19766","page","type-page","status-publish","hentry"],"_links":{"self":[{"href":"https:\/\/montreux-vieux.net\/index.php?rest_route=\/wp\/v2\/pages\/19766","targetHints":{"allow":["GET"]}}],"collection":[{"href":"https:\/\/montreux-vieux.net\/index.php?rest_route=\/wp\/v2\/pages"}],"about":[{"href":"https:\/\/montreux-vieux.net\/index.php?rest_route=\/wp\/v2\/types\/page"}],"author":[{"embeddable":true,"href":"https:\/\/montreux-vieux.net\/index.php?rest_route=\/wp\/v2\/users\/1"}],"replies":[{"embeddable":true,"href":"https:\/\/montreux-vieux.net\/index.php?rest_route=%2Fwp%2Fv2%2Fcomments&post=19766"}],"version-history":[{"count":1,"href":"https:\/\/montreux-vieux.net\/index.php?rest_route=\/wp\/v2\/pages\/19766\/revisions"}],"predecessor-version":[{"id":19767,"href":"https:\/\/montreux-vieux.net\/index.php?rest_route=\/wp\/v2\/pages\/19766\/revisions\/19767"}],"up":[{"embeddable":true,"href":"https:\/\/montreux-vieux.net\/index.php?rest_route=\/wp\/v2\/pages\/13013"}],"wp:attachment":[{"href":"https:\/\/montreux-vieux.net\/index.php?rest_route=%2Fwp%2Fv2%2Fmedia&parent=19766"}],"curies":[{"name":"wp","href":"https:\/\/api.w.org\/{rel}","templated":true}]}}