{"id":19777,"date":"2020-06-20T16:15:53","date_gmt":"2020-06-20T15:15:53","guid":{"rendered":"http:\/\/montreux-vieux.net\/?page_id=19777"},"modified":"2020-06-20T16:15:53","modified_gmt":"2020-06-20T15:15:53","slug":"il-a-confondu-vin-et-acide","status":"publish","type":"page","link":"https:\/\/montreux-vieux.net\/?page_id=19777","title":{"rendered":"Il a confondu vin et acide"},"content":{"rendered":"\n<p>Montreux-Vieux, 22 juillet. \u2014 Un ouvrier qui avait soif saisit une bouteille qu il croyait en contenir du vin et en avala un long trait. le malheureux s&rsquo;\u00e9tait tromp\u00e9 et avait bu de l acide ride sulfurique. Il ne tarda pas \u00e0 expirer dans d\u2019horribles souffrances.<\/p>\n\n\n\n<p>Sources&nbsp;: Express 23 juillet 1902<\/p>\n","protected":false},"excerpt":{"rendered":"<p>Montreux-Vieux, 22 juillet. \u2014 Un ouvrier qui avait soif saisit une bouteille qu il croyait en contenir du vin et en avala un long trait. le malheureux s&rsquo;\u00e9tait tromp\u00e9 et avait bu de l acide ride sulfurique. Il ne tarda &hellip; <a href=\"https:\/\/montreux-vieux.net\/?page_id=19777\">Continuer la lecture <span class=\"meta-nav\">&rarr;<\/span><\/a><\/p>\n","protected":false},"author":1,"featured_media":0,"parent":13044,"menu_order":200,"comment_status":"closed","ping_status":"open","template":"","meta":{"footnotes":""},"class_list":["post-19777","page","type-page","status-publish","hentry"],"_links":{"self":[{"href":"https:\/\/montreux-vieux.net\/index.php?rest_route=\/wp\/v2\/pages\/19777","targetHints":{"allow":["GET"]}}],"collection":[{"href":"https:\/\/montreux-vieux.net\/index.php?rest_route=\/wp\/v2\/pages"}],"about":[{"href":"https:\/\/montreux-vieux.net\/index.php?rest_route=\/wp\/v2\/types\/page"}],"author":[{"embeddable":true,"href":"https:\/\/montreux-vieux.net\/index.php?rest_route=\/wp\/v2\/users\/1"}],"replies":[{"embeddable":true,"href":"https:\/\/montreux-vieux.net\/index.php?rest_route=%2Fwp%2Fv2%2Fcomments&post=19777"}],"version-history":[{"count":1,"href":"https:\/\/montreux-vieux.net\/index.php?rest_route=\/wp\/v2\/pages\/19777\/revisions"}],"predecessor-version":[{"id":19778,"href":"https:\/\/montreux-vieux.net\/index.php?rest_route=\/wp\/v2\/pages\/19777\/revisions\/19778"}],"up":[{"embeddable":true,"href":"https:\/\/montreux-vieux.net\/index.php?rest_route=\/wp\/v2\/pages\/13044"}],"wp:attachment":[{"href":"https:\/\/montreux-vieux.net\/index.php?rest_route=%2Fwp%2Fv2%2Fmedia&parent=19777"}],"curies":[{"name":"wp","href":"https:\/\/api.w.org\/{rel}","templated":true}]}}