{"id":19780,"date":"2020-06-20T16:28:03","date_gmt":"2020-06-20T15:28:03","guid":{"rendered":"http:\/\/montreux-vieux.net\/?page_id=19780"},"modified":"2020-06-20T16:28:03","modified_gmt":"2020-06-20T15:28:03","slug":"cuenin-gustave-acquitte","status":"publish","type":"page","link":"https:\/\/montreux-vieux.net\/?page_id=19780","title":{"rendered":"Cuenin Gustave acquitt\u00e9"},"content":{"rendered":"\n<p>Le sieur Gustave Cuenin, \u00e2g\u00e9 de 21 ans, originaire de Montreux-Vieux, accus\u00e9 de fabrication de fausse monnaie, est acquitt\u00e9.<\/p>\n\n\n\n<p>Sources&nbsp;: Express du 24&nbsp; avril 1897<\/p>\n","protected":false},"excerpt":{"rendered":"<p>Le sieur Gustave Cuenin, \u00e2g\u00e9 de 21 ans, originaire de Montreux-Vieux, accus\u00e9 de fabrication de fausse monnaie, est acquitt\u00e9. Sources&nbsp;: Express du 24&nbsp; avril 1897<\/p>\n","protected":false},"author":1,"featured_media":0,"parent":13095,"menu_order":120,"comment_status":"closed","ping_status":"open","template":"","meta":{"footnotes":""},"class_list":["post-19780","page","type-page","status-publish","hentry"],"_links":{"self":[{"href":"https:\/\/montreux-vieux.net\/index.php?rest_route=\/wp\/v2\/pages\/19780","targetHints":{"allow":["GET"]}}],"collection":[{"href":"https:\/\/montreux-vieux.net\/index.php?rest_route=\/wp\/v2\/pages"}],"about":[{"href":"https:\/\/montreux-vieux.net\/index.php?rest_route=\/wp\/v2\/types\/page"}],"author":[{"embeddable":true,"href":"https:\/\/montreux-vieux.net\/index.php?rest_route=\/wp\/v2\/users\/1"}],"replies":[{"embeddable":true,"href":"https:\/\/montreux-vieux.net\/index.php?rest_route=%2Fwp%2Fv2%2Fcomments&post=19780"}],"version-history":[{"count":1,"href":"https:\/\/montreux-vieux.net\/index.php?rest_route=\/wp\/v2\/pages\/19780\/revisions"}],"predecessor-version":[{"id":19781,"href":"https:\/\/montreux-vieux.net\/index.php?rest_route=\/wp\/v2\/pages\/19780\/revisions\/19781"}],"up":[{"embeddable":true,"href":"https:\/\/montreux-vieux.net\/index.php?rest_route=\/wp\/v2\/pages\/13095"}],"wp:attachment":[{"href":"https:\/\/montreux-vieux.net\/index.php?rest_route=%2Fwp%2Fv2%2Fmedia&parent=19780"}],"curies":[{"name":"wp","href":"https:\/\/api.w.org\/{rel}","templated":true}]}}