{"id":19783,"date":"2020-06-20T17:02:04","date_gmt":"2020-06-20T16:02:04","guid":{"rendered":"http:\/\/montreux-vieux.net\/?page_id=19783"},"modified":"2020-06-20T17:02:04","modified_gmt":"2020-06-20T16:02:04","slug":"laible-maire-et-fondateur-de-la-maison-de-transports-internationaux","status":"publish","type":"page","link":"https:\/\/montreux-vieux.net\/?page_id=19783","title":{"rendered":"Laible maire et  fondateur de la maison de transports internationaux"},"content":{"rendered":"\n<p>MONTREUX-VIEUX. &#8211; On an nonce la mort de M. Laibl\u00e9, maire de Montreux-Vieux, qui a succomb\u00e9 \u00e0 une congestion \u00e0 Marseille, ou il \u00e9tait en voyage d affaires. Le d\u00e9funt \u00e9tait \u00e2ge de fil) ans. li a fond\u00e9 la grande maison d exp\u00e9dition et de transports internationaux<\/p>\n\n\n\n<p>Sources&nbsp;: L\u2019Alsacien-Lorrain de Paris et les d\u00e9partements fran\u00e7ais annex\u00e9s 31 mars 1912<\/p>\n","protected":false},"excerpt":{"rendered":"<p>MONTREUX-VIEUX. &#8211; On an nonce la mort de M. Laibl\u00e9, maire de Montreux-Vieux, qui a succomb\u00e9 \u00e0 une congestion \u00e0 Marseille, ou il \u00e9tait en voyage d affaires. Le d\u00e9funt \u00e9tait \u00e2ge de fil) ans. li a fond\u00e9 la grande &hellip; <a href=\"https:\/\/montreux-vieux.net\/?page_id=19783\">Continuer la lecture <span class=\"meta-nav\">&rarr;<\/span><\/a><\/p>\n","protected":false},"author":1,"featured_media":0,"parent":4091,"menu_order":110,"comment_status":"closed","ping_status":"open","template":"","meta":{"footnotes":""},"class_list":["post-19783","page","type-page","status-publish","hentry"],"_links":{"self":[{"href":"https:\/\/montreux-vieux.net\/index.php?rest_route=\/wp\/v2\/pages\/19783","targetHints":{"allow":["GET"]}}],"collection":[{"href":"https:\/\/montreux-vieux.net\/index.php?rest_route=\/wp\/v2\/pages"}],"about":[{"href":"https:\/\/montreux-vieux.net\/index.php?rest_route=\/wp\/v2\/types\/page"}],"author":[{"embeddable":true,"href":"https:\/\/montreux-vieux.net\/index.php?rest_route=\/wp\/v2\/users\/1"}],"replies":[{"embeddable":true,"href":"https:\/\/montreux-vieux.net\/index.php?rest_route=%2Fwp%2Fv2%2Fcomments&post=19783"}],"version-history":[{"count":1,"href":"https:\/\/montreux-vieux.net\/index.php?rest_route=\/wp\/v2\/pages\/19783\/revisions"}],"predecessor-version":[{"id":19784,"href":"https:\/\/montreux-vieux.net\/index.php?rest_route=\/wp\/v2\/pages\/19783\/revisions\/19784"}],"up":[{"embeddable":true,"href":"https:\/\/montreux-vieux.net\/index.php?rest_route=\/wp\/v2\/pages\/4091"}],"wp:attachment":[{"href":"https:\/\/montreux-vieux.net\/index.php?rest_route=%2Fwp%2Fv2%2Fmedia&parent=19783"}],"curies":[{"name":"wp","href":"https:\/\/api.w.org\/{rel}","templated":true}]}}