{"id":19795,"date":"2020-06-21T12:58:24","date_gmt":"2020-06-21T11:58:24","guid":{"rendered":"http:\/\/montreux-vieux.net\/?page_id=19795"},"modified":"2020-06-21T12:58:24","modified_gmt":"2020-06-21T11:58:24","slug":"laible-nomme-maire-par-le-gouvernement","status":"publish","type":"page","link":"https:\/\/montreux-vieux.net\/?page_id=19795","title":{"rendered":"Laibl\u00e9 nomm\u00e9 maire par le gouvernement"},"content":{"rendered":"\n<p>MONTREUX-VIEUX, 18 janvier. \u2014 M. Laibl\u00e9, maire de Montreux-Vieux, qui avait donn\u00e9 sa d\u00e9mission \u00e0 la suite de conflits qui s\u2019\u00e9taient \u00e9lev\u00e9s entre le cur\u00e9 et lui, a \u00e9t\u00e9 nomm\u00e9 de nouveau \u00e0 son poste par le gouvernement<\/p>\n\n\n\n<p>Sources&nbsp;: L\u2019Express 19 janvier 1910<\/p>\n","protected":false},"excerpt":{"rendered":"<p>MONTREUX-VIEUX, 18 janvier. \u2014 M. Laibl\u00e9, maire de Montreux-Vieux, qui avait donn\u00e9 sa d\u00e9mission \u00e0 la suite de conflits qui s\u2019\u00e9taient \u00e9lev\u00e9s entre le cur\u00e9 et lui, a \u00e9t\u00e9 nomm\u00e9 de nouveau \u00e0 son poste par le gouvernement Sources&nbsp;: L\u2019Express &hellip; <a href=\"https:\/\/montreux-vieux.net\/?page_id=19795\">Continuer la lecture <span class=\"meta-nav\">&rarr;<\/span><\/a><\/p>\n","protected":false},"author":1,"featured_media":0,"parent":13095,"menu_order":125,"comment_status":"closed","ping_status":"open","template":"","meta":{"footnotes":""},"class_list":["post-19795","page","type-page","status-publish","hentry"],"_links":{"self":[{"href":"https:\/\/montreux-vieux.net\/index.php?rest_route=\/wp\/v2\/pages\/19795","targetHints":{"allow":["GET"]}}],"collection":[{"href":"https:\/\/montreux-vieux.net\/index.php?rest_route=\/wp\/v2\/pages"}],"about":[{"href":"https:\/\/montreux-vieux.net\/index.php?rest_route=\/wp\/v2\/types\/page"}],"author":[{"embeddable":true,"href":"https:\/\/montreux-vieux.net\/index.php?rest_route=\/wp\/v2\/users\/1"}],"replies":[{"embeddable":true,"href":"https:\/\/montreux-vieux.net\/index.php?rest_route=%2Fwp%2Fv2%2Fcomments&post=19795"}],"version-history":[{"count":1,"href":"https:\/\/montreux-vieux.net\/index.php?rest_route=\/wp\/v2\/pages\/19795\/revisions"}],"predecessor-version":[{"id":19796,"href":"https:\/\/montreux-vieux.net\/index.php?rest_route=\/wp\/v2\/pages\/19795\/revisions\/19796"}],"up":[{"embeddable":true,"href":"https:\/\/montreux-vieux.net\/index.php?rest_route=\/wp\/v2\/pages\/13095"}],"wp:attachment":[{"href":"https:\/\/montreux-vieux.net\/index.php?rest_route=%2Fwp%2Fv2%2Fmedia&parent=19795"}],"curies":[{"name":"wp","href":"https:\/\/api.w.org\/{rel}","templated":true}]}}