{"id":19801,"date":"2020-06-22T08:46:06","date_gmt":"2020-06-22T07:46:06","guid":{"rendered":"http:\/\/montreux-vieux.net\/?page_id=19801"},"modified":"2020-06-22T08:46:14","modified_gmt":"2020-06-22T07:46:14","slug":"rixe-sanglance","status":"publish","type":"page","link":"https:\/\/montreux-vieux.net\/?page_id=19801","title":{"rendered":"Rixe sanglante"},"content":{"rendered":"\n<p>Montreux-Vieux. \u2014 On nous \u00e9crit le 12 juillet : Une querelle qui a d\u00e9g\u00e9n\u00e9r\u00e9 en rixe sanglante a \u00e9clat\u00e9 hier soir, pour une cause futile, au buffet de la gare, entre deux employ\u00e9s d\u2019une maison d\u2019exp\u00e9dition de notre localit\u00e9. Il a fallu que la gendarmerie vint en nombre pour s\u00e9parer les combattants, au nombre de vingt au moins, qui tapaient les uns sur les autres comme des sourds et auxquels tous les meubles du restaurant servaient d\u2019armes d\u00e9fensives ou offensives. Force est rest\u00e9e aux repr\u00e9sentants de la loi. On a appel\u00e9 en toute h\u00e2te les m\u00e9decins de Foussemagne et de Dannemarie pour donner des soins aux bless\u00e9s, parmi lesquels les deux employ\u00e9s en question, l\u2019exp\u00e9diteur et le patron du buffet le sont gri\u00e8vement.<\/p>\n\n\n\n<p>Sources&nbsp;: Express 14 juillet 1891<\/p>\n","protected":false},"excerpt":{"rendered":"<p>Montreux-Vieux. \u2014 On nous \u00e9crit le 12 juillet : Une querelle qui a d\u00e9g\u00e9n\u00e9r\u00e9 en rixe sanglante a \u00e9clat\u00e9 hier soir, pour une cause futile, au buffet de la gare, entre deux employ\u00e9s d\u2019une maison d\u2019exp\u00e9dition de notre localit\u00e9. Il &hellip; <a href=\"https:\/\/montreux-vieux.net\/?page_id=19801\">Continuer la lecture <span class=\"meta-nav\">&rarr;<\/span><\/a><\/p>\n","protected":false},"author":1,"featured_media":0,"parent":13044,"menu_order":210,"comment_status":"closed","ping_status":"open","template":"","meta":{"footnotes":""},"class_list":["post-19801","page","type-page","status-publish","hentry"],"_links":{"self":[{"href":"https:\/\/montreux-vieux.net\/index.php?rest_route=\/wp\/v2\/pages\/19801","targetHints":{"allow":["GET"]}}],"collection":[{"href":"https:\/\/montreux-vieux.net\/index.php?rest_route=\/wp\/v2\/pages"}],"about":[{"href":"https:\/\/montreux-vieux.net\/index.php?rest_route=\/wp\/v2\/types\/page"}],"author":[{"embeddable":true,"href":"https:\/\/montreux-vieux.net\/index.php?rest_route=\/wp\/v2\/users\/1"}],"replies":[{"embeddable":true,"href":"https:\/\/montreux-vieux.net\/index.php?rest_route=%2Fwp%2Fv2%2Fcomments&post=19801"}],"version-history":[{"count":2,"href":"https:\/\/montreux-vieux.net\/index.php?rest_route=\/wp\/v2\/pages\/19801\/revisions"}],"predecessor-version":[{"id":19803,"href":"https:\/\/montreux-vieux.net\/index.php?rest_route=\/wp\/v2\/pages\/19801\/revisions\/19803"}],"up":[{"embeddable":true,"href":"https:\/\/montreux-vieux.net\/index.php?rest_route=\/wp\/v2\/pages\/13044"}],"wp:attachment":[{"href":"https:\/\/montreux-vieux.net\/index.php?rest_route=%2Fwp%2Fv2%2Fmedia&parent=19801"}],"curies":[{"name":"wp","href":"https:\/\/api.w.org\/{rel}","templated":true}]}}