{"id":19804,"date":"2020-06-22T08:51:45","date_gmt":"2020-06-22T07:51:45","guid":{"rendered":"http:\/\/montreux-vieux.net\/?page_id=19804"},"modified":"2020-06-22T08:51:45","modified_gmt":"2020-06-22T07:51:45","slug":"un-noye-dans-le-canal","status":"publish","type":"page","link":"https:\/\/montreux-vieux.net\/?page_id=19804","title":{"rendered":"Un noy\u00e9 dans le canal."},"content":{"rendered":"\n<p>MONTREUX-VIEUX. \u2014 Un noy\u00e9 dans le canal. \u2014 Lundi pass\u00e9 des passants&nbsp; aper\u00e7urent, flottant dans l\u2019exigu du canal, \u00e0 proximit\u00e9 de &nbsp;l\u2019\u00e9cluse N\u00b02 le ; cadavre d\u2019un homme..<\/p>\n\n\n\n<p>Le corps fui retir\u00e9 sur la berge. Il para\u00eet avoir s\u00e9journ\u00e9 dans l\u2019eau depuis plusieurs &nbsp;jours.<\/p>\n\n\n\n<p>La gendarmerie a fait les constatations &nbsp;d&rsquo;usage, et a ouvert une- enqu\u00eate &nbsp;pour \u00e9tablir l\u2019identit\u00e9 du mort. On croit qu\u2019il s\u2019agit d\u2019&rsquo;un des ouvriers charg\u00e9s de ta r\u00e9paration du canal. Le malheureux .serait tomb\u00e9 \u00e0 l\u2019eau, accidentellement et, personne lui venant a son secours, il se serait noy\u00e9.<\/p>\n\n\n\n<p>Sources&nbsp;: L\u2019Express de Mulhouse 20 d\u00e9cembre 1928<\/p>\n","protected":false},"excerpt":{"rendered":"<p>MONTREUX-VIEUX. \u2014 Un noy\u00e9 dans le canal. \u2014 Lundi pass\u00e9 des passants&nbsp; aper\u00e7urent, flottant dans l\u2019exigu du canal, \u00e0 proximit\u00e9 de &nbsp;l\u2019\u00e9cluse N\u00b02 le ; cadavre d\u2019un homme.. Le corps fui retir\u00e9 sur la berge. Il para\u00eet avoir s\u00e9journ\u00e9 dans &hellip; <a href=\"https:\/\/montreux-vieux.net\/?page_id=19804\">Continuer la lecture <span class=\"meta-nav\">&rarr;<\/span><\/a><\/p>\n","protected":false},"author":1,"featured_media":0,"parent":13044,"menu_order":215,"comment_status":"closed","ping_status":"open","template":"","meta":{"footnotes":""},"class_list":["post-19804","page","type-page","status-publish","hentry"],"_links":{"self":[{"href":"https:\/\/montreux-vieux.net\/index.php?rest_route=\/wp\/v2\/pages\/19804","targetHints":{"allow":["GET"]}}],"collection":[{"href":"https:\/\/montreux-vieux.net\/index.php?rest_route=\/wp\/v2\/pages"}],"about":[{"href":"https:\/\/montreux-vieux.net\/index.php?rest_route=\/wp\/v2\/types\/page"}],"author":[{"embeddable":true,"href":"https:\/\/montreux-vieux.net\/index.php?rest_route=\/wp\/v2\/users\/1"}],"replies":[{"embeddable":true,"href":"https:\/\/montreux-vieux.net\/index.php?rest_route=%2Fwp%2Fv2%2Fcomments&post=19804"}],"version-history":[{"count":1,"href":"https:\/\/montreux-vieux.net\/index.php?rest_route=\/wp\/v2\/pages\/19804\/revisions"}],"predecessor-version":[{"id":19805,"href":"https:\/\/montreux-vieux.net\/index.php?rest_route=\/wp\/v2\/pages\/19804\/revisions\/19805"}],"up":[{"embeddable":true,"href":"https:\/\/montreux-vieux.net\/index.php?rest_route=\/wp\/v2\/pages\/13044"}],"wp:attachment":[{"href":"https:\/\/montreux-vieux.net\/index.php?rest_route=%2Fwp%2Fv2%2Fmedia&parent=19804"}],"curies":[{"name":"wp","href":"https:\/\/api.w.org\/{rel}","templated":true}]}}