{"id":19811,"date":"2020-06-22T13:11:14","date_gmt":"2020-06-22T12:11:14","guid":{"rendered":"http:\/\/montreux-vieux.net\/?page_id=19811"},"modified":"2020-06-22T13:11:14","modified_gmt":"2020-06-22T12:11:14","slug":"lomelette-monstre","status":"publish","type":"page","link":"https:\/\/montreux-vieux.net\/?page_id=19811","title":{"rendered":"L\u2019omelette monstre."},"content":{"rendered":"\n<p>MONTREUX-VIEUX L\u2019omelette monstre. \u2014 En revenant du march\u00e9 de Montreux-Vieux, o\u00f9 il avait achet\u00e9 plusieurs centaines d\u2019\u0153ufs, soit trois paniers pleins, qu\u2019il avait plac\u00e9s derri\u00e8re le si\u00e8ge de sa voiture, M. S. perdit la ma\u00eetrise de son auto par suite de l\u2019\u00e9clatement d\u2019un pneu et alla se jeter contre un, arbre. Les deux occupants de la voiture se tir\u00e8rent indemnes de l\u2019accident: la voiture ne subit que de l\u00e9gers d\u00e9g\u00e2ts; mais par contre, les trois paniers ne renfermaient plus que des omelettes peu app\u00e9tissantes. Les d\u00e9g\u00e2ts se chiffrent \u00e0 quelques centaines de francs.<\/p>\n\n\n\n<p>Sources&nbsp;: L\u2019Express de Mulhouse 18 mai 1934<\/p>\n","protected":false},"excerpt":{"rendered":"<p>MONTREUX-VIEUX L\u2019omelette monstre. \u2014 En revenant du march\u00e9 de Montreux-Vieux, o\u00f9 il avait achet\u00e9 plusieurs centaines d\u2019\u0153ufs, soit trois paniers pleins, qu\u2019il avait plac\u00e9s derri\u00e8re le si\u00e8ge de sa voiture, M. S. perdit la ma\u00eetrise de son auto par suite &hellip; <a href=\"https:\/\/montreux-vieux.net\/?page_id=19811\">Continuer la lecture <span class=\"meta-nav\">&rarr;<\/span><\/a><\/p>\n","protected":false},"author":1,"featured_media":0,"parent":13044,"menu_order":220,"comment_status":"closed","ping_status":"open","template":"","meta":{"footnotes":""},"class_list":["post-19811","page","type-page","status-publish","hentry"],"_links":{"self":[{"href":"https:\/\/montreux-vieux.net\/index.php?rest_route=\/wp\/v2\/pages\/19811","targetHints":{"allow":["GET"]}}],"collection":[{"href":"https:\/\/montreux-vieux.net\/index.php?rest_route=\/wp\/v2\/pages"}],"about":[{"href":"https:\/\/montreux-vieux.net\/index.php?rest_route=\/wp\/v2\/types\/page"}],"author":[{"embeddable":true,"href":"https:\/\/montreux-vieux.net\/index.php?rest_route=\/wp\/v2\/users\/1"}],"replies":[{"embeddable":true,"href":"https:\/\/montreux-vieux.net\/index.php?rest_route=%2Fwp%2Fv2%2Fcomments&post=19811"}],"version-history":[{"count":1,"href":"https:\/\/montreux-vieux.net\/index.php?rest_route=\/wp\/v2\/pages\/19811\/revisions"}],"predecessor-version":[{"id":19812,"href":"https:\/\/montreux-vieux.net\/index.php?rest_route=\/wp\/v2\/pages\/19811\/revisions\/19812"}],"up":[{"embeddable":true,"href":"https:\/\/montreux-vieux.net\/index.php?rest_route=\/wp\/v2\/pages\/13044"}],"wp:attachment":[{"href":"https:\/\/montreux-vieux.net\/index.php?rest_route=%2Fwp%2Fv2%2Fmedia&parent=19811"}],"curies":[{"name":"wp","href":"https:\/\/api.w.org\/{rel}","templated":true}]}}