{"id":19824,"date":"2020-06-23T13:15:43","date_gmt":"2020-06-23T12:15:43","guid":{"rendered":"http:\/\/montreux-vieux.net\/?page_id=19824"},"modified":"2020-07-26T15:59:36","modified_gmt":"2020-07-26T14:59:36","slug":"arrestation-de-malfaiteurs","status":"publish","type":"page","link":"https:\/\/montreux-vieux.net\/?page_id=19824","title":{"rendered":"Arrestation de malfaiteurs"},"content":{"rendered":"\n<p>MONTREUX-VIEUX, 30 d\u00e9cembre 1909. \u2014 Deux malfaiteurs ont cambriol\u00e9 hier soir la maison de la veuve Boillat qui est situ\u00e9e \u00e0 une extr\u00e9mit\u00e9 du village et se trouve isol\u00e9e. Vers minuit ils y ont p\u00e9n\u00e9tr\u00e9 par une fen\u00eatre dont ils ont coup\u00e9 un carreau et ont menac\u00e9 la pauvre vieille femme, qu\u2019ils avaient ligot\u00e9e, de la tuer si elle poussait un cri. Puis ils l\u2019ont oblig\u00e9e \u00e0 leur indiquer la cachette de son argent. C\u2019est ainsi qu&rsquo;ils ont fait main basse sur 50 M. Les malfaiteurs descendirent ensuite \u00e0 la cave, y cherch\u00e8rent du vin qu\u2019ils burent avant de s\u2019en aller. Vers le matin, Mme Boillat, plus morte que vive, r\u00e9ussit \u00e0 se d\u00e9barrasser des liens qui lui serraient les pieds et elle put se rendre, les mains encore li\u00e9es, chez sa fille qui demeure dans le village. La pauvre femme porte des \u00e9corchures aux bras et aux poignets. Elle n&rsquo;ose plus aller habiter sa maison<\/p>\n\n\n\n<p>Sources&nbsp;: Express 3 janvier 1910<\/p>\n\n\n\n<p>ARRESTATIONS. \u2014 La police a arr\u00eat\u00e9 samedi \u00e0 midi \u00e0 la gare deux individus qui \u00e9taient poursuivis pour vols par les parquets de Fribourg et de Metz. Les deux d\u00e9tenus ont avou\u00e9 en outre \u00eatre les auteurs d&rsquo;un vol par effraction commis ces jours derniers \u00e0 Montreux-Vieux (Voir plus loin, \u2014 R\u00e9d.), et d\u2019avoir assailli et d\u00e9pouill\u00e9 le 31 d\u00e9cembre une jeune fille sur la route d\u2019Altkirch<\/p>\n\n\n\n<p>Sources\u00a0: : Express 3 janvier 1910<\/p>\n\n\n\n<p>\u00a0ALTKTRCH. 7 janvier. \u2014 L\u2019 Express  a annonc\u00e9 l\u2019arrestation des deux bandits qui ont cambriol\u00e9 la maison d&rsquo;une veuve Baillot \u00e0 Montreux-Vieux. Apr\u00e8s cet exploit, les deux malfaiteurs ont assailli sur la route de Largitzen \u00e0 Hirtzbach, pr\u00e8s de la ferme du Kranzele, une servante nomm\u00e9e Marie Wadel qui venait de Friesen pour se rendre \u00e0 Altkirch o\u00f9 elle est  en condition. Les bandits ramen\u00e8rent la robe sur la t\u00eate de leur victime et la tra\u00een\u00e8rent \u00e0 un \u00e9tang pour l\u2019y noyer apr\u00e8s lui avoir enlev\u00e9e 33 M. quelle elle poss\u00e9dait. Mais ils ne mirent pas leur projet \u00e0 ex\u00e9cution. Ils se rendirent alors \u00e0 Hirtzbach et de l\u00e0 \u00e0 Saint-Louis o\u00f9 ils prirent le train pour Mulhouse. C&rsquo;est l\u00e0 qu ils ont \u00e9t\u00e9 reconnus par les agents de la police de s\u00fbret\u00e9. Ce sont deux Badois ; l\u2019un se nomme Eirgherr. est n\u00e9 \u00e0 Efflenheim et a d\u00e9j\u00e0 fait 8 ans de r\u00e9clusion pour tentative d&rsquo;homicide ; il est \u00e2g\u00e9 de 35 ans. Le second se nomme Eichler ; il est n\u00e9 \u00e0 Neunkirchen et est \u00e2g\u00e9 de 21 ans. Il est recherch\u00e9 par le parquet de Metz pour vol.<\/p>\n\n\n\n<p>Sources&nbsp;: Express 8 janvier 1910<\/p>\n","protected":false},"excerpt":{"rendered":"<p>MONTREUX-VIEUX, 30 d\u00e9cembre 1909. \u2014 Deux malfaiteurs ont cambriol\u00e9 hier soir la maison de la veuve Boillat qui est situ\u00e9e \u00e0 une extr\u00e9mit\u00e9 du village et se trouve isol\u00e9e. Vers minuit ils y ont p\u00e9n\u00e9tr\u00e9 par une fen\u00eatre dont ils &hellip; <a href=\"https:\/\/montreux-vieux.net\/?page_id=19824\">Continuer la lecture <span class=\"meta-nav\">&rarr;<\/span><\/a><\/p>\n","protected":false},"author":1,"featured_media":0,"parent":13044,"menu_order":230,"comment_status":"closed","ping_status":"open","template":"","meta":{"footnotes":""},"class_list":["post-19824","page","type-page","status-publish","hentry"],"_links":{"self":[{"href":"https:\/\/montreux-vieux.net\/index.php?rest_route=\/wp\/v2\/pages\/19824","targetHints":{"allow":["GET"]}}],"collection":[{"href":"https:\/\/montreux-vieux.net\/index.php?rest_route=\/wp\/v2\/pages"}],"about":[{"href":"https:\/\/montreux-vieux.net\/index.php?rest_route=\/wp\/v2\/types\/page"}],"author":[{"embeddable":true,"href":"https:\/\/montreux-vieux.net\/index.php?rest_route=\/wp\/v2\/users\/1"}],"replies":[{"embeddable":true,"href":"https:\/\/montreux-vieux.net\/index.php?rest_route=%2Fwp%2Fv2%2Fcomments&post=19824"}],"version-history":[{"count":2,"href":"https:\/\/montreux-vieux.net\/index.php?rest_route=\/wp\/v2\/pages\/19824\/revisions"}],"predecessor-version":[{"id":20251,"href":"https:\/\/montreux-vieux.net\/index.php?rest_route=\/wp\/v2\/pages\/19824\/revisions\/20251"}],"up":[{"embeddable":true,"href":"https:\/\/montreux-vieux.net\/index.php?rest_route=\/wp\/v2\/pages\/13044"}],"wp:attachment":[{"href":"https:\/\/montreux-vieux.net\/index.php?rest_route=%2Fwp%2Fv2%2Fmedia&parent=19824"}],"curies":[{"name":"wp","href":"https:\/\/api.w.org\/{rel}","templated":true}]}}