{"id":19837,"date":"2020-06-24T10:33:27","date_gmt":"2020-06-24T09:33:27","guid":{"rendered":"http:\/\/montreux-vieux.net\/?page_id=19837"},"modified":"2020-08-07T09:30:44","modified_gmt":"2020-08-07T08:30:44","slug":"les-trains-roulaient-a-droit-a-montreux-vieux","status":"publish","type":"page","link":"https:\/\/montreux-vieux.net\/?page_id=19837","title":{"rendered":"Les trains roulaient \u00e0 droite \u00e0 Montreux-Vieux"},"content":{"rendered":"\n<p>Les travaux d&rsquo;agrandissement de la gare de Mulhouse (A.-L.) ont \u00e9t\u00e9 termin\u00e9s en 1936.<\/p>\n\n\n\n<p>Divers travaux de modification, a l&rsquo;occasion desquels on a am\u00e9liore les voies de garages, ont \u00e9t\u00e9 entrepris dans les gares d Illfurth, Altkirch, Dannemarie et Montreux-Vieux (A L); par suite de l\u2019inversion du sens de circulation (report\u00e9 de droite \u00e0 gauche) sur la section de Montreux-Vieux-Mulhouse<\/p>\n\n\n\n<p>Sources&nbsp;: Revue g\u00e9n\u00e9rale des chemins de fer 1<sup>er<\/sup> ao\u00fbt 1937<\/p>\n","protected":false},"excerpt":{"rendered":"<p>Les travaux d&rsquo;agrandissement de la gare de Mulhouse (A.-L.) ont \u00e9t\u00e9 termin\u00e9s en 1936. Divers travaux de modification, a l&rsquo;occasion desquels on a am\u00e9liore les voies de garages, ont \u00e9t\u00e9 entrepris dans les gares d Illfurth, Altkirch, Dannemarie et Montreux-Vieux &hellip; <a href=\"https:\/\/montreux-vieux.net\/?page_id=19837\">Continuer la lecture <span class=\"meta-nav\">&rarr;<\/span><\/a><\/p>\n","protected":false},"author":1,"featured_media":0,"parent":13000,"menu_order":6,"comment_status":"closed","ping_status":"open","template":"","meta":{"footnotes":""},"class_list":["post-19837","page","type-page","status-publish","hentry"],"_links":{"self":[{"href":"https:\/\/montreux-vieux.net\/index.php?rest_route=\/wp\/v2\/pages\/19837","targetHints":{"allow":["GET"]}}],"collection":[{"href":"https:\/\/montreux-vieux.net\/index.php?rest_route=\/wp\/v2\/pages"}],"about":[{"href":"https:\/\/montreux-vieux.net\/index.php?rest_route=\/wp\/v2\/types\/page"}],"author":[{"embeddable":true,"href":"https:\/\/montreux-vieux.net\/index.php?rest_route=\/wp\/v2\/users\/1"}],"replies":[{"embeddable":true,"href":"https:\/\/montreux-vieux.net\/index.php?rest_route=%2Fwp%2Fv2%2Fcomments&post=19837"}],"version-history":[{"count":2,"href":"https:\/\/montreux-vieux.net\/index.php?rest_route=\/wp\/v2\/pages\/19837\/revisions"}],"predecessor-version":[{"id":20354,"href":"https:\/\/montreux-vieux.net\/index.php?rest_route=\/wp\/v2\/pages\/19837\/revisions\/20354"}],"up":[{"embeddable":true,"href":"https:\/\/montreux-vieux.net\/index.php?rest_route=\/wp\/v2\/pages\/13000"}],"wp:attachment":[{"href":"https:\/\/montreux-vieux.net\/index.php?rest_route=%2Fwp%2Fv2%2Fmedia&parent=19837"}],"curies":[{"name":"wp","href":"https:\/\/api.w.org\/{rel}","templated":true}]}}