{"id":19846,"date":"2020-06-25T16:34:56","date_gmt":"2020-06-25T15:34:56","guid":{"rendered":"http:\/\/montreux-vieux.net\/?page_id=19846"},"modified":"2020-06-25T16:34:56","modified_gmt":"2020-06-25T15:34:56","slug":"cite-a-lordre-du-jour","status":"publish","type":"page","link":"https:\/\/montreux-vieux.net\/?page_id=19846","title":{"rendered":"Cit\u00e9 \u00e0 l&rsquo;ordre du jour."},"content":{"rendered":"\n<p><strong>MONTREUX-VIEUX<\/strong><\/p>\n\n\n\n<p>A l&rsquo;ordre du jour. \u2014 Pour avoir accompli un acte louable de vigilance, M. Dupr\u00e9 Albert, visiteur au poste de Montreux-Vieux a \u00e9t\u00e9 cit\u00e9 \u00e0 l&rsquo;ordre du jour.<\/p>\n\n\n\n<p>Nos f\u00e9licitations \u00e0 M. Dupr\u00e9.<\/p>\n\n\n\n<p>Sources&nbsp;: Le R\u00e9publicain de Belfort 18 septembre 1929<\/p>\n","protected":false},"excerpt":{"rendered":"<p>MONTREUX-VIEUX A l&rsquo;ordre du jour. \u2014 Pour avoir accompli un acte louable de vigilance, M. Dupr\u00e9 Albert, visiteur au poste de Montreux-Vieux a \u00e9t\u00e9 cit\u00e9 \u00e0 l&rsquo;ordre du jour. Nos f\u00e9licitations \u00e0 M. Dupr\u00e9. Sources&nbsp;: Le R\u00e9publicain de Belfort 18 &hellip; <a href=\"https:\/\/montreux-vieux.net\/?page_id=19846\">Continuer la lecture <span class=\"meta-nav\">&rarr;<\/span><\/a><\/p>\n","protected":false},"author":1,"featured_media":0,"parent":13095,"menu_order":135,"comment_status":"closed","ping_status":"open","template":"","meta":{"footnotes":""},"class_list":["post-19846","page","type-page","status-publish","hentry"],"_links":{"self":[{"href":"https:\/\/montreux-vieux.net\/index.php?rest_route=\/wp\/v2\/pages\/19846","targetHints":{"allow":["GET"]}}],"collection":[{"href":"https:\/\/montreux-vieux.net\/index.php?rest_route=\/wp\/v2\/pages"}],"about":[{"href":"https:\/\/montreux-vieux.net\/index.php?rest_route=\/wp\/v2\/types\/page"}],"author":[{"embeddable":true,"href":"https:\/\/montreux-vieux.net\/index.php?rest_route=\/wp\/v2\/users\/1"}],"replies":[{"embeddable":true,"href":"https:\/\/montreux-vieux.net\/index.php?rest_route=%2Fwp%2Fv2%2Fcomments&post=19846"}],"version-history":[{"count":1,"href":"https:\/\/montreux-vieux.net\/index.php?rest_route=\/wp\/v2\/pages\/19846\/revisions"}],"predecessor-version":[{"id":19847,"href":"https:\/\/montreux-vieux.net\/index.php?rest_route=\/wp\/v2\/pages\/19846\/revisions\/19847"}],"up":[{"embeddable":true,"href":"https:\/\/montreux-vieux.net\/index.php?rest_route=\/wp\/v2\/pages\/13095"}],"wp:attachment":[{"href":"https:\/\/montreux-vieux.net\/index.php?rest_route=%2Fwp%2Fv2%2Fmedia&parent=19846"}],"curies":[{"name":"wp","href":"https:\/\/api.w.org\/{rel}","templated":true}]}}