{"id":19863,"date":"2020-06-27T10:24:16","date_gmt":"2020-06-27T09:24:16","guid":{"rendered":"http:\/\/montreux-vieux.net\/?page_id=19863"},"modified":"2020-10-02T09:16:58","modified_gmt":"2020-10-02T08:16:58","slug":"m-catte-un-maire-qui-avait-de-la-poigne","status":"publish","type":"page","link":"https:\/\/montreux-vieux.net\/?page_id=19863","title":{"rendered":"M. Catt\u00e9 un maire qui avait de la poigne"},"content":{"rendered":"\n<p>Montreux-Vieux \u2013 Rixe \u2013Dimanche dernier 23 octobre 1927 apr\u00e8s de nombreuses libations en commun des vanniers ambulants de Montreux-Vieux et Manspach en vinrent aux mains dans un caf\u00e9 de la localit\u00e9 et ils \u00e9chang\u00e8rent des horizons et des coups de couteau.<\/p>\n\n\n\n<p>Les visiteurs \u00able Manspach le p\u00e8re, la m\u00e8re &nbsp;et le fils, craignant pour leur peau, se sauv\u00e8rent a la gare ou ils se barricad\u00e8rent dans les salles d&rsquo;attente. Mais leurs adversaires enfonc\u00e8rent les portes et cas\u00e8rent les carreaux : le combat recommen\u00e7a de plus belle. A un moment donn\u00e9 le plus vieux sortit son couteau et sournoisement en porta un coup au bas ventre d\u2019un d ses agresseurs qui tomba aussit\u00f4t.<\/p>\n\n\n\n<p>L\u2019affaire en \u00e9tait la, lorsque, par miracle, l\u2019arme disparut. O\u00f9 \u00e9tait-elle ? Personne n\u2019en savait rien ! Heureusement, M. Catt\u00e9, maire de la commune, pr\u00e9venu, arriva sur les lieux. D\u2019une violente bourrade, il envoya \u00e0 terre nos chevaliers du surin. Ceux ci en furent r\u00e9ellement sid\u00e9r\u00e9s. Puis, proc\u00e9dant \u00e0 une enqu\u00eate sommaire, il finit par d\u00e9couvrir le couteau dans le parapluie de la vieille romanichelle. Myst\u00e8re et \u00a0prestidigitation ! !<\/p>\n\n\n\n<p>Les gendarmes de Dannemarie, alert\u00e9s, arriv\u00e8rent \u00e0 leur tour et, apr\u00e8s une laborieuse enqu\u00eate, \u00e9tablirent les responsabilit\u00e9s ; les coupables lurent appr\u00e9hend\u00e9s et mis sous les verrous. Quant- au bless\u00e9 son \u00e9tat est grave.<\/p>\n\n\n\n<p>Pour terminer, merci a notre maire pour sa vigoureuse intervention. Gr\u00e2ce \u00e0 lui, l\u2019ordre fut promptement r\u00e9tabli. Ce n\u2019est du reste pas la premi\u00e8re fois et ce ne sera pas probablement la derni\u00e8re, car avec les \u00e9l\u00e9ments disparates oui constituent une partie de la population actuelle, il faut ce que nous avons heureusement, un homme \u00e0 poigne \u00e0 notre t\u00eate et qui ne craint pas de payer de sa personne, ce que certains semblent oublier.<\/p>\n\n\n\n<p>Sources&nbsp;: Le R\u00e9publicain de Belfort 29 octobre 1927<\/p>\n","protected":false},"excerpt":{"rendered":"<p>Montreux-Vieux \u2013 Rixe \u2013Dimanche dernier 23 octobre 1927 apr\u00e8s de nombreuses libations en commun des vanniers ambulants de Montreux-Vieux et Manspach en vinrent aux mains dans un caf\u00e9 de la localit\u00e9 et ils \u00e9chang\u00e8rent des horizons et des coups de &hellip; <a href=\"https:\/\/montreux-vieux.net\/?page_id=19863\">Continuer la lecture <span class=\"meta-nav\">&rarr;<\/span><\/a><\/p>\n","protected":false},"author":1,"featured_media":0,"parent":13044,"menu_order":240,"comment_status":"closed","ping_status":"open","template":"","meta":{"footnotes":""},"class_list":["post-19863","page","type-page","status-publish","hentry"],"_links":{"self":[{"href":"https:\/\/montreux-vieux.net\/index.php?rest_route=\/wp\/v2\/pages\/19863","targetHints":{"allow":["GET"]}}],"collection":[{"href":"https:\/\/montreux-vieux.net\/index.php?rest_route=\/wp\/v2\/pages"}],"about":[{"href":"https:\/\/montreux-vieux.net\/index.php?rest_route=\/wp\/v2\/types\/page"}],"author":[{"embeddable":true,"href":"https:\/\/montreux-vieux.net\/index.php?rest_route=\/wp\/v2\/users\/1"}],"replies":[{"embeddable":true,"href":"https:\/\/montreux-vieux.net\/index.php?rest_route=%2Fwp%2Fv2%2Fcomments&post=19863"}],"version-history":[{"count":2,"href":"https:\/\/montreux-vieux.net\/index.php?rest_route=\/wp\/v2\/pages\/19863\/revisions"}],"predecessor-version":[{"id":21320,"href":"https:\/\/montreux-vieux.net\/index.php?rest_route=\/wp\/v2\/pages\/19863\/revisions\/21320"}],"up":[{"embeddable":true,"href":"https:\/\/montreux-vieux.net\/index.php?rest_route=\/wp\/v2\/pages\/13044"}],"wp:attachment":[{"href":"https:\/\/montreux-vieux.net\/index.php?rest_route=%2Fwp%2Fv2%2Fmedia&parent=19863"}],"curies":[{"name":"wp","href":"https:\/\/api.w.org\/{rel}","templated":true}]}}