{"id":19873,"date":"2020-06-27T15:34:10","date_gmt":"2020-06-27T14:34:10","guid":{"rendered":"http:\/\/montreux-vieux.net\/?page_id=19873"},"modified":"2020-06-27T15:34:10","modified_gmt":"2020-06-27T14:34:10","slug":"un-douanier-noye","status":"publish","type":"page","link":"https:\/\/montreux-vieux.net\/?page_id=19873","title":{"rendered":"Un douanier noy\u00e9"},"content":{"rendered":"\n<p>MONTREUX-VIEUX, 8 f\u00e9vrier &#8211; Le douanier fran\u00e7ais de &nbsp;Chavannes-Les-Grands, en tourn\u00e9e de service, voulant passer sur la glace du ruisseau entre Montreux-Vieux et Montreux- ch\u00e2teau est tomb\u00e9 \u00e0 l&rsquo;eau et s est noy\u00e9. Le malheureux employ\u00e9 laisse une veuve et cinq enfants en bas \u00e2g\u00e9.<\/p>\n\n\n\n<p>Sources&nbsp;: Express 10 f\u00e9vrier 1912<\/p>\n","protected":false},"excerpt":{"rendered":"<p>MONTREUX-VIEUX, 8 f\u00e9vrier &#8211; Le douanier fran\u00e7ais de &nbsp;Chavannes-Les-Grands, en tourn\u00e9e de service, voulant passer sur la glace du ruisseau entre Montreux-Vieux et Montreux- ch\u00e2teau est tomb\u00e9 \u00e0 l&rsquo;eau et s est noy\u00e9. Le malheureux employ\u00e9 laisse une veuve et &hellip; <a href=\"https:\/\/montreux-vieux.net\/?page_id=19873\">Continuer la lecture <span class=\"meta-nav\">&rarr;<\/span><\/a><\/p>\n","protected":false},"author":1,"featured_media":0,"parent":13044,"menu_order":250,"comment_status":"closed","ping_status":"open","template":"","meta":{"footnotes":""},"class_list":["post-19873","page","type-page","status-publish","hentry"],"_links":{"self":[{"href":"https:\/\/montreux-vieux.net\/index.php?rest_route=\/wp\/v2\/pages\/19873","targetHints":{"allow":["GET"]}}],"collection":[{"href":"https:\/\/montreux-vieux.net\/index.php?rest_route=\/wp\/v2\/pages"}],"about":[{"href":"https:\/\/montreux-vieux.net\/index.php?rest_route=\/wp\/v2\/types\/page"}],"author":[{"embeddable":true,"href":"https:\/\/montreux-vieux.net\/index.php?rest_route=\/wp\/v2\/users\/1"}],"replies":[{"embeddable":true,"href":"https:\/\/montreux-vieux.net\/index.php?rest_route=%2Fwp%2Fv2%2Fcomments&post=19873"}],"version-history":[{"count":1,"href":"https:\/\/montreux-vieux.net\/index.php?rest_route=\/wp\/v2\/pages\/19873\/revisions"}],"predecessor-version":[{"id":19874,"href":"https:\/\/montreux-vieux.net\/index.php?rest_route=\/wp\/v2\/pages\/19873\/revisions\/19874"}],"up":[{"embeddable":true,"href":"https:\/\/montreux-vieux.net\/index.php?rest_route=\/wp\/v2\/pages\/13044"}],"wp:attachment":[{"href":"https:\/\/montreux-vieux.net\/index.php?rest_route=%2Fwp%2Fv2%2Fmedia&parent=19873"}],"curies":[{"name":"wp","href":"https:\/\/api.w.org\/{rel}","templated":true}]}}