{"id":19884,"date":"2020-06-28T16:53:25","date_gmt":"2020-06-28T15:53:25","guid":{"rendered":"http:\/\/montreux-vieux.net\/?page_id=19884"},"modified":"2020-06-29T08:41:54","modified_gmt":"2020-06-29T07:41:54","slug":"le-domestique-thiebaut-alphonse-serait-tombe-dans-la-canal-et-sest-noye","status":"publish","type":"page","link":"https:\/\/montreux-vieux.net\/?page_id=19884","title":{"rendered":"Le domestique Thi\u00e9baut Alphonse serait tomb\u00e9 dans la canal et s&rsquo;est noy\u00e9"},"content":{"rendered":"\n<p>Depuis environ 3 semaines, Thi\u00e9baud Alphonse, domestique \u00e0 Montreux-Jeune, avait disparu sans laisser de trace. Le 1er f\u00e9vrier, J. Dinet chez qui Thi\u00e9baut logeait a d\u00e9couvert le cadavre du disparu pr\u00e8s du pont du canal., On suppose que le 15 janvier, jour de sa disparition. Thi\u00e9baut qui ne jouissait pas de toutes ses facult\u00e9s et qui avait \u00e9t\u00e9 vu \u00e0 Montreux-Vieux, l\u00e9g\u00e8rement pris de boissons, est tomb\u00e9 dans le canal eu regagnant son domicile.<\/p>\n\n\n\n<p>Sources&nbsp;: L\u2019Express de Mulhouse 12 f\u00e9vrier 1923<\/p>\n","protected":false},"excerpt":{"rendered":"<p>Depuis environ 3 semaines, Thi\u00e9baud Alphonse, domestique \u00e0 Montreux-Jeune, avait disparu sans laisser de trace. Le 1er f\u00e9vrier, J. Dinet chez qui Thi\u00e9baut logeait a d\u00e9couvert le cadavre du disparu pr\u00e8s du pont du canal., On suppose que le 15 &hellip; <a href=\"https:\/\/montreux-vieux.net\/?page_id=19884\">Continuer la lecture <span class=\"meta-nav\">&rarr;<\/span><\/a><\/p>\n","protected":false},"author":1,"featured_media":0,"parent":13044,"menu_order":265,"comment_status":"closed","ping_status":"open","template":"","meta":{"footnotes":""},"class_list":["post-19884","page","type-page","status-publish","hentry"],"_links":{"self":[{"href":"https:\/\/montreux-vieux.net\/index.php?rest_route=\/wp\/v2\/pages\/19884","targetHints":{"allow":["GET"]}}],"collection":[{"href":"https:\/\/montreux-vieux.net\/index.php?rest_route=\/wp\/v2\/pages"}],"about":[{"href":"https:\/\/montreux-vieux.net\/index.php?rest_route=\/wp\/v2\/types\/page"}],"author":[{"embeddable":true,"href":"https:\/\/montreux-vieux.net\/index.php?rest_route=\/wp\/v2\/users\/1"}],"replies":[{"embeddable":true,"href":"https:\/\/montreux-vieux.net\/index.php?rest_route=%2Fwp%2Fv2%2Fcomments&post=19884"}],"version-history":[{"count":1,"href":"https:\/\/montreux-vieux.net\/index.php?rest_route=\/wp\/v2\/pages\/19884\/revisions"}],"predecessor-version":[{"id":19885,"href":"https:\/\/montreux-vieux.net\/index.php?rest_route=\/wp\/v2\/pages\/19884\/revisions\/19885"}],"up":[{"embeddable":true,"href":"https:\/\/montreux-vieux.net\/index.php?rest_route=\/wp\/v2\/pages\/13044"}],"wp:attachment":[{"href":"https:\/\/montreux-vieux.net\/index.php?rest_route=%2Fwp%2Fv2%2Fmedia&parent=19884"}],"curies":[{"name":"wp","href":"https:\/\/api.w.org\/{rel}","templated":true}]}}