{"id":19889,"date":"2020-06-29T08:49:18","date_gmt":"2020-06-29T07:49:18","guid":{"rendered":"http:\/\/montreux-vieux.net\/?page_id=19889"},"modified":"2020-06-29T08:49:18","modified_gmt":"2020-06-29T07:49:18","slug":"la-population-diminue","status":"publish","type":"page","link":"https:\/\/montreux-vieux.net\/?page_id=19889","title":{"rendered":"La population diminue."},"content":{"rendered":"\n<p>MONTREUX-VIEUX La population diminue. \u2014 Le d\u00e9nombrement de la premi\u00e8re semaine de mars n&rsquo;a pu que ratifier la notable diminution de la population dont l\u2019effectif se r\u00e9duit \u00e0 684 habitants. Le pourcentage des \u00e9trangers en\u00a0 r\u00e9sidence dans la commune, est de 15%, en diminution de 12%  sur les ann\u00e9es o\u00f9 fut creus\u00e9e la nouvelle section du canal du Rh\u00f4ne-au-Rhin. Il faut toutefois ajouter que du fait du rattachement du tron\u00e7on Montreux-Vieux-Belfort au r\u00e9seau ferroviaire d\u2019Alsace et de Lorraine, une cinquantaine de familles ont quitt\u00e9 Montreux-Vieux.<\/p>\n\n\n\n<p><\/p>\n\n\n\n<p>Sources&nbsp;: L\u2019Express de Mulhouse&nbsp;: 7 avril 1936<\/p>\n","protected":false},"excerpt":{"rendered":"<p>MONTREUX-VIEUX La population diminue. \u2014 Le d\u00e9nombrement de la premi\u00e8re semaine de mars n&rsquo;a pu que ratifier la notable diminution de la population dont l\u2019effectif se r\u00e9duit \u00e0 684 habitants. Le pourcentage des \u00e9trangers en\u00a0 r\u00e9sidence dans la commune, est &hellip; <a href=\"https:\/\/montreux-vieux.net\/?page_id=19889\">Continuer la lecture <span class=\"meta-nav\">&rarr;<\/span><\/a><\/p>\n","protected":false},"author":1,"featured_media":0,"parent":13095,"menu_order":140,"comment_status":"closed","ping_status":"open","template":"","meta":{"footnotes":""},"class_list":["post-19889","page","type-page","status-publish","hentry"],"_links":{"self":[{"href":"https:\/\/montreux-vieux.net\/index.php?rest_route=\/wp\/v2\/pages\/19889","targetHints":{"allow":["GET"]}}],"collection":[{"href":"https:\/\/montreux-vieux.net\/index.php?rest_route=\/wp\/v2\/pages"}],"about":[{"href":"https:\/\/montreux-vieux.net\/index.php?rest_route=\/wp\/v2\/types\/page"}],"author":[{"embeddable":true,"href":"https:\/\/montreux-vieux.net\/index.php?rest_route=\/wp\/v2\/users\/1"}],"replies":[{"embeddable":true,"href":"https:\/\/montreux-vieux.net\/index.php?rest_route=%2Fwp%2Fv2%2Fcomments&post=19889"}],"version-history":[{"count":1,"href":"https:\/\/montreux-vieux.net\/index.php?rest_route=\/wp\/v2\/pages\/19889\/revisions"}],"predecessor-version":[{"id":19890,"href":"https:\/\/montreux-vieux.net\/index.php?rest_route=\/wp\/v2\/pages\/19889\/revisions\/19890"}],"up":[{"embeddable":true,"href":"https:\/\/montreux-vieux.net\/index.php?rest_route=\/wp\/v2\/pages\/13095"}],"wp:attachment":[{"href":"https:\/\/montreux-vieux.net\/index.php?rest_route=%2Fwp%2Fv2%2Fmedia&parent=19889"}],"curies":[{"name":"wp","href":"https:\/\/api.w.org\/{rel}","templated":true}]}}