{"id":19893,"date":"2020-06-29T09:04:31","date_gmt":"2020-06-29T08:04:31","guid":{"rendered":"http:\/\/montreux-vieux.net\/?page_id=19893"},"modified":"2020-06-29T09:04:31","modified_gmt":"2020-06-29T08:04:31","slug":"francois-ferreol","status":"publish","type":"page","link":"https:\/\/montreux-vieux.net\/?page_id=19893","title":{"rendered":"Fran\u00e7ois Ferr\u00e9ol"},"content":{"rendered":"\n<p><strong>29 juin 1929<\/strong>\u00a0Fran\u00e7ois Ferr\u00e9ol n\u00e9 \u00e0 Montreux-Vieux Fran\u00e7ois Ferr\u00e9ol est n\u00e9 \u00e0 Montreux-Vieux, le 29 juin 1829, \u00e9l\u00e8ve au Lyc\u00e9e de Colmar, re\u00e7u aux diff\u00e9rents brevets d\u2019enseignement primaire en 1847, Instituteur \u00e0 Eteimbes, la m\u00eame ann\u00e9e; \u00e0 Bourogne de 1852 \u00e0 1882, conseiller municipal en 1884, maire de 1885 \u00e0 1888, secr\u00e9taire de mairie de Delle de 1888 \u00e0 1908 ; conseiller municipal en 1908, adjoint au maire en 1912, d\u00e9c\u00e9d\u00e9 le 13 janvier 1914.<\/p>\n","protected":false},"excerpt":{"rendered":"<p>29 juin 1929\u00a0Fran\u00e7ois Ferr\u00e9ol n\u00e9 \u00e0 Montreux-Vieux Fran\u00e7ois Ferr\u00e9ol est n\u00e9 \u00e0 Montreux-Vieux, le 29 juin 1829, \u00e9l\u00e8ve au Lyc\u00e9e de Colmar, re\u00e7u aux diff\u00e9rents brevets d\u2019enseignement primaire en 1847, Instituteur \u00e0 Eteimbes, la m\u00eame ann\u00e9e; \u00e0 Bourogne de 1852 &hellip; <a href=\"https:\/\/montreux-vieux.net\/?page_id=19893\">Continuer la lecture <span class=\"meta-nav\">&rarr;<\/span><\/a><\/p>\n","protected":false},"author":1,"featured_media":0,"parent":4091,"menu_order":115,"comment_status":"closed","ping_status":"open","template":"","meta":{"footnotes":""},"class_list":["post-19893","page","type-page","status-publish","hentry"],"_links":{"self":[{"href":"https:\/\/montreux-vieux.net\/index.php?rest_route=\/wp\/v2\/pages\/19893","targetHints":{"allow":["GET"]}}],"collection":[{"href":"https:\/\/montreux-vieux.net\/index.php?rest_route=\/wp\/v2\/pages"}],"about":[{"href":"https:\/\/montreux-vieux.net\/index.php?rest_route=\/wp\/v2\/types\/page"}],"author":[{"embeddable":true,"href":"https:\/\/montreux-vieux.net\/index.php?rest_route=\/wp\/v2\/users\/1"}],"replies":[{"embeddable":true,"href":"https:\/\/montreux-vieux.net\/index.php?rest_route=%2Fwp%2Fv2%2Fcomments&post=19893"}],"version-history":[{"count":1,"href":"https:\/\/montreux-vieux.net\/index.php?rest_route=\/wp\/v2\/pages\/19893\/revisions"}],"predecessor-version":[{"id":19894,"href":"https:\/\/montreux-vieux.net\/index.php?rest_route=\/wp\/v2\/pages\/19893\/revisions\/19894"}],"up":[{"embeddable":true,"href":"https:\/\/montreux-vieux.net\/index.php?rest_route=\/wp\/v2\/pages\/4091"}],"wp:attachment":[{"href":"https:\/\/montreux-vieux.net\/index.php?rest_route=%2Fwp%2Fv2%2Fmedia&parent=19893"}],"curies":[{"name":"wp","href":"https:\/\/api.w.org\/{rel}","templated":true}]}}