{"id":19900,"date":"2020-06-29T12:57:22","date_gmt":"2020-06-29T11:57:22","guid":{"rendered":"http:\/\/montreux-vieux.net\/?page_id=19900"},"modified":"2025-08-23T09:12:30","modified_gmt":"2025-08-23T08:12:30","slug":"la-premiere-election-municipale-a-montreux-vieux-apres-lannexion","status":"publish","type":"page","link":"https:\/\/montreux-vieux.net\/?page_id=19900","title":{"rendered":"La premi\u00e8re \u00e9lection municipale \u00e0 Montreux-Vieux apr\u00e8s l&rsquo;annexion"},"content":{"rendered":"\n<p>Nous avons dit que les journaux allemands triomphaient de l&rsquo;\u00e9lection de Prussiens, comme conseillers municipaux, par deux communes alsaciennes. Voici l&rsquo;explication de ce succ\u00e8s pour une des deux communes, Montreux-Vieux : Je viens de lire dans votre num\u00e9ro du 18 ao\u00fbt courant, que votre correspondant de Strasbourg vous signale l&rsquo;article de la Gazette de l&rsquo;Allemagne du Nord et du Journal de Cologne, enregistrant avec ostentation le r\u00e9sultat des \u00e9lections de Montreux-Vieux et de Nov\u00e9ant. Voudriez-vous, pour l&rsquo;honneur de Montreux, mon village, et de mes concitoyens, ins\u00e9rer dans votre prochain num\u00e9ro les d\u00e9tails manquant \u00e0 votre correspondant, et qui expliquent l&rsquo;arriv\u00e9e au conseil municipal des divers employ\u00e9s prussiens. Notre commune comptait, avant l&rsquo;annexion, deux cents habitants; aujourd&rsquo;hui, par l&rsquo;immigration allemande, nous en comptons six cents; notre liste \u00e9lectorale comprend qua- rante \u00e9lecteurs indig\u00e8nes et cent dix \u00e9lecteurs prussiens. \u00ab\u00a0Vous devez voir par ces chiffres que nous \u00e9tions r\u00e9duits \u00e0 la plus grande impuissance, et que, comme \u00e0 W\u0153rth, nous allions lutter un contre dix, sans compter les vieilles rancunes qui divisaient encore les habitants de la localit\u00e9, entre eux. Mais il s&rsquo;agissait de bien grands int\u00e9r\u00eats : notre administration allait \u00eatre confi\u00e9e \u00e0 des mains \u00e9trang\u00e8res et protestantes ; nous avions \u00e0 craindre que les d\u00e9marches faites par le pasteur allemand, pour obtenir la moiti\u00e9 de notre \u00e9glise, ne r\u00e9ussissent \u00e0 aboutir (ce qui aujourd&rsquo;hui est malheureusement presque certain). A ces consid\u00e9rations, chacun estime qu&rsquo;il est de son de voir de r\u00e9sister, ne serait-ce que comme protestation; les haines, vivaces encore hier, s&rsquo;\u00e9teignent instantan\u00e9ment, tous oublient le pass\u00e9 pour sauver l&rsquo;avenir. La disproportion du nombre, la crainte, des revendications de la part de ceux qui arriveront certainement, rien a ne les emp\u00eache d&rsquo;accomplir leur devoir d&rsquo;\u00e9lecteur et de catholique. Une heure avant la cl\u00f4tura du scrutin, vous auriez pu voir les quarante \u00e9lecteurs en un seul groupe, les infirmes soutenus par les valides, aller d\u00e9poser leur vote dans l&rsquo;urne qui contenait d\u00e9j\u00e0 les bulletins allemands. A ce premier tour, les Allemands ne r\u00e9ussirent \u00e0 \u00e9lire que le maire actuel et deux des leurs; nous, nous obtenions, je ne sais par quel hasard, d&rsquo;\u00e9lire un des n\u00f4tres. Au second tour, nous avions, pour r\u00e9sultat d\u00e9finitif, huit conseillers allemands, y compris le maire, et quatre des n\u00f4tres ; tous sont employ\u00e9s : chef de gare, contr\u00f4leur de douanes, caissier, piqueur au chemin de fer, employ\u00e9 aux \u00e9critures, etc. Je m&rsquo;aper\u00e7ois que je suis trop long, mais, comme dernier d\u00e9tail, il ne serait pas inutile de vous dire que notre \u00e9glise a \u00e9t\u00e9 b\u00e2tie, il y a plus d&rsquo;un si\u00e8cle, par nos p\u00e8res, qui, \u00e0 cette \u00e9poque, n&rsquo;avaient pour toute fortune que quelques pauvres attelages; que le plan en a \u00e9t\u00e9 fait \u00e0 titre d&rsquo;aum\u00f4ne par le g\u00e9n\u00e9ral Kl\u00e9ber, alors architecte \u00e0 Belfort. Je crois que ce que nous pouvions faire au moins, c&rsquo;\u00e9tait bien de d\u00e9fendre ce que nos p\u00e8res avaient \u00e9difi\u00e9 au prix.de privations et de sacrifices. Vous comprendrez bien, monsieur le r\u00e9dacteur, que je ne puis adresser ces quelques lignes aux journaux de Cologne et autres, qui n&rsquo;ont pas fait suivre leur article de l&rsquo;observation que les \u00e9lecteurs indig\u00e8nes, comme dernier effort, avaient envoy\u00e9 huit protestations rev\u00eatues des signatures de tous; effort bien inutile, c&rsquo;est vrai, mais qui n&rsquo;en prouve pas moins la volont\u00e9 de faire le possible. Sources L\u2019Univers 23 ao\u00fbt 1876<\/p>\n","protected":false},"excerpt":{"rendered":"<p>Nous avons dit que les journaux allemands triomphaient de l&rsquo;\u00e9lection de Prussiens, comme conseillers municipaux, par deux communes alsaciennes. Voici l&rsquo;explication de ce succ\u00e8s pour une des deux communes, Montreux-Vieux : Je viens de lire dans votre num\u00e9ro du 18 &hellip; <a href=\"https:\/\/montreux-vieux.net\/?page_id=19900\">Continuer la lecture <span class=\"meta-nav\">&rarr;<\/span><\/a><\/p>\n","protected":false},"author":1,"featured_media":0,"parent":13095,"menu_order":145,"comment_status":"closed","ping_status":"open","template":"","meta":{"footnotes":""},"class_list":["post-19900","page","type-page","status-publish","hentry"],"_links":{"self":[{"href":"https:\/\/montreux-vieux.net\/index.php?rest_route=\/wp\/v2\/pages\/19900","targetHints":{"allow":["GET"]}}],"collection":[{"href":"https:\/\/montreux-vieux.net\/index.php?rest_route=\/wp\/v2\/pages"}],"about":[{"href":"https:\/\/montreux-vieux.net\/index.php?rest_route=\/wp\/v2\/types\/page"}],"author":[{"embeddable":true,"href":"https:\/\/montreux-vieux.net\/index.php?rest_route=\/wp\/v2\/users\/1"}],"replies":[{"embeddable":true,"href":"https:\/\/montreux-vieux.net\/index.php?rest_route=%2Fwp%2Fv2%2Fcomments&post=19900"}],"version-history":[{"count":5,"href":"https:\/\/montreux-vieux.net\/index.php?rest_route=\/wp\/v2\/pages\/19900\/revisions"}],"predecessor-version":[{"id":28279,"href":"https:\/\/montreux-vieux.net\/index.php?rest_route=\/wp\/v2\/pages\/19900\/revisions\/28279"}],"up":[{"embeddable":true,"href":"https:\/\/montreux-vieux.net\/index.php?rest_route=\/wp\/v2\/pages\/13095"}],"wp:attachment":[{"href":"https:\/\/montreux-vieux.net\/index.php?rest_route=%2Fwp%2Fv2%2Fmedia&parent=19900"}],"curies":[{"name":"wp","href":"https:\/\/api.w.org\/{rel}","templated":true}]}}