{"id":19905,"date":"2020-06-30T13:11:39","date_gmt":"2020-06-30T12:11:39","guid":{"rendered":"http:\/\/montreux-vieux.net\/?page_id=19905"},"modified":"2020-06-30T13:11:39","modified_gmt":"2020-06-30T12:11:39","slug":"condamne-pour-injure-et-diffamation-a-legard-du-maire","status":"publish","type":"page","link":"https:\/\/montreux-vieux.net\/?page_id=19905","title":{"rendered":"Condamn\u00e9 pour injure et diffamation \u00e0 l&rsquo;\u00e9gard du maire"},"content":{"rendered":"\n<p>Par jugement en date \u00ablu 3 novembre 1927. M. le juge du Tribunal de maillage. si\u00e9geant comme pr\u00e9sident du Tribunal de simple police, a condamn\u00e9 \u00e0 trois francs \u00abl&rsquo;amende et un franc de dommages et int\u00e9r\u00eats (somme r\u00e9clam\u00e9e par la partie civile). M. Munch Paul, boucher \u00e0 Montreux-Vieux pour injures et diffamation par paroles publiques \u00e0 l&rsquo;\u00e9gard du maire de la localit\u00e9.<\/p>\n\n\n\n<p>Sources R\u00e9publicain de Belfort &nbsp;26 novembre 1927<\/p>\n","protected":false},"excerpt":{"rendered":"<p>Par jugement en date \u00ablu 3 novembre 1927. M. le juge du Tribunal de maillage. si\u00e9geant comme pr\u00e9sident du Tribunal de simple police, a condamn\u00e9 \u00e0 trois francs \u00abl&rsquo;amende et un franc de dommages et int\u00e9r\u00eats (somme r\u00e9clam\u00e9e par la &hellip; <a href=\"https:\/\/montreux-vieux.net\/?page_id=19905\">Continuer la lecture <span class=\"meta-nav\">&rarr;<\/span><\/a><\/p>\n","protected":false},"author":1,"featured_media":0,"parent":13095,"menu_order":150,"comment_status":"closed","ping_status":"open","template":"","meta":{"footnotes":""},"class_list":["post-19905","page","type-page","status-publish","hentry"],"_links":{"self":[{"href":"https:\/\/montreux-vieux.net\/index.php?rest_route=\/wp\/v2\/pages\/19905","targetHints":{"allow":["GET"]}}],"collection":[{"href":"https:\/\/montreux-vieux.net\/index.php?rest_route=\/wp\/v2\/pages"}],"about":[{"href":"https:\/\/montreux-vieux.net\/index.php?rest_route=\/wp\/v2\/types\/page"}],"author":[{"embeddable":true,"href":"https:\/\/montreux-vieux.net\/index.php?rest_route=\/wp\/v2\/users\/1"}],"replies":[{"embeddable":true,"href":"https:\/\/montreux-vieux.net\/index.php?rest_route=%2Fwp%2Fv2%2Fcomments&post=19905"}],"version-history":[{"count":1,"href":"https:\/\/montreux-vieux.net\/index.php?rest_route=\/wp\/v2\/pages\/19905\/revisions"}],"predecessor-version":[{"id":19906,"href":"https:\/\/montreux-vieux.net\/index.php?rest_route=\/wp\/v2\/pages\/19905\/revisions\/19906"}],"up":[{"embeddable":true,"href":"https:\/\/montreux-vieux.net\/index.php?rest_route=\/wp\/v2\/pages\/13095"}],"wp:attachment":[{"href":"https:\/\/montreux-vieux.net\/index.php?rest_route=%2Fwp%2Fv2%2Fmedia&parent=19905"}],"curies":[{"name":"wp","href":"https:\/\/api.w.org\/{rel}","templated":true}]}}