{"id":19909,"date":"2020-06-30T15:06:47","date_gmt":"2020-06-30T14:06:47","guid":{"rendered":"http:\/\/montreux-vieux.net\/?page_id=19909"},"modified":"2020-06-30T15:07:05","modified_gmt":"2020-06-30T14:07:05","slug":"19909-2","status":"publish","type":"page","link":"https:\/\/montreux-vieux.net\/?page_id=19909","title":{"rendered":"Le linge de Mme Widemann vol\u00e9"},"content":{"rendered":"\n<p>Le saviez-vous ? MONTREUX-VIEUX. Mme veuve Widemann, (chez R.Roux) quincailli\u00e8re \u00e0 Montreux-Vieux, avait \u00e9tendu du linge dans son jardin. Comme il n\u2019\u00e9tait pas sec le soir, elle le laissa la nuit. le lendemain il avait disparu.<\/p>\n\n\n\n<p>Sources : L\u2019Express de Mulhouse 24 d\u00e9cembre 1920<\/p>\n","protected":false},"excerpt":{"rendered":"<p>Le saviez-vous ? MONTREUX-VIEUX. Mme veuve Widemann, (chez R.Roux) quincailli\u00e8re \u00e0 Montreux-Vieux, avait \u00e9tendu du linge dans son jardin. Comme il n\u2019\u00e9tait pas sec le soir, elle le laissa la nuit. le lendemain il avait disparu. Sources : L\u2019Express de &hellip; <a href=\"https:\/\/montreux-vieux.net\/?page_id=19909\">Continuer la lecture <span class=\"meta-nav\">&rarr;<\/span><\/a><\/p>\n","protected":false},"author":1,"featured_media":0,"parent":13044,"menu_order":270,"comment_status":"closed","ping_status":"open","template":"","meta":{"footnotes":""},"class_list":["post-19909","page","type-page","status-publish","hentry"],"_links":{"self":[{"href":"https:\/\/montreux-vieux.net\/index.php?rest_route=\/wp\/v2\/pages\/19909","targetHints":{"allow":["GET"]}}],"collection":[{"href":"https:\/\/montreux-vieux.net\/index.php?rest_route=\/wp\/v2\/pages"}],"about":[{"href":"https:\/\/montreux-vieux.net\/index.php?rest_route=\/wp\/v2\/types\/page"}],"author":[{"embeddable":true,"href":"https:\/\/montreux-vieux.net\/index.php?rest_route=\/wp\/v2\/users\/1"}],"replies":[{"embeddable":true,"href":"https:\/\/montreux-vieux.net\/index.php?rest_route=%2Fwp%2Fv2%2Fcomments&post=19909"}],"version-history":[{"count":2,"href":"https:\/\/montreux-vieux.net\/index.php?rest_route=\/wp\/v2\/pages\/19909\/revisions"}],"predecessor-version":[{"id":19911,"href":"https:\/\/montreux-vieux.net\/index.php?rest_route=\/wp\/v2\/pages\/19909\/revisions\/19911"}],"up":[{"embeddable":true,"href":"https:\/\/montreux-vieux.net\/index.php?rest_route=\/wp\/v2\/pages\/13044"}],"wp:attachment":[{"href":"https:\/\/montreux-vieux.net\/index.php?rest_route=%2Fwp%2Fv2%2Fmedia&parent=19909"}],"curies":[{"name":"wp","href":"https:\/\/api.w.org\/{rel}","templated":true}]}}