{"id":19921,"date":"2020-07-01T09:16:20","date_gmt":"2020-07-01T08:16:20","guid":{"rendered":"http:\/\/montreux-vieux.net\/?page_id=19921"},"modified":"2020-07-01T09:16:20","modified_gmt":"2020-07-01T08:16:20","slug":"un-rapide-sur-une-fausse-voie","status":"publish","type":"page","link":"https:\/\/montreux-vieux.net\/?page_id=19921","title":{"rendered":"UN RAPIDE SUR UNE FAUSSE VOIE"},"content":{"rendered":"\n<p>UN RAPIDE SUR UNE FAUSSE VOIE Montreux-Vieux, 15 d\u00e9cembre: Avant-hier, le rapide de Paris est arriv\u00e9 ici avec un retard d\u2019une heure et demie, soit 6 h. 39 du matin, au lieu de 5 h. 07. Le rapide s&rsquo;\u00e9tait engag\u00e9 sur une fausse voie : au lieu de prendre la ligne ordinaire, il avait fil\u00e9 \u00e0 toute vapeur dans la direction de Delle.<\/p>\n\n\n\n<p>Sources&nbsp;: Le Soir 16 d\u00e9cembre 1908<\/p>\n","protected":false},"excerpt":{"rendered":"<p>UN RAPIDE SUR UNE FAUSSE VOIE Montreux-Vieux, 15 d\u00e9cembre: Avant-hier, le rapide de Paris est arriv\u00e9 ici avec un retard d\u2019une heure et demie, soit 6 h. 39 du matin, au lieu de 5 h. 07. Le rapide s&rsquo;\u00e9tait engag\u00e9 &hellip; <a href=\"https:\/\/montreux-vieux.net\/?page_id=19921\">Continuer la lecture <span class=\"meta-nav\">&rarr;<\/span><\/a><\/p>\n","protected":false},"author":1,"featured_media":0,"parent":13013,"menu_order":70,"comment_status":"closed","ping_status":"open","template":"","meta":{"footnotes":""},"class_list":["post-19921","page","type-page","status-publish","hentry"],"_links":{"self":[{"href":"https:\/\/montreux-vieux.net\/index.php?rest_route=\/wp\/v2\/pages\/19921","targetHints":{"allow":["GET"]}}],"collection":[{"href":"https:\/\/montreux-vieux.net\/index.php?rest_route=\/wp\/v2\/pages"}],"about":[{"href":"https:\/\/montreux-vieux.net\/index.php?rest_route=\/wp\/v2\/types\/page"}],"author":[{"embeddable":true,"href":"https:\/\/montreux-vieux.net\/index.php?rest_route=\/wp\/v2\/users\/1"}],"replies":[{"embeddable":true,"href":"https:\/\/montreux-vieux.net\/index.php?rest_route=%2Fwp%2Fv2%2Fcomments&post=19921"}],"version-history":[{"count":1,"href":"https:\/\/montreux-vieux.net\/index.php?rest_route=\/wp\/v2\/pages\/19921\/revisions"}],"predecessor-version":[{"id":19922,"href":"https:\/\/montreux-vieux.net\/index.php?rest_route=\/wp\/v2\/pages\/19921\/revisions\/19922"}],"up":[{"embeddable":true,"href":"https:\/\/montreux-vieux.net\/index.php?rest_route=\/wp\/v2\/pages\/13013"}],"wp:attachment":[{"href":"https:\/\/montreux-vieux.net\/index.php?rest_route=%2Fwp%2Fv2%2Fmedia&parent=19921"}],"curies":[{"name":"wp","href":"https:\/\/api.w.org\/{rel}","templated":true}]}}