{"id":19926,"date":"2020-07-01T09:28:40","date_gmt":"2020-07-01T08:28:40","guid":{"rendered":"http:\/\/montreux-vieux.net\/?page_id=19926"},"modified":"2020-07-01T09:28:40","modified_gmt":"2020-07-01T08:28:40","slug":"un-enfant-abandonne","status":"publish","type":"page","link":"https:\/\/montreux-vieux.net\/?page_id=19926","title":{"rendered":"Un enfant abandonn\u00e9"},"content":{"rendered":"\n<p>Montreux Vieux. \u2014 Avant-hier mati vers 6 heures, la femme d\u2019un cultivateur a trouv\u00e9 dans la grange un enfant de deux mois environ. il \u00e9tait emmaillott\u00e9 dans un paquet de langes et avait \u00e9t\u00e9 d\u00e9pos\u00e9 ainsi sur une voiture qui \u00e9tait remis\u00e9e dans la grange. La gendarmerie a \u00e9t\u00e9 appel\u00e9e aussit\u00f4t pour dresser proc\u00e8s-verbal et l\u2019enfant, qui criait \u00e0 tue-t\u00eate, a \u00e9t\u00e9 remis entre les mains d\u2019une dame charitable qui prendra soin de lui provisoirement.<\/p>\n\n\n\n<p>Une femme d\u2019une trentaine d\u2019ann\u00e9es, qui est descendue du train de Mulhouse arriv\u00e9 mercredi \u00e0 10 heures et demie du soir \u00e0 Montreux, est soup\u00e7onn\u00e9e d\u2019avoir expos\u00e9 le petit innocent. Cette femme avait bien un billet pour Petit-Croix, mais elle doit avoir fait \u00e0 pied le trajet de Montreux \u00e0 la station fran\u00e7aise.<\/p>\n\n\n\n<p>Sources&nbsp;: Express 24 octobre 1886<\/p>\n","protected":false},"excerpt":{"rendered":"<p>Montreux Vieux. \u2014 Avant-hier mati vers 6 heures, la femme d\u2019un cultivateur a trouv\u00e9 dans la grange un enfant de deux mois environ. il \u00e9tait emmaillott\u00e9 dans un paquet de langes et avait \u00e9t\u00e9 d\u00e9pos\u00e9 ainsi sur une voiture qui &hellip; <a href=\"https:\/\/montreux-vieux.net\/?page_id=19926\">Continuer la lecture <span class=\"meta-nav\">&rarr;<\/span><\/a><\/p>\n","protected":false},"author":1,"featured_media":0,"parent":13044,"menu_order":280,"comment_status":"closed","ping_status":"open","template":"","meta":{"footnotes":""},"class_list":["post-19926","page","type-page","status-publish","hentry"],"_links":{"self":[{"href":"https:\/\/montreux-vieux.net\/index.php?rest_route=\/wp\/v2\/pages\/19926","targetHints":{"allow":["GET"]}}],"collection":[{"href":"https:\/\/montreux-vieux.net\/index.php?rest_route=\/wp\/v2\/pages"}],"about":[{"href":"https:\/\/montreux-vieux.net\/index.php?rest_route=\/wp\/v2\/types\/page"}],"author":[{"embeddable":true,"href":"https:\/\/montreux-vieux.net\/index.php?rest_route=\/wp\/v2\/users\/1"}],"replies":[{"embeddable":true,"href":"https:\/\/montreux-vieux.net\/index.php?rest_route=%2Fwp%2Fv2%2Fcomments&post=19926"}],"version-history":[{"count":1,"href":"https:\/\/montreux-vieux.net\/index.php?rest_route=\/wp\/v2\/pages\/19926\/revisions"}],"predecessor-version":[{"id":19927,"href":"https:\/\/montreux-vieux.net\/index.php?rest_route=\/wp\/v2\/pages\/19926\/revisions\/19927"}],"up":[{"embeddable":true,"href":"https:\/\/montreux-vieux.net\/index.php?rest_route=\/wp\/v2\/pages\/13044"}],"wp:attachment":[{"href":"https:\/\/montreux-vieux.net\/index.php?rest_route=%2Fwp%2Fv2%2Fmedia&parent=19926"}],"curies":[{"name":"wp","href":"https:\/\/api.w.org\/{rel}","templated":true}]}}