{"id":19930,"date":"2020-07-01T17:00:08","date_gmt":"2020-07-01T16:00:08","guid":{"rendered":"http:\/\/montreux-vieux.net\/?page_id=19930"},"modified":"2020-07-01T17:00:08","modified_gmt":"2020-07-01T16:00:08","slug":"aventure-dun-jeune-tailleur","status":"publish","type":"page","link":"https:\/\/montreux-vieux.net\/?page_id=19930","title":{"rendered":"Aventure d\u2019un jeune tailleur"},"content":{"rendered":"\n<p>Aventure d\u2019un jeune tailleur Ces jours derniers, un ouvrier tailleur, travaillant \u00e0 Bavilliers, territoire de Belfort, se rendait \u00e0 Mulhouse pour assister \u00e0 l\u2019enterrement &nbsp;d\u2019un parent. Au village de Montreux-Vieux un gendarme allemand l\u2019arr\u00eata et l\u2019interrogea, lui de mandant s\u2019il avait fait son service militaire. L\u2019ouvrier, qui est \u00e2g\u00e9 de 24 ans et a servi dans la l\u00e9gion \u00e9trang\u00e8re, r\u00e9pondit qu\u2019il avait fait son service au 35\u00b0 r\u00e9giment de ligne, \u00e0 Belfort. Le gendarme, lui ayant alors par hasard retrouss\u00e9 les manches, constata sur son bras gauche un tatouage repr\u00e9sentant un soldat prussien, coiff\u00e9 d\u2019un casque \u00e0 pointe, auquel un soldat fran\u00e7ais lan\u00e7ait un coup de pied dans le&#8230; dos\u00bb Ce tatouage motiva l\u2019arrestation imm\u00e9diate de l\u2019ouvrier qui fut conduit, menottes aux mains, en attendant qu\u2019on statu\u00e2t sur son sort, au violon du village. Mais l\u00e0, l\u2019ancien l\u00e9gionnaire ouvrit les menottes avec ses dents, arracha de la fen\u00eatre une barre de fer dont il se servit pouf faire un trou au plafond par le quel il monta sur le toit et s\u2019enfuit. Il rentrait le lendemain \u00e0 Bavilliers, les mains d\u00e9chir\u00e9es les dents cass\u00e9es, harass\u00e9 de fatigue, mais en chant\u00e9 cependant d\u2019avoir si all\u00e8grement fauss\u00e9 compagnie \u00e0 la gendarmerie allemande<\/p>\n\n\n\n<p>Sources&nbsp;: La D\u00e9p\u00eache du Berry 19 novembre 1893<\/p>\n","protected":false},"excerpt":{"rendered":"<p>Aventure d\u2019un jeune tailleur Ces jours derniers, un ouvrier tailleur, travaillant \u00e0 Bavilliers, territoire de Belfort, se rendait \u00e0 Mulhouse pour assister \u00e0 l\u2019enterrement &nbsp;d\u2019un parent. Au village de Montreux-Vieux un gendarme allemand l\u2019arr\u00eata et l\u2019interrogea, lui de mandant s\u2019il &hellip; <a href=\"https:\/\/montreux-vieux.net\/?page_id=19930\">Continuer la lecture <span class=\"meta-nav\">&rarr;<\/span><\/a><\/p>\n","protected":false},"author":1,"featured_media":0,"parent":13044,"menu_order":285,"comment_status":"closed","ping_status":"open","template":"","meta":{"footnotes":""},"class_list":["post-19930","page","type-page","status-publish","hentry"],"_links":{"self":[{"href":"https:\/\/montreux-vieux.net\/index.php?rest_route=\/wp\/v2\/pages\/19930","targetHints":{"allow":["GET"]}}],"collection":[{"href":"https:\/\/montreux-vieux.net\/index.php?rest_route=\/wp\/v2\/pages"}],"about":[{"href":"https:\/\/montreux-vieux.net\/index.php?rest_route=\/wp\/v2\/types\/page"}],"author":[{"embeddable":true,"href":"https:\/\/montreux-vieux.net\/index.php?rest_route=\/wp\/v2\/users\/1"}],"replies":[{"embeddable":true,"href":"https:\/\/montreux-vieux.net\/index.php?rest_route=%2Fwp%2Fv2%2Fcomments&post=19930"}],"version-history":[{"count":1,"href":"https:\/\/montreux-vieux.net\/index.php?rest_route=\/wp\/v2\/pages\/19930\/revisions"}],"predecessor-version":[{"id":19931,"href":"https:\/\/montreux-vieux.net\/index.php?rest_route=\/wp\/v2\/pages\/19930\/revisions\/19931"}],"up":[{"embeddable":true,"href":"https:\/\/montreux-vieux.net\/index.php?rest_route=\/wp\/v2\/pages\/13044"}],"wp:attachment":[{"href":"https:\/\/montreux-vieux.net\/index.php?rest_route=%2Fwp%2Fv2%2Fmedia&parent=19930"}],"curies":[{"name":"wp","href":"https:\/\/api.w.org\/{rel}","templated":true}]}}