{"id":19933,"date":"2020-07-02T08:16:38","date_gmt":"2020-07-02T07:16:38","guid":{"rendered":"http:\/\/montreux-vieux.net\/?page_id=19933"},"modified":"2020-07-02T08:16:38","modified_gmt":"2020-07-02T07:16:38","slug":"la-fete-des-fleurs","status":"publish","type":"page","link":"https:\/\/montreux-vieux.net\/?page_id=19933","title":{"rendered":"La f\u00eate  des fleurs"},"content":{"rendered":"\n<p>MONTREUX-VIEUX, 12 juin. \u2014 La f\u00eate &nbsp;des fleurs a eu lieu dimanche avec un succ\u00e8s &nbsp;&nbsp;complet. La population a rivalis\u00e9 d\u2019ardeur et &nbsp;les soci\u00e9t\u00e9s de la commune ont contribu\u00e9 de &nbsp;leur c\u00f4t\u00e9 \u00e0 sa r\u00e9ussite. Jamais Montreux- Vieux n\u2019avait, vu une telle affluence d\u2019\u00e9trangers. Le concert de la soci\u00e9t\u00e9 de musique et de chant a &nbsp;\u00e9t\u00e9 tr\u00e8s &nbsp;applaudi. Apr\u00e8s d\u00e9duction des frais, la f\u00eate&nbsp; laisse le joli b\u00e9n\u00e9fice de 1.200 M. au profit&nbsp;de l\u2019\u0153uvre des estropi\u00e9s<\/p>\n\n\n\n<p>Sources&nbsp;: Express 14 juin 1911<\/p>\n","protected":false},"excerpt":{"rendered":"<p>MONTREUX-VIEUX, 12 juin. \u2014 La f\u00eate &nbsp;des fleurs a eu lieu dimanche avec un succ\u00e8s &nbsp;&nbsp;complet. La population a rivalis\u00e9 d\u2019ardeur et &nbsp;les soci\u00e9t\u00e9s de la commune ont contribu\u00e9 de &nbsp;leur c\u00f4t\u00e9 \u00e0 sa r\u00e9ussite. Jamais Montreux- Vieux n\u2019avait, vu &hellip; <a href=\"https:\/\/montreux-vieux.net\/?page_id=19933\">Continuer la lecture <span class=\"meta-nav\">&rarr;<\/span><\/a><\/p>\n","protected":false},"author":1,"featured_media":0,"parent":13095,"menu_order":160,"comment_status":"closed","ping_status":"open","template":"","meta":{"footnotes":""},"class_list":["post-19933","page","type-page","status-publish","hentry"],"_links":{"self":[{"href":"https:\/\/montreux-vieux.net\/index.php?rest_route=\/wp\/v2\/pages\/19933","targetHints":{"allow":["GET"]}}],"collection":[{"href":"https:\/\/montreux-vieux.net\/index.php?rest_route=\/wp\/v2\/pages"}],"about":[{"href":"https:\/\/montreux-vieux.net\/index.php?rest_route=\/wp\/v2\/types\/page"}],"author":[{"embeddable":true,"href":"https:\/\/montreux-vieux.net\/index.php?rest_route=\/wp\/v2\/users\/1"}],"replies":[{"embeddable":true,"href":"https:\/\/montreux-vieux.net\/index.php?rest_route=%2Fwp%2Fv2%2Fcomments&post=19933"}],"version-history":[{"count":1,"href":"https:\/\/montreux-vieux.net\/index.php?rest_route=\/wp\/v2\/pages\/19933\/revisions"}],"predecessor-version":[{"id":19934,"href":"https:\/\/montreux-vieux.net\/index.php?rest_route=\/wp\/v2\/pages\/19933\/revisions\/19934"}],"up":[{"embeddable":true,"href":"https:\/\/montreux-vieux.net\/index.php?rest_route=\/wp\/v2\/pages\/13095"}],"wp:attachment":[{"href":"https:\/\/montreux-vieux.net\/index.php?rest_route=%2Fwp%2Fv2%2Fmedia&parent=19933"}],"curies":[{"name":"wp","href":"https:\/\/api.w.org\/{rel}","templated":true}]}}