{"id":19937,"date":"2020-07-02T08:29:04","date_gmt":"2020-07-02T07:29:04","guid":{"rendered":"http:\/\/montreux-vieux.net\/?page_id=19937"},"modified":"2020-07-02T08:29:04","modified_gmt":"2020-07-02T07:29:04","slug":"m-mangolt-renverse-par-le-train","status":"publish","type":"page","link":"https:\/\/montreux-vieux.net\/?page_id=19937","title":{"rendered":"M.Mangolt renvers\u00e9 par le train"},"content":{"rendered":"\n<p>Montreux-Vieux, 8 sept. \u2014 Vendredi apr\u00e8s-midi le nomm\u00e9 L. Mangolt, cultivateur A Montreux-Vieux, a voulu traverser un passage \u00e0 niveau pr\u00e8s de la gare, bien que la barri\u00e8re f\u00fbt ferm\u00e9e. L\u2019imprudent a \u00e9t\u00e9 saisi par la locomotive du train-express de Calais-B\u00e0le et lanc\u00e9 de c\u00f4t\u00e9. Quand on l\u2019a relev\u00e9, on a constat\u00e9 qu&rsquo;il avait cess\u00e9 de vivre ; il avait eu le cr\u00e2ne fractur\u00e9 par le choc.<\/p>\n\n\n\n<p>Sources&nbsp;: Express 9 septembre 1900<\/p>\n","protected":false},"excerpt":{"rendered":"<p>Montreux-Vieux, 8 sept. \u2014 Vendredi apr\u00e8s-midi le nomm\u00e9 L. Mangolt, cultivateur A Montreux-Vieux, a voulu traverser un passage \u00e0 niveau pr\u00e8s de la gare, bien que la barri\u00e8re f\u00fbt ferm\u00e9e. L\u2019imprudent a \u00e9t\u00e9 saisi par la locomotive du train-express de &hellip; <a href=\"https:\/\/montreux-vieux.net\/?page_id=19937\">Continuer la lecture <span class=\"meta-nav\">&rarr;<\/span><\/a><\/p>\n","protected":false},"author":1,"featured_media":0,"parent":13044,"menu_order":290,"comment_status":"closed","ping_status":"open","template":"","meta":{"footnotes":""},"class_list":["post-19937","page","type-page","status-publish","hentry"],"_links":{"self":[{"href":"https:\/\/montreux-vieux.net\/index.php?rest_route=\/wp\/v2\/pages\/19937","targetHints":{"allow":["GET"]}}],"collection":[{"href":"https:\/\/montreux-vieux.net\/index.php?rest_route=\/wp\/v2\/pages"}],"about":[{"href":"https:\/\/montreux-vieux.net\/index.php?rest_route=\/wp\/v2\/types\/page"}],"author":[{"embeddable":true,"href":"https:\/\/montreux-vieux.net\/index.php?rest_route=\/wp\/v2\/users\/1"}],"replies":[{"embeddable":true,"href":"https:\/\/montreux-vieux.net\/index.php?rest_route=%2Fwp%2Fv2%2Fcomments&post=19937"}],"version-history":[{"count":1,"href":"https:\/\/montreux-vieux.net\/index.php?rest_route=\/wp\/v2\/pages\/19937\/revisions"}],"predecessor-version":[{"id":19938,"href":"https:\/\/montreux-vieux.net\/index.php?rest_route=\/wp\/v2\/pages\/19937\/revisions\/19938"}],"up":[{"embeddable":true,"href":"https:\/\/montreux-vieux.net\/index.php?rest_route=\/wp\/v2\/pages\/13044"}],"wp:attachment":[{"href":"https:\/\/montreux-vieux.net\/index.php?rest_route=%2Fwp%2Fv2%2Fmedia&parent=19937"}],"curies":[{"name":"wp","href":"https:\/\/api.w.org\/{rel}","templated":true}]}}