{"id":19939,"date":"2020-07-02T16:44:37","date_gmt":"2020-07-02T15:44:37","guid":{"rendered":"http:\/\/montreux-vieux.net\/?page_id=19939"},"modified":"2020-07-02T16:44:37","modified_gmt":"2020-07-02T15:44:37","slug":"un-ouragan-le-28-aout-1890","status":"publish","type":"page","link":"https:\/\/montreux-vieux.net\/?page_id=19939","title":{"rendered":"Un ouragan le 28 ao\u00fbt 1890"},"content":{"rendered":"\n<p>Alt M\u00fcnsterol , (Montreux-Vieux). \u2014 On nous \u00e9crit le 28 : Hier apr\u00e8s-midi, vers les 5 heures, un vent chaud soufflait du sud est. Une demi-heure apr\u00e8s, un orage tr\u00e8s violent a \u00e9clat\u00e9 sur toute la contr\u00e9e d\u00e9racinant un grand nombre d\u2019arbres et d\u00e9truisant la plus grande partie de la r\u00e9colte qui n\u2019\u00e9tait pas encore rentr\u00e9e. Les arbres fruitiers ont surtout eu beaucoup \u00e0 souffrir. Un grand nombre de toits ont \u00e9t\u00e9 en partie d\u00e9molis ; la chemin\u00e9e de la mairie a \u00e9t\u00e9 renvers\u00e9e par l\u2019ouragan.<\/p>\n\n\n\n<p>Sources&nbsp;: Express 29 ao\u00fbt 1890<\/p>\n","protected":false},"excerpt":{"rendered":"<p>Alt M\u00fcnsterol , (Montreux-Vieux). \u2014 On nous \u00e9crit le 28 : Hier apr\u00e8s-midi, vers les 5 heures, un vent chaud soufflait du sud est. Une demi-heure apr\u00e8s, un orage tr\u00e8s violent a \u00e9clat\u00e9 sur toute la contr\u00e9e d\u00e9racinant un grand &hellip; <a href=\"https:\/\/montreux-vieux.net\/?page_id=19939\">Continuer la lecture <span class=\"meta-nav\">&rarr;<\/span><\/a><\/p>\n","protected":false},"author":1,"featured_media":0,"parent":13044,"menu_order":295,"comment_status":"closed","ping_status":"open","template":"","meta":{"footnotes":""},"class_list":["post-19939","page","type-page","status-publish","hentry"],"_links":{"self":[{"href":"https:\/\/montreux-vieux.net\/index.php?rest_route=\/wp\/v2\/pages\/19939","targetHints":{"allow":["GET"]}}],"collection":[{"href":"https:\/\/montreux-vieux.net\/index.php?rest_route=\/wp\/v2\/pages"}],"about":[{"href":"https:\/\/montreux-vieux.net\/index.php?rest_route=\/wp\/v2\/types\/page"}],"author":[{"embeddable":true,"href":"https:\/\/montreux-vieux.net\/index.php?rest_route=\/wp\/v2\/users\/1"}],"replies":[{"embeddable":true,"href":"https:\/\/montreux-vieux.net\/index.php?rest_route=%2Fwp%2Fv2%2Fcomments&post=19939"}],"version-history":[{"count":1,"href":"https:\/\/montreux-vieux.net\/index.php?rest_route=\/wp\/v2\/pages\/19939\/revisions"}],"predecessor-version":[{"id":19940,"href":"https:\/\/montreux-vieux.net\/index.php?rest_route=\/wp\/v2\/pages\/19939\/revisions\/19940"}],"up":[{"embeddable":true,"href":"https:\/\/montreux-vieux.net\/index.php?rest_route=\/wp\/v2\/pages\/13044"}],"wp:attachment":[{"href":"https:\/\/montreux-vieux.net\/index.php?rest_route=%2Fwp%2Fv2%2Fmedia&parent=19939"}],"curies":[{"name":"wp","href":"https:\/\/api.w.org\/{rel}","templated":true}]}}