{"id":19949,"date":"2020-07-03T09:32:52","date_gmt":"2020-07-03T08:32:52","guid":{"rendered":"http:\/\/montreux-vieux.net\/?page_id=19949"},"modified":"2020-07-03T09:32:52","modified_gmt":"2020-07-03T08:32:52","slug":"encore-une-rixe-sanglante","status":"publish","type":"page","link":"https:\/\/montreux-vieux.net\/?page_id=19949","title":{"rendered":"Encore une rixe sanglante."},"content":{"rendered":"\n<p>MONTREUX VIEUX. \u2014 Encore une rixe sanglante. \u2014 Dimanche, dans la soir\u00e9e &nbsp;une rixe terrible a \u00e9clat\u00e9 sur le &nbsp;champ de la foire qui se tient ce moment. Quelque- jeunes &nbsp;&nbsp;du village s\u2019en prirent de querelle avec un forain. Celui ci &nbsp;gifla un des jeunes gens &#8211; et prit la fuite. &nbsp;Les &nbsp;autres &nbsp;le &nbsp;poursuivirent et le rejoignirent non loin de l\u2019 \u00e9glise. La bataille reprit de plus &nbsp;belle et le forain, sortant son couteau en &nbsp;porta un coup a un jeune homme qu\u2019il atteignit en pleine poitrine. Puis- il s&rsquo;enfuit \u00e0 nouveau. Le jeune homme s\u2019effondra mortellement bless\u00e9. On pr\u00e9vint le m\u00e9decin. Ce dernier lui donna les soins utiles, le fit transporter chez lui et lundi, de bon matin. \u00e0 l\u2019h\u00f4pital. Les gendarmes furent bient\u00f4t sur les &nbsp;lieux ; une enqu\u00eate est ouverte.<\/p>\n\n\n\n<p>Sources&nbsp;: L\u2019Express de Mulhouse 6 ao\u00fbt 1926<\/p>\n","protected":false},"excerpt":{"rendered":"<p>MONTREUX VIEUX. \u2014 Encore une rixe sanglante. \u2014 Dimanche, dans la soir\u00e9e &nbsp;une rixe terrible a \u00e9clat\u00e9 sur le &nbsp;champ de la foire qui se tient ce moment. Quelque- jeunes &nbsp;&nbsp;du village s\u2019en prirent de querelle avec un forain. Celui &hellip; <a href=\"https:\/\/montreux-vieux.net\/?page_id=19949\">Continuer la lecture <span class=\"meta-nav\">&rarr;<\/span><\/a><\/p>\n","protected":false},"author":1,"featured_media":0,"parent":13044,"menu_order":300,"comment_status":"closed","ping_status":"open","template":"","meta":{"footnotes":""},"class_list":["post-19949","page","type-page","status-publish","hentry"],"_links":{"self":[{"href":"https:\/\/montreux-vieux.net\/index.php?rest_route=\/wp\/v2\/pages\/19949","targetHints":{"allow":["GET"]}}],"collection":[{"href":"https:\/\/montreux-vieux.net\/index.php?rest_route=\/wp\/v2\/pages"}],"about":[{"href":"https:\/\/montreux-vieux.net\/index.php?rest_route=\/wp\/v2\/types\/page"}],"author":[{"embeddable":true,"href":"https:\/\/montreux-vieux.net\/index.php?rest_route=\/wp\/v2\/users\/1"}],"replies":[{"embeddable":true,"href":"https:\/\/montreux-vieux.net\/index.php?rest_route=%2Fwp%2Fv2%2Fcomments&post=19949"}],"version-history":[{"count":1,"href":"https:\/\/montreux-vieux.net\/index.php?rest_route=\/wp\/v2\/pages\/19949\/revisions"}],"predecessor-version":[{"id":19950,"href":"https:\/\/montreux-vieux.net\/index.php?rest_route=\/wp\/v2\/pages\/19949\/revisions\/19950"}],"up":[{"embeddable":true,"href":"https:\/\/montreux-vieux.net\/index.php?rest_route=\/wp\/v2\/pages\/13044"}],"wp:attachment":[{"href":"https:\/\/montreux-vieux.net\/index.php?rest_route=%2Fwp%2Fv2%2Fmedia&parent=19949"}],"curies":[{"name":"wp","href":"https:\/\/api.w.org\/{rel}","templated":true}]}}