{"id":19954,"date":"2020-07-03T09:43:03","date_gmt":"2020-07-03T08:43:03","guid":{"rendered":"http:\/\/montreux-vieux.net\/?page_id=19954"},"modified":"2020-07-03T09:43:03","modified_gmt":"2020-07-03T08:43:03","slug":"un-cheminot-ecrase-par-un-train","status":"publish","type":"page","link":"https:\/\/montreux-vieux.net\/?page_id=19954","title":{"rendered":"Un cheminot \u00e9cras\u00e9 par un train"},"content":{"rendered":"\n<p>Un cheminot \u00e9cras\u00e9 par un train Hier matin un cheminot de Montreux-Vieux, M. Kirchhofer, \u00e2g\u00e9 de &#8211; 50 ans, suivait les rails du chemin de fer de ceinture et, plong\u00e9 dans ses pens\u00e9es, il n\u2019entendit pas venir un train gui le heurta violemment. L\u2019infortun\u00e9 cheminot, gri\u00e8vement bless\u00e9, a \u00e9t\u00e9 transport\u00e9 au Hasenrain.<\/p>\n\n\n\n<p>Sources&nbsp;: L\u2019Express de Mulhouse 17 septembre 1932<\/p>\n","protected":false},"excerpt":{"rendered":"<p>Un cheminot \u00e9cras\u00e9 par un train Hier matin un cheminot de Montreux-Vieux, M. Kirchhofer, \u00e2g\u00e9 de &#8211; 50 ans, suivait les rails du chemin de fer de ceinture et, plong\u00e9 dans ses pens\u00e9es, il n\u2019entendit pas venir un train gui &hellip; <a href=\"https:\/\/montreux-vieux.net\/?page_id=19954\">Continuer la lecture <span class=\"meta-nav\">&rarr;<\/span><\/a><\/p>\n","protected":false},"author":1,"featured_media":0,"parent":13044,"menu_order":305,"comment_status":"closed","ping_status":"open","template":"","meta":{"footnotes":""},"class_list":["post-19954","page","type-page","status-publish","hentry"],"_links":{"self":[{"href":"https:\/\/montreux-vieux.net\/index.php?rest_route=\/wp\/v2\/pages\/19954","targetHints":{"allow":["GET"]}}],"collection":[{"href":"https:\/\/montreux-vieux.net\/index.php?rest_route=\/wp\/v2\/pages"}],"about":[{"href":"https:\/\/montreux-vieux.net\/index.php?rest_route=\/wp\/v2\/types\/page"}],"author":[{"embeddable":true,"href":"https:\/\/montreux-vieux.net\/index.php?rest_route=\/wp\/v2\/users\/1"}],"replies":[{"embeddable":true,"href":"https:\/\/montreux-vieux.net\/index.php?rest_route=%2Fwp%2Fv2%2Fcomments&post=19954"}],"version-history":[{"count":1,"href":"https:\/\/montreux-vieux.net\/index.php?rest_route=\/wp\/v2\/pages\/19954\/revisions"}],"predecessor-version":[{"id":19955,"href":"https:\/\/montreux-vieux.net\/index.php?rest_route=\/wp\/v2\/pages\/19954\/revisions\/19955"}],"up":[{"embeddable":true,"href":"https:\/\/montreux-vieux.net\/index.php?rest_route=\/wp\/v2\/pages\/13044"}],"wp:attachment":[{"href":"https:\/\/montreux-vieux.net\/index.php?rest_route=%2Fwp%2Fv2%2Fmedia&parent=19954"}],"curies":[{"name":"wp","href":"https:\/\/api.w.org\/{rel}","templated":true}]}}