{"id":19965,"date":"2020-07-04T10:22:03","date_gmt":"2020-07-04T09:22:03","guid":{"rendered":"http:\/\/montreux-vieux.net\/?page_id=19965"},"modified":"2020-07-13T14:37:29","modified_gmt":"2020-07-13T13:37:29","slug":"mort-tragique-dun-contrebandier","status":"publish","type":"page","link":"https:\/\/montreux-vieux.net\/?page_id=19965","title":{"rendered":"Mort Tragique d\u2019un contrebandier"},"content":{"rendered":"\n<p>Mort Tragique d\u2019un contrebandier. On \u00e9crit de Montreux-Vieux au Journal d Alsace<\/p>\n\n\n\n<p>&nbsp;Le 11 de ce mois, un jeune homme arriv\u00e9 dans une voiture \u00e0 Montreux-Vieux a offert en vente des montres dans plusieurs maisons de cette commune. Le gendarme stationn\u00e9 dans la localit\u00e9, ayant trouv\u00e9 en possession de l&rsquo;inconnu un paquet de soie, a voulu conduire le jeune homme au bureau de la douane, pour lui faire payer un droit d\u2019entr\u00e9e. En chemin, le&nbsp; jeune homme ayant demand\u00e9 \u00e0 satisfaire un besoin, a saut\u00e9 le foss\u00e9 de la route et s\u2019est cach\u00e9 derri\u00e8re un buisson.<\/p>\n\n\n\n<p>&nbsp;Quelques instants apr\u00e8s, il a voulu prendre la fuite, mais a \u00e9t\u00e9 poursuivi tout aussit\u00f4t par le gendarme, qui a fait une chute dans un foss\u00e9 qu\u2019il n&rsquo; avait pas aper\u00e7u. Ce dernier a cri\u00e9 a plusieurs reprises au fuyard de s&rsquo;arr\u00eater, en le mena\u00e7ant de faire feu s\u2019il n&rsquo;ob\u00e9issait pas. Le fuyard continuant sa course, le gendarme a  fait usage de sa carabine ; le projectile a atteint le jeune homme dans le dos, et lui a perfore I\u2019estomac ; la mort a \u00e9t\u00e9 presque instantan\u00e9e. On a trouv\u00e9 sur l\u2019inconnu, qui parait avoir \u00e9t\u00e9 soldat fran\u00e7ais et qui portait une chemise d\u2019ordonnance, un paquet de montres<\/p>\n\n\n\n<p>Sources\u00a0: Le Phare de la Loire 16 mai 1882<\/p>\n\n\n\n<p>Autre article<\/p>\n\n\n\n<p>On \u00e9crit de Montreux-Vieux au Journal d&rsquo;Alsace :<\/p>\n\n\n\n<p>Le 11 de ce mois, un jeune homme, arriv\u00e9 dans une voiture \u00e0 Montreux-Vieux, a offert en vente des montres dans plusieurs maisons de cette commune. Le gendarme stationn\u00e9 dans la localit\u00e9, ayant trouv\u00e9 en possession de l&rsquo;inconnu un paquet de soie, a voulu conduire le jeune homme au bureau de la douane pour lui faire payer un droit d&rsquo;entr\u00e9e. En chemin, le jeune homme ayant demand\u00e9 \u00e0 satisfaire un besoin, a saut\u00e9 le foss\u00e9 de la route et s&rsquo;est cach\u00e9 derri\u00e8re un buisson.<\/p>\n\n\n\n<p>Quelques instants apr\u00e8s il a voulu prendre la fuite, mais a \u00e9t\u00e9 poursuivi tout aussit\u00f4t par le gendarme, qui a fait une chute dans un foss\u00e9 qu&rsquo;il n&rsquo;avait pas aper\u00e7u. Ce dernier a cri\u00e9 \u00e0 plusieurs reprises au fuyard de s&rsquo;arr\u00eater en le mena\u00e7ant de faire feu s&rsquo;il n&rsquo;ob\u00e9issait pas.<\/p>\n\n\n\n<p>Le fuyard continuant sa course, le gendarme a fait usage de sa carabine : le projectile a atteint le jeune homme dans le dos et lui a perfor\u00e9 l&rsquo;estomac ; la mort a \u00e9t\u00e9 presque instantan\u00e9e. On a trouv\u00e9 sur l&rsquo;inconnu, qui parait avoir \u00e9t\u00e9 soldat et qui portait une chemise d&rsquo;ordonnance, un paquet de montres.<\/p>\n\n\n\n<p>Sources&nbsp;: Le Rappel 20 mai 1882<\/p>\n","protected":false},"excerpt":{"rendered":"<p>Mort Tragique d\u2019un contrebandier. On \u00e9crit de Montreux-Vieux au Journal d Alsace &nbsp;Le 11 de ce mois, un jeune homme arriv\u00e9 dans une voiture \u00e0 Montreux-Vieux a offert en vente des montres dans plusieurs maisons de cette commune. Le gendarme &hellip; <a href=\"https:\/\/montreux-vieux.net\/?page_id=19965\">Continuer la lecture <span class=\"meta-nav\">&rarr;<\/span><\/a><\/p>\n","protected":false},"author":1,"featured_media":0,"parent":13044,"menu_order":310,"comment_status":"closed","ping_status":"open","template":"","meta":{"footnotes":""},"class_list":["post-19965","page","type-page","status-publish","hentry"],"_links":{"self":[{"href":"https:\/\/montreux-vieux.net\/index.php?rest_route=\/wp\/v2\/pages\/19965","targetHints":{"allow":["GET"]}}],"collection":[{"href":"https:\/\/montreux-vieux.net\/index.php?rest_route=\/wp\/v2\/pages"}],"about":[{"href":"https:\/\/montreux-vieux.net\/index.php?rest_route=\/wp\/v2\/types\/page"}],"author":[{"embeddable":true,"href":"https:\/\/montreux-vieux.net\/index.php?rest_route=\/wp\/v2\/users\/1"}],"replies":[{"embeddable":true,"href":"https:\/\/montreux-vieux.net\/index.php?rest_route=%2Fwp%2Fv2%2Fcomments&post=19965"}],"version-history":[{"count":2,"href":"https:\/\/montreux-vieux.net\/index.php?rest_route=\/wp\/v2\/pages\/19965\/revisions"}],"predecessor-version":[{"id":20102,"href":"https:\/\/montreux-vieux.net\/index.php?rest_route=\/wp\/v2\/pages\/19965\/revisions\/20102"}],"up":[{"embeddable":true,"href":"https:\/\/montreux-vieux.net\/index.php?rest_route=\/wp\/v2\/pages\/13044"}],"wp:attachment":[{"href":"https:\/\/montreux-vieux.net\/index.php?rest_route=%2Fwp%2Fv2%2Fmedia&parent=19965"}],"curies":[{"name":"wp","href":"https:\/\/api.w.org\/{rel}","templated":true}]}}